{"id":1058,"date":"2024-12-25T18:37:05","date_gmt":"2024-12-25T16:37:05","guid":{"rendered":"https:\/\/djfuturo.com\/fr\/?page_id=1058"},"modified":"2024-12-25T18:41:33","modified_gmt":"2024-12-25T16:41:33","slug":"fiche-djuced","status":"publish","type":"page","link":"https:\/\/djfuturo.com\/fr\/fiche-djuced\/","title":{"rendered":"Fiche DJUCED"},"content":{"rendered":"<h2 style=\"text-align: center;\">T\u00e9l\u00e9charger DJUCED<\/h2>\n<p><script async src=\"https:\/\/pagead2.googlesyndication.com\/pagead\/js\/adsbygoogle.js?client=ca-pub-4313414132612852\" crossorigin=\"anonymous\"><\/script><ins class=\"adsbygoogle\" style=\"display: block;\" data-ad-client=\"ca-pub-4313414132612852\" data-ad-slot=\"5567138591\" data-ad-format=\"auto\" data-full-width-responsive=\"true\"><\/ins><script>\n     (adsbygoogle = window.adsbygoogle || []).push({});\n<\/script><\/p>\n<p><img loading=\"lazy\" decoding=\"async\" class=\"size-medium wp-image-422 aligncenter\" src=\"https:\/\/djfuturo.com\/fr\/wp-content\/uploads\/telecharger-djuced-300x203.jpeg\" alt=\"T\u00e9l\u00e9charger DJUCED\" width=\"300\" height=\"203\" srcset=\"https:\/\/djfuturo.com\/fr\/wp-content\/uploads\/telecharger-djuced-300x203.jpeg 300w, https:\/\/djfuturo.com\/fr\/wp-content\/uploads\/telecharger-djuced.jpeg 492w\" sizes=\"auto, (max-width: 300px) 100vw, 300px\" \/><\/p>\n<h3 style=\"text-align: center;\">T\u00e9l\u00e9chargez DJUCED pour Windows<\/h3>\n<p style=\"text-align: center;\"><a href=\"https:\/\/www.djuced.com\/downloaddjuced\/\" class=\"su-button su-button-style-default\" style=\"color:#242121;background-color:#d9eee1;border-color:#aebfb4;border-radius:40px\" target=\"_blank\" rel=\"noopener noreferrer\"><span style=\"color:#242121;padding:7px 20px;font-size:16px;line-height:24px;border-color:#e5f4ea;border-radius:40px;text-shadow:none\"><i class=\"sui sui-download\" style=\"font-size:16px;color:#1a2430\"><\/i> T\u00e9l\u00e9charger pour Windows<\/span><\/a><div class=\"su-spacer\" style=\"height:30px\"><\/div>\n<h3 style=\"text-align: center;\">T\u00e9l\u00e9chargez DJUCED pour Mac<\/h3>\n<p style=\"text-align: center;\"><a href=\"https:\/\/www.djuced.com\/downloaddjuced\/\" class=\"su-button su-button-style-default\" style=\"color:#242121;background-color:#d9eee1;border-color:#aebfb4;border-radius:40px\" target=\"_blank\" rel=\"noopener noreferrer\"><span style=\"color:#242121;padding:7px 20px;font-size:16px;line-height:24px;border-color:#e5f4ea;border-radius:40px;text-shadow:none\"><i class=\"sui sui-download\" style=\"font-size:16px;color:#1a2430\"><\/i> T\u00e9l\u00e9charger pour Mac<\/span><\/a><div class=\"su-spacer\" style=\"height:30px\"><\/div>\n<div class=\"su-note post\"  style=\"border-color:#e5e5e5;\"><div class=\"su-note-inner su-u-clearfix su-u-trim\" style=\"background-color:#ffffff;border-color:#ffffff;color:#333333;\">\u2705 Il s&rsquo;agit de la <strong>derni\u00e8re version<\/strong> disponible.<br \/>\n\u2705\u00a0 <strong>T\u00e9l\u00e9chargement rapide et s\u00e9curis\u00e9<\/strong>, le lien provient de la source officielle.<br \/>\n\u2139 Le t\u00e9l\u00e9chargement de DJUCED est enti\u00e8rement gratuit, vous pouvez l\u2019utiliser sans mat\u00e9riel ou avec des contr\u00f4leurs Hercules.<br \/>\n\u2139\u00a0Configuration requise : Windows 10 (64 bits) ou Mac OSX 10.13 minimum, avec au moins 4 Go de RAM. <\/div><\/div>\n<blockquote><p>Profitez de DJUCED \ud83d\ude42<\/p><\/blockquote>\n","protected":false},"excerpt":{"rendered":"<p>T\u00e9l\u00e9charger DJUCED T\u00e9l\u00e9chargez DJUCED pour Windows T\u00e9l\u00e9chargez DJUCED pour Mac Profitez de DJUCED \ud83d\ude42<\/p>\n","protected":false},"author":1,"featured_media":0,"parent":0,"menu_order":0,"comment_status":"closed","ping_status":"closed","template":"","meta":{"footnotes":""},"class_list":["post-1058","page","type-page","status-publish","hentry","wpbf-post"],"yoast_head":"<!-- This site is optimized with the Yoast SEO plugin v24.2 - https:\/\/yoast.com\/wordpress\/plugins\/seo\/ -->\n<title>Fiche DJUCED | DJFuturo FR<\/title>\n<meta name=\"robots\" content=\"noindex, follow\" \/>\n<meta property=\"og:locale\" content=\"fr_FR\" \/>\n<meta property=\"og:type\" content=\"article\" \/>\n<meta property=\"og:title\" content=\"Fiche DJUCED | DJFuturo FR\" \/>\n<meta property=\"og:description\" content=\"T\u00e9l\u00e9charger DJUCED T\u00e9l\u00e9chargez DJUCED pour Windows T\u00e9l\u00e9chargez DJUCED pour Mac Profitez de DJUCED \ud83d\ude42\" \/>\n<meta property=\"og:url\" content=\"https:\/\/djfuturo.com\/fr\/fiche-djuced\/\" \/>\n<meta property=\"og:site_name\" content=\"DJFuturo FR\" \/>\n<meta property=\"article:modified_time\" content=\"2024-12-25T16:41:33+00:00\" \/>\n<meta property=\"og:image\" content=\"https:\/\/djfuturo.com\/fr\/wp-content\/uploads\/telecharger-djuced-300x203.jpeg\" \/>\n<meta name=\"twitter:card\" content=\"summary_large_image\" \/>\n<meta name=\"twitter:label1\" content=\"Dur\u00e9e de lecture estim\u00e9e\" \/>\n\t<meta name=\"twitter:data1\" content=\"1 minute\" \/>\n<script type=\"application\/ld+json\" class=\"yoast-schema-graph\">{\"@context\":\"https:\/\/schema.org\",\"@graph\":[{\"@type\":\"WebPage\",\"@id\":\"https:\/\/djfuturo.com\/fr\/fiche-djuced\/\",\"url\":\"https:\/\/djfuturo.com\/fr\/fiche-djuced\/\",\"name\":\"Fiche DJUCED | DJFuturo FR\",\"isPartOf\":{\"@id\":\"https:\/\/djfuturo.com\/fr\/#website\"},\"primaryImageOfPage\":{\"@id\":\"https:\/\/djfuturo.com\/fr\/fiche-djuced\/#primaryimage\"},\"image\":{\"@id\":\"https:\/\/djfuturo.com\/fr\/fiche-djuced\/#primaryimage\"},\"thumbnailUrl\":\"https:\/\/djfuturo.com\/fr\/wp-content\/uploads\/telecharger-djuced-300x203.jpeg\",\"datePublished\":\"2024-12-25T16:37:05+00:00\",\"dateModified\":\"2024-12-25T16:41:33+00:00\",\"breadcrumb\":{\"@id\":\"https:\/\/djfuturo.com\/fr\/fiche-djuced\/#breadcrumb\"},\"inLanguage\":\"fr-FR\",\"potentialAction\":[{\"@type\":\"ReadAction\",\"target\":[\"https:\/\/djfuturo.com\/fr\/fiche-djuced\/\"]}]},{\"@type\":\"ImageObject\",\"inLanguage\":\"fr-FR\",\"@id\":\"https:\/\/djfuturo.com\/fr\/fiche-djuced\/#primaryimage\",\"url\":\"https:\/\/djfuturo.com\/fr\/wp-content\/uploads\/telecharger-djuced.jpeg\",\"contentUrl\":\"https:\/\/djfuturo.com\/fr\/wp-content\/uploads\/telecharger-djuced.jpeg\",\"width\":492,\"height\":333,\"caption\":\"T\u00e9l\u00e9charger DJUCED\"},{\"@type\":\"BreadcrumbList\",\"@id\":\"https:\/\/djfuturo.com\/fr\/fiche-djuced\/#breadcrumb\",\"itemListElement\":[{\"@type\":\"ListItem\",\"position\":1,\"name\":\"Inicio\",\"item\":\"https:\/\/djfuturo.com\/fr\/\"},{\"@type\":\"ListItem\",\"position\":2,\"name\":\"Fiche DJUCED\"}]},{\"@type\":\"WebSite\",\"@id\":\"https:\/\/djfuturo.com\/fr\/#website\",\"url\":\"https:\/\/djfuturo.com\/fr\/\",\"name\":\"DJFuturo FR\",\"description\":\"Logiciels, IA, plugins et outils pour la musique et l\u2019audio.\",\"publisher\":{\"@id\":\"https:\/\/djfuturo.com\/fr\/#organization\"},\"potentialAction\":[{\"@type\":\"SearchAction\",\"target\":{\"@type\":\"EntryPoint\",\"urlTemplate\":\"https:\/\/djfuturo.com\/fr\/?s={search_term_string}\"},\"query-input\":{\"@type\":\"PropertyValueSpecification\",\"valueRequired\":true,\"valueName\":\"search_term_string\"}}],\"inLanguage\":\"fr-FR\"},{\"@type\":\"Organization\",\"@id\":\"https:\/\/djfuturo.com\/fr\/#organization\",\"name\":\"DJ Futuro FR\",\"url\":\"https:\/\/djfuturo.com\/fr\/\",\"logo\":{\"@type\":\"ImageObject\",\"inLanguage\":\"fr-FR\",\"@id\":\"https:\/\/djfuturo.com\/fr\/#\/schema\/logo\/image\/\",\"url\":\"https:\/\/djfuturo.com\/fr\/wp-content\/uploads\/logo-DJFuturo-2.0.png\",\"contentUrl\":\"https:\/\/djfuturo.com\/fr\/wp-content\/uploads\/logo-DJFuturo-2.0.png\",\"width\":696,\"height\":232,\"caption\":\"DJ Futuro FR\"},\"image\":{\"@id\":\"https:\/\/djfuturo.com\/fr\/#\/schema\/logo\/image\/\"}}]}<\/script>\n<!-- \/ Yoast SEO plugin. -->","yoast_head_json":{"title":"Fiche DJUCED | DJFuturo FR","robots":{"index":"noindex","follow":"follow"},"og_locale":"fr_FR","og_type":"article","og_title":"Fiche DJUCED | DJFuturo FR","og_description":"T\u00e9l\u00e9charger DJUCED T\u00e9l\u00e9chargez DJUCED pour Windows T\u00e9l\u00e9chargez DJUCED pour Mac Profitez de DJUCED \ud83d\ude42","og_url":"https:\/\/djfuturo.com\/fr\/fiche-djuced\/","og_site_name":"DJFuturo FR","article_modified_time":"2024-12-25T16:41:33+00:00","og_image":[{"url":"https:\/\/djfuturo.com\/fr\/wp-content\/uploads\/telecharger-djuced-300x203.jpeg","type":"","width":"","height":""}],"twitter_card":"summary_large_image","twitter_misc":{"Dur\u00e9e de lecture estim\u00e9e":"1 minute"},"schema":{"@context":"https:\/\/schema.org","@graph":[{"@type":"WebPage","@id":"https:\/\/djfuturo.com\/fr\/fiche-djuced\/","url":"https:\/\/djfuturo.com\/fr\/fiche-djuced\/","name":"Fiche DJUCED | DJFuturo FR","isPartOf":{"@id":"https:\/\/djfuturo.com\/fr\/#website"},"primaryImageOfPage":{"@id":"https:\/\/djfuturo.com\/fr\/fiche-djuced\/#primaryimage"},"image":{"@id":"https:\/\/djfuturo.com\/fr\/fiche-djuced\/#primaryimage"},"thumbnailUrl":"https:\/\/djfuturo.com\/fr\/wp-content\/uploads\/telecharger-djuced-300x203.jpeg","datePublished":"2024-12-25T16:37:05+00:00","dateModified":"2024-12-25T16:41:33+00:00","breadcrumb":{"@id":"https:\/\/djfuturo.com\/fr\/fiche-djuced\/#breadcrumb"},"inLanguage":"fr-FR","potentialAction":[{"@type":"ReadAction","target":["https:\/\/djfuturo.com\/fr\/fiche-djuced\/"]}]},{"@type":"ImageObject","inLanguage":"fr-FR","@id":"https:\/\/djfuturo.com\/fr\/fiche-djuced\/#primaryimage","url":"https:\/\/djfuturo.com\/fr\/wp-content\/uploads\/telecharger-djuced.jpeg","contentUrl":"https:\/\/djfuturo.com\/fr\/wp-content\/uploads\/telecharger-djuced.jpeg","width":492,"height":333,"caption":"T\u00e9l\u00e9charger DJUCED"},{"@type":"BreadcrumbList","@id":"https:\/\/djfuturo.com\/fr\/fiche-djuced\/#breadcrumb","itemListElement":[{"@type":"ListItem","position":1,"name":"Inicio","item":"https:\/\/djfuturo.com\/fr\/"},{"@type":"ListItem","position":2,"name":"Fiche DJUCED"}]},{"@type":"WebSite","@id":"https:\/\/djfuturo.com\/fr\/#website","url":"https:\/\/djfuturo.com\/fr\/","name":"DJFuturo FR","description":"Logiciels, IA, plugins et outils pour la musique et l\u2019audio.","publisher":{"@id":"https:\/\/djfuturo.com\/fr\/#organization"},"potentialAction":[{"@type":"SearchAction","target":{"@type":"EntryPoint","urlTemplate":"https:\/\/djfuturo.com\/fr\/?s={search_term_string}"},"query-input":{"@type":"PropertyValueSpecification","valueRequired":true,"valueName":"search_term_string"}}],"inLanguage":"fr-FR"},{"@type":"Organization","@id":"https:\/\/djfuturo.com\/fr\/#organization","name":"DJ Futuro FR","url":"https:\/\/djfuturo.com\/fr\/","logo":{"@type":"ImageObject","inLanguage":"fr-FR","@id":"https:\/\/djfuturo.com\/fr\/#\/schema\/logo\/image\/","url":"https:\/\/djfuturo.com\/fr\/wp-content\/uploads\/logo-DJFuturo-2.0.png","contentUrl":"https:\/\/djfuturo.com\/fr\/wp-content\/uploads\/logo-DJFuturo-2.0.png","width":696,"height":232,"caption":"DJ Futuro FR"},"image":{"@id":"https:\/\/djfuturo.com\/fr\/#\/schema\/logo\/image\/"}}]}},"_links":{"self":[{"href":"https:\/\/djfuturo.com\/fr\/wp-json\/wp\/v2\/pages\/1058","targetHints":{"allow":["GET"]}}],"collection":[{"href":"https:\/\/djfuturo.com\/fr\/wp-json\/wp\/v2\/pages"}],"about":[{"href":"https:\/\/djfuturo.com\/fr\/wp-json\/wp\/v2\/types\/page"}],"author":[{"embeddable":true,"href":"https:\/\/djfuturo.com\/fr\/wp-json\/wp\/v2\/users\/1"}],"replies":[{"embeddable":true,"href":"https:\/\/djfuturo.com\/fr\/wp-json\/wp\/v2\/comments?post=1058"}],"version-history":[{"count":1,"href":"https:\/\/djfuturo.com\/fr\/wp-json\/wp\/v2\/pages\/1058\/revisions"}],"predecessor-version":[{"id":1059,"href":"https:\/\/djfuturo.com\/fr\/wp-json\/wp\/v2\/pages\/1058\/revisions\/1059"}],"wp:attachment":[{"href":"https:\/\/djfuturo.com\/fr\/wp-json\/wp\/v2\/media?parent=1058"}],"curies":[{"name":"wp","href":"https:\/\/api.w.org\/{rel}","templated":true}]}}