{"id":12,"date":"2023-02-04T21:38:15","date_gmt":"2023-02-04T21:38:15","guid":{"rendered":"https:\/\/djfuturo.com\/fr\/?page_id=12"},"modified":"2026-01-26T14:47:51","modified_gmt":"2026-01-26T12:47:51","slug":"a-propos","status":"publish","type":"page","link":"https:\/\/djfuturo.com\/fr\/a-propos\/","title":{"rendered":"\u00c0 propos"},"content":{"rendered":"<section class=\"about-editorial is-first\" style=\"background-image: url('https:\/\/djfuturo.com\/fr\/wp-content\/uploads\/djfuturo-.jpg');\">\n<div class=\"about-editorial-overlay\">\n<p><img loading=\"lazy\" decoding=\"async\" class=\"aligncenter wp-image-3013 size-full\" src=\"https:\/\/djfuturo.com\/fr\/wp-content\/uploads\/djfuturo-about-logo-.png\" alt=\"Logo DJFuturo : logiciels, plugins, IA et outils pour la musique et l\u2019audio.\" width=\"470\" height=\"149\" srcset=\"https:\/\/djfuturo.com\/fr\/wp-content\/uploads\/djfuturo-about-logo-.png 470w, https:\/\/djfuturo.com\/fr\/wp-content\/uploads\/djfuturo-about-logo--300x95.png 300w\" sizes=\"auto, (max-width: 470px) 100vw, 470px\" \/><\/p>\n<p class=\"frase-about\" style=\"text-align: center;\"><em><span style=\"font-size: 18pt;\"><strong>Logiciels, plugins, IA et outils pour la musique et l\u2019audio.<\/strong><\/span><\/em><\/p>\n<div class=\"su-spacer\" style=\"height:40px\"><\/div>\n<div class=\"about-editorial-grid\">\n<div class=\"about-editorial-title\">\n<h2><span style=\"font-size: 16pt;\">Qu\u2019est-ce que<\/span> DJFuturo<\/h2>\n<\/div>\n<div class=\"about-editorial-body\">\n<div class=\"about-editorial-content\">\n<ul>\n<li>DJFuturo est une plateforme sp\u00e9cialis\u00e9e d\u00e9di\u00e9e aux logiciels pour la musique et l\u2019audio.<\/li>\n<li>Nous analysons et s\u00e9lectionnons des outils utilis\u00e9s par les cr\u00e9ateurs, producteurs, DJs et professionnels de l\u2019audio, dans tous les domaines.<\/li>\n<li>Le projet combine du contenu \u00e9ditorial, des classements et des ressources, avec des fiches d\u2019acc\u00e8s et de t\u00e9l\u00e9chargement de logiciels officiels ou d\u2019outils en ligne, afin d\u2019aider les utilisateurs \u00e0 d\u00e9couvrir des solutions pertinentes.<\/li>\n<li>Notre objectif n\u2019est pas simplement de lister des logiciels, mais d\u2019apporter du contexte, des comparatifs, des descriptions claires et des recommandations bas\u00e9es sur l\u2019exp\u00e9rience, la recherche et l\u2019usage r\u00e9el des outils.<\/li>\n<\/ul>\n<\/div>\n<div class=\"about-editorial-quote\">\n<blockquote><p>\u00ab DJFuturo fonctionne comme un laboratoire d\u2019outils audio o\u00f9 explorer et trouver des solutions utiles. \u00bb<\/p><\/blockquote>\n<\/div>\n<\/div>\n<\/div>\n<\/div>\n<\/section>\n<section class=\"about-editorial is-light is-reverse\">\n<div class=\"about-editorial-overlay\">\n<div class=\"about-editorial-grid\">\n<div class=\"about-editorial-title\">\n<h2>Origines et \u00e9volution<\/h2>\n<\/div>\n<div class=\"about-editorial-body\">\n<div class=\"about-editorial-content\">\n<p>DJFuturo est n\u00e9 en 2020 comme un projet centr\u00e9 sur les logiciels DJ, avec un guide gratuit destin\u00e9 aux d\u00e9butants. Structur\u00e9 en 12 articles ou chapitres, ce guide permettait \u00e0 des utilisateurs sans exp\u00e9rience pr\u00e9alable d\u2019apprendre \u00e0 r\u00e9aliser leurs premiers mixes, avec ou sans mat\u00e9riel, en s\u2019appuyant sur des logiciels DJ gratuits.<\/p>\n<p>Progressivement, le projet a \u00e9largi son champ d\u2019action pour couvrir l\u2019ensemble des logiciels utiles li\u00e9s \u00e0 l\u2019univers de l\u2019audio : production musicale (DAW), \u00e9dition audio, plugins, convertisseurs et autres utilitaires essentiels.<\/p>\n<p>Puis est arriv\u00e9e l\u2019intelligence artificielle. L\u2019IA est l\u00e0 pour durer, et nous la consid\u00e9rons comme un outil cr\u00e9atif suppl\u00e9mentaire, et non comme un remplacement du cr\u00e9ateur. \u00c0 ce titre, les outils audio et musicaux bas\u00e9s sur l\u2019IA occupent aujourd\u2019hui une place importante sur DJFuturo.<\/p>\n<\/div>\n<\/div>\n<\/div>\n<\/div>\n<\/section>\n<section class=\"about-editorial\" style=\"background-image: url('https:\/\/djfuturo.com\/fr\/wp-content\/uploads\/djfuturo-.jpg');\">\n<div class=\"about-editorial-overlay\">\n<div class=\"about-editorial-grid\">\n<div class=\"about-editorial-title\">\n<h2>Notre m\u00e9thode d\u2019analyse des logiciels<\/h2>\n<\/div>\n<div class=\"about-editorial-body\">\n<div class=\"about-editorial-content\">\n<ul>\n<li>Nous ne g\u00e9n\u00e9rons pas de contenu automatiquement : chaque analyse repose sur une approche humaine.<\/li>\n<li>Chaque outil est \u00e9valu\u00e9 de mani\u00e8re pratique, en tenant compte de ses usages r\u00e9els, de ses fonctionnalit\u00e9s cl\u00e9s et de sa comparaison avec des alternatives similaires.<\/li>\n<li>Notre ligne \u00e9ditoriale s\u2019appuie sur l\u2019exp\u00e9rience, les tests et la comparaison directe, et non sur une simple compilation d\u2019informations externes. Nous \u00e9vitons toute promotion trompeuse ou purement commerciale.<\/li>\n<\/ul>\n<\/div>\n<\/div>\n<\/div>\n<\/div>\n<\/section>\n<section class=\"about-editorial is-light is-reverse\">\n<div class=\"about-editorial-overlay\">\n<div class=\"about-editorial-grid\">\n<div class=\"about-editorial-title\">\n<h3>Classements<\/h3>\n<\/div>\n<div class=\"about-editorial-body\">\n<div class=\"about-editorial-content\">\n<p>Les classements et comparatifs sont au c\u0153ur du projet. Il ne s\u2019agit pas de listes fig\u00e9es, mais de guides \u00e9volutifs, mis \u00e0 jour r\u00e9guli\u00e8rement, qui permettent de comprendre quelles solutions se d\u00e9marquent dans chaque cat\u00e9gorie et pour quelles raisons.<\/p>\n<p>Notre approche favorise d\u2019abord la d\u00e9couverte des logiciels \u00e0 travers de courtes analyses, puis propose un acc\u00e8s direct aux outils. Nous privil\u00e9gions le contexte et la compr\u00e9hension avant l\u2019acc\u00e8s au t\u00e9l\u00e9chargement ou \u00e0 l\u2019utilisation des solutions recommand\u00e9es.<\/p>\n<\/div>\n<\/div>\n<\/div>\n<\/div>\n<\/section>\n<section class=\"about-editorial\" style=\"background-image: url('https:\/\/djfuturo.com\/fr\/wp-content\/uploads\/djfuturo-.jpg');\">\n<div class=\"about-editorial-overlay\">\n<div class=\"about-editorial-grid\">\n<div class=\"about-editorial-title\">\n<h2>T\u00e9l\u00e9chargements officiels<\/h2>\n<\/div>\n<div class=\"about-editorial-body\">\n<div class=\"about-editorial-content\">\n<p>DJFuturo propose des fiches d\u2019acc\u00e8s et de t\u00e9l\u00e9chargement renvoyant exclusivement vers des sources officielles : versions gratuites, versions d\u2019essai ou ressources fournies directement par les d\u00e9veloppeurs.<\/p>\n<p>Ces fiches constituent un pilier du projet. Notre mod\u00e8le repose sur la transmission de connaissances et l\u2019acc\u00e8s s\u00e9curis\u00e9 aux outils, sans pratiques opaques ni syst\u00e8mes de distribution non autoris\u00e9s.<\/p>\n<\/div>\n<\/div>\n<\/div>\n<\/div>\n<\/section>\n<section class=\"about-editorial is-light is-reverse\">\n<div class=\"about-editorial-overlay\">\n<div class=\"about-editorial-grid\">\n<div class=\"about-editorial-title\">\n<h2>Ce que DJFuturo est, et n\u2019est pas<\/h2>\n<\/div>\n<div class=\"about-editorial-body\">\n<div class=\"about-editorial-content\">\n<ul>\n<li>DJFuturo est une plateforme sp\u00e9cialis\u00e9e en logiciels audio avec une ligne \u00e9ditoriale propre.<\/li>\n<li>Ce n\u2019est ni un site de t\u00e9l\u00e9chargement ill\u00e9gal, ni un annuaire automatis\u00e9, ni un m\u00e9dia g\u00e9n\u00e9raliste.<\/li>\n<li>Le contenu suit une approche professionnelle ax\u00e9e sur la clart\u00e9, l\u2019utilit\u00e9 et la valeur r\u00e9elle pour l\u2019utilisateur.<\/li>\n<\/ul>\n<\/div>\n<\/div>\n<\/div>\n<\/div>\n<\/section>\n<section class=\"about-editorial\" style=\"background-image: url('https:\/\/djfuturo.com\/fr\/wp-content\/uploads\/djfuturo-.jpg');\">\n<div class=\"about-editorial-overlay\">\n<div class=\"about-editorial-grid\">\n<div class=\"about-editorial-title\">\n<h3>Parcours<\/h3>\n<\/div>\n<div class=\"about-editorial-body\">\n<div class=\"about-editorial-content\">\n<ul>\n<li>Le projet b\u00e9n\u00e9ficie de plus de 5 ann\u00e9es d\u2019\u00e9volution continue.<\/li>\n<li>Des centaines d\u2019outils ont \u00e9t\u00e9 analys\u00e9s et compar\u00e9s.<\/li>\n<li>Des centaines de milliers d\u2019acc\u00e8s et de t\u00e9l\u00e9chargements de logiciels recommand\u00e9s ont \u00e9t\u00e9 g\u00e9n\u00e9r\u00e9s.<\/li>\n<li>Au fil du temps, DJFuturo a ajust\u00e9 son approche pour suivre les \u00e9volutions du secteur audio, en int\u00e9grant notamment l\u2019IA tout en restant centr\u00e9 sur les logiciels et outils utiles.<\/li>\n<\/ul>\n<\/div>\n<\/div>\n<\/div>\n<\/div>\n<\/section>\n<section class=\"about-editorial is-light is-reverse\">\n<div class=\"about-editorial-overlay\">\n<div class=\"about-editorial-grid\">\n<div class=\"about-editorial-title\">\n<h3>Vers l\u2019avenir<\/h3>\n<\/div>\n<div class=\"about-editorial-body\">\n<div class=\"about-editorial-content\">Nous sommes un projet en constante \u00e9volution, avec une vision \u00e0 long terme ax\u00e9e sur la mise en avant des outils les plus r\u00e9cents, \u00e0 travers un contenu clair, accessible et compr\u00e9hensible.<\/div>\n<div class=\"about-editorial-quote\">\n<blockquote><p>\u00ab Notre objectif est d\u2019\u00eatre r\u00e9ellement utiles \u00e0 celles et ceux qui recherchent des outils pour la musique et l\u2019audio. \u00bb<\/p><\/blockquote>\n<\/div>\n<\/div>\n<\/div>\n<\/div>\n<\/section>\n<div class=\"su-spacer\" style=\"height:50px\"><\/div>\n","protected":false},"excerpt":{"rendered":"<p>Logiciels, plugins, IA et outils pour la musique et l\u2019audio. Qu\u2019est-ce que DJFuturo DJFuturo est une plateforme sp\u00e9cialis\u00e9e d\u00e9di\u00e9e aux logiciels pour la musique et l\u2019audio. Nous analysons et s\u00e9lectionnons [&hellip;]<\/p>\n","protected":false},"author":1,"featured_media":0,"parent":0,"menu_order":0,"comment_status":"closed","ping_status":"closed","template":"","meta":{"footnotes":""},"class_list":["post-12","page","type-page","status-publish","hentry","wpbf-post"],"yoast_head":"<!-- This site is optimized with the Yoast SEO plugin v24.2 - https:\/\/yoast.com\/wordpress\/plugins\/seo\/ -->\n<title>\u00c0 propos | DJFuturo FR<\/title>\n<meta name=\"description\" content=\"DJFuturo est une plateforme sp\u00e9cialis\u00e9e en logiciels, plugins et IA pour la musique et l\u2019audio, avec analyses et t\u00e9l\u00e9chargements officiels.\" \/>\n<meta name=\"robots\" content=\"index, follow, max-snippet:-1, max-image-preview:large, max-video-preview:-1\" \/>\n<link rel=\"canonical\" href=\"https:\/\/djfuturo.com\/fr\/a-propos\/\" \/>\n<meta property=\"og:locale\" content=\"fr_FR\" \/>\n<meta property=\"og:type\" content=\"article\" \/>\n<meta property=\"og:title\" content=\"\u00c0 propos | DJFuturo FR\" \/>\n<meta property=\"og:description\" content=\"DJFuturo est une plateforme sp\u00e9cialis\u00e9e en logiciels, plugins et IA pour la musique et l\u2019audio, avec analyses et t\u00e9l\u00e9chargements officiels.\" \/>\n<meta property=\"og:url\" content=\"https:\/\/djfuturo.com\/fr\/a-propos\/\" \/>\n<meta property=\"og:site_name\" content=\"DJFuturo FR\" \/>\n<meta property=\"article:modified_time\" content=\"2026-01-26T12:47:51+00:00\" \/>\n<meta property=\"og:image\" content=\"https:\/\/djfuturo.com\/fr\/wp-content\/uploads\/djfuturo-about-logo-.png\" \/>\n\t<meta property=\"og:image:width\" content=\"470\" \/>\n\t<meta property=\"og:image:height\" content=\"149\" \/>\n\t<meta property=\"og:image:type\" content=\"image\/png\" \/>\n<meta name=\"twitter:card\" content=\"summary_large_image\" \/>\n<meta name=\"twitter:label1\" content=\"Dur\u00e9e de lecture estim\u00e9e\" \/>\n\t<meta name=\"twitter:data1\" content=\"4 minutes\" \/>\n<script type=\"application\/ld+json\" class=\"yoast-schema-graph\">{\"@context\":\"https:\/\/schema.org\",\"@graph\":[{\"@type\":\"WebPage\",\"@id\":\"https:\/\/djfuturo.com\/fr\/a-propos\/\",\"url\":\"https:\/\/djfuturo.com\/fr\/a-propos\/\",\"name\":\"\u00c0 propos | DJFuturo FR\",\"isPartOf\":{\"@id\":\"https:\/\/djfuturo.com\/fr\/#website\"},\"primaryImageOfPage\":{\"@id\":\"https:\/\/djfuturo.com\/fr\/a-propos\/#primaryimage\"},\"image\":{\"@id\":\"https:\/\/djfuturo.com\/fr\/a-propos\/#primaryimage\"},\"thumbnailUrl\":\"https:\/\/djfuturo.com\/fr\/wp-content\/uploads\/djfuturo-about-logo-.png\",\"datePublished\":\"2023-02-04T21:38:15+00:00\",\"dateModified\":\"2026-01-26T12:47:51+00:00\",\"description\":\"DJFuturo est une plateforme sp\u00e9cialis\u00e9e en logiciels, plugins et IA pour la musique et l\u2019audio, avec analyses et t\u00e9l\u00e9chargements officiels.\",\"breadcrumb\":{\"@id\":\"https:\/\/djfuturo.com\/fr\/a-propos\/#breadcrumb\"},\"inLanguage\":\"fr-FR\",\"potentialAction\":[{\"@type\":\"ReadAction\",\"target\":[\"https:\/\/djfuturo.com\/fr\/a-propos\/\"]}]},{\"@type\":\"ImageObject\",\"inLanguage\":\"fr-FR\",\"@id\":\"https:\/\/djfuturo.com\/fr\/a-propos\/#primaryimage\",\"url\":\"https:\/\/djfuturo.com\/fr\/wp-content\/uploads\/djfuturo-about-logo-.png\",\"contentUrl\":\"https:\/\/djfuturo.com\/fr\/wp-content\/uploads\/djfuturo-about-logo-.png\",\"width\":470,\"height\":149},{\"@type\":\"BreadcrumbList\",\"@id\":\"https:\/\/djfuturo.com\/fr\/a-propos\/#breadcrumb\",\"itemListElement\":[{\"@type\":\"ListItem\",\"position\":1,\"name\":\"Inicio\",\"item\":\"https:\/\/djfuturo.com\/fr\/\"},{\"@type\":\"ListItem\",\"position\":2,\"name\":\"\u00c0 propos\"}]},{\"@type\":\"WebSite\",\"@id\":\"https:\/\/djfuturo.com\/fr\/#website\",\"url\":\"https:\/\/djfuturo.com\/fr\/\",\"name\":\"DJFuturo FR\",\"description\":\"Logiciels, IA, plugins et outils pour la musique et l\u2019audio.\",\"publisher\":{\"@id\":\"https:\/\/djfuturo.com\/fr\/#organization\"},\"potentialAction\":[{\"@type\":\"SearchAction\",\"target\":{\"@type\":\"EntryPoint\",\"urlTemplate\":\"https:\/\/djfuturo.com\/fr\/?s={search_term_string}\"},\"query-input\":{\"@type\":\"PropertyValueSpecification\",\"valueRequired\":true,\"valueName\":\"search_term_string\"}}],\"inLanguage\":\"fr-FR\"},{\"@type\":\"Organization\",\"@id\":\"https:\/\/djfuturo.com\/fr\/#organization\",\"name\":\"DJ Futuro FR\",\"url\":\"https:\/\/djfuturo.com\/fr\/\",\"logo\":{\"@type\":\"ImageObject\",\"inLanguage\":\"fr-FR\",\"@id\":\"https:\/\/djfuturo.com\/fr\/#\/schema\/logo\/image\/\",\"url\":\"https:\/\/djfuturo.com\/fr\/wp-content\/uploads\/logo-DJFuturo-2.0.png\",\"contentUrl\":\"https:\/\/djfuturo.com\/fr\/wp-content\/uploads\/logo-DJFuturo-2.0.png\",\"width\":696,\"height\":232,\"caption\":\"DJ Futuro FR\"},\"image\":{\"@id\":\"https:\/\/djfuturo.com\/fr\/#\/schema\/logo\/image\/\"}}]}<\/script>\n<!-- \/ Yoast SEO plugin. -->","yoast_head_json":{"title":"\u00c0 propos | DJFuturo FR","description":"DJFuturo est une plateforme sp\u00e9cialis\u00e9e en logiciels, plugins et IA pour la musique et l\u2019audio, avec analyses et t\u00e9l\u00e9chargements officiels.","robots":{"index":"index","follow":"follow","max-snippet":"max-snippet:-1","max-image-preview":"max-image-preview:large","max-video-preview":"max-video-preview:-1"},"canonical":"https:\/\/djfuturo.com\/fr\/a-propos\/","og_locale":"fr_FR","og_type":"article","og_title":"\u00c0 propos | DJFuturo FR","og_description":"DJFuturo est une plateforme sp\u00e9cialis\u00e9e en logiciels, plugins et IA pour la musique et l\u2019audio, avec analyses et t\u00e9l\u00e9chargements officiels.","og_url":"https:\/\/djfuturo.com\/fr\/a-propos\/","og_site_name":"DJFuturo FR","article_modified_time":"2026-01-26T12:47:51+00:00","og_image":[{"width":470,"height":149,"url":"https:\/\/djfuturo.com\/fr\/wp-content\/uploads\/djfuturo-about-logo-.png","type":"image\/png"}],"twitter_card":"summary_large_image","twitter_misc":{"Dur\u00e9e de lecture estim\u00e9e":"4 minutes"},"schema":{"@context":"https:\/\/schema.org","@graph":[{"@type":"WebPage","@id":"https:\/\/djfuturo.com\/fr\/a-propos\/","url":"https:\/\/djfuturo.com\/fr\/a-propos\/","name":"\u00c0 propos | DJFuturo FR","isPartOf":{"@id":"https:\/\/djfuturo.com\/fr\/#website"},"primaryImageOfPage":{"@id":"https:\/\/djfuturo.com\/fr\/a-propos\/#primaryimage"},"image":{"@id":"https:\/\/djfuturo.com\/fr\/a-propos\/#primaryimage"},"thumbnailUrl":"https:\/\/djfuturo.com\/fr\/wp-content\/uploads\/djfuturo-about-logo-.png","datePublished":"2023-02-04T21:38:15+00:00","dateModified":"2026-01-26T12:47:51+00:00","description":"DJFuturo est une plateforme sp\u00e9cialis\u00e9e en logiciels, plugins et IA pour la musique et l\u2019audio, avec analyses et t\u00e9l\u00e9chargements officiels.","breadcrumb":{"@id":"https:\/\/djfuturo.com\/fr\/a-propos\/#breadcrumb"},"inLanguage":"fr-FR","potentialAction":[{"@type":"ReadAction","target":["https:\/\/djfuturo.com\/fr\/a-propos\/"]}]},{"@type":"ImageObject","inLanguage":"fr-FR","@id":"https:\/\/djfuturo.com\/fr\/a-propos\/#primaryimage","url":"https:\/\/djfuturo.com\/fr\/wp-content\/uploads\/djfuturo-about-logo-.png","contentUrl":"https:\/\/djfuturo.com\/fr\/wp-content\/uploads\/djfuturo-about-logo-.png","width":470,"height":149},{"@type":"BreadcrumbList","@id":"https:\/\/djfuturo.com\/fr\/a-propos\/#breadcrumb","itemListElement":[{"@type":"ListItem","position":1,"name":"Inicio","item":"https:\/\/djfuturo.com\/fr\/"},{"@type":"ListItem","position":2,"name":"\u00c0 propos"}]},{"@type":"WebSite","@id":"https:\/\/djfuturo.com\/fr\/#website","url":"https:\/\/djfuturo.com\/fr\/","name":"DJFuturo FR","description":"Logiciels, IA, plugins et outils pour la musique et l\u2019audio.","publisher":{"@id":"https:\/\/djfuturo.com\/fr\/#organization"},"potentialAction":[{"@type":"SearchAction","target":{"@type":"EntryPoint","urlTemplate":"https:\/\/djfuturo.com\/fr\/?s={search_term_string}"},"query-input":{"@type":"PropertyValueSpecification","valueRequired":true,"valueName":"search_term_string"}}],"inLanguage":"fr-FR"},{"@type":"Organization","@id":"https:\/\/djfuturo.com\/fr\/#organization","name":"DJ Futuro FR","url":"https:\/\/djfuturo.com\/fr\/","logo":{"@type":"ImageObject","inLanguage":"fr-FR","@id":"https:\/\/djfuturo.com\/fr\/#\/schema\/logo\/image\/","url":"https:\/\/djfuturo.com\/fr\/wp-content\/uploads\/logo-DJFuturo-2.0.png","contentUrl":"https:\/\/djfuturo.com\/fr\/wp-content\/uploads\/logo-DJFuturo-2.0.png","width":696,"height":232,"caption":"DJ Futuro FR"},"image":{"@id":"https:\/\/djfuturo.com\/fr\/#\/schema\/logo\/image\/"}}]}},"_links":{"self":[{"href":"https:\/\/djfuturo.com\/fr\/wp-json\/wp\/v2\/pages\/12","targetHints":{"allow":["GET"]}}],"collection":[{"href":"https:\/\/djfuturo.com\/fr\/wp-json\/wp\/v2\/pages"}],"about":[{"href":"https:\/\/djfuturo.com\/fr\/wp-json\/wp\/v2\/types\/page"}],"author":[{"embeddable":true,"href":"https:\/\/djfuturo.com\/fr\/wp-json\/wp\/v2\/users\/1"}],"replies":[{"embeddable":true,"href":"https:\/\/djfuturo.com\/fr\/wp-json\/wp\/v2\/comments?post=12"}],"version-history":[{"count":7,"href":"https:\/\/djfuturo.com\/fr\/wp-json\/wp\/v2\/pages\/12\/revisions"}],"predecessor-version":[{"id":3015,"href":"https:\/\/djfuturo.com\/fr\/wp-json\/wp\/v2\/pages\/12\/revisions\/3015"}],"wp:attachment":[{"href":"https:\/\/djfuturo.com\/fr\/wp-json\/wp\/v2\/media?parent=12"}],"curies":[{"name":"wp","href":"https:\/\/api.w.org\/{rel}","templated":true}]}}