{"id":16,"date":"2023-02-04T21:38:49","date_gmt":"2023-02-04T21:38:49","guid":{"rendered":"https:\/\/djfuturo.com\/fr\/?page_id=16"},"modified":"2023-08-08T12:25:17","modified_gmt":"2023-08-08T10:25:17","slug":"avis-juridique","status":"publish","type":"page","link":"https:\/\/djfuturo.com\/fr\/avis-juridique\/","title":{"rendered":"Avis Juridique"},"content":{"rendered":"<p>Sur cette page, nous fournissons des informations sur l&rsquo;objectif et l&rsquo;activit\u00e9 de ce site web, sur les informations qu&rsquo;il utilise et sur la mani\u00e8re dont les donn\u00e9es des utilisateurs sont trait\u00e9es.<\/p>\n<p>Ce site web tire ses revenus des achats qui r\u00e9pondent aux exigences applicables selon les conditions \u00e9tablies par les programmes de vente en ligne auxquels il est affili\u00e9.<\/p>\n<h2>Propri\u00e9taire et responsable l\u00e9gal du site<\/h2>\n<p>Conform\u00e9ment aux dispositions de la loi 34\/2002 sur les services de la soci\u00e9t\u00e9 de l&rsquo;information et le commerce \u00e9lectronique (LSSICE), nous mettons \u00e0 la disposition de l&rsquo;utilisateur les informations suivantes :<\/p>\n<p>Nom de l&rsquo;entreprise : djfuturo.com<br \/>\nCourriel : contact@djfuturo.com<br \/>\nActivit\u00e9 : diffusion de contenus \u00e9ducatifs sur le secteur des DJ et de la musique \u00e9lectronique et activit\u00e9s d&rsquo;affiliation.<\/p>\n<h2>Objet<\/h2>\n<p>Les pr\u00e9sentes mentions l\u00e9gales r\u00e9gissent les conditions g\u00e9n\u00e9rales d&rsquo;utilisation (y compris l&rsquo;acc\u00e8s) des pages qui composent le site web djfuturo.com, y compris les contenus et les services qui y sont mis \u00e0 disposition.<\/p>\n<p>Toute personne acc\u00e9dant au portail djfuturo.com (\u00ab\u00a0Utilisateur\u00a0\u00bb) accepte d&rsquo;\u00eatre soumise aux conditions g\u00e9n\u00e9rales en vigueur \u00e0 tout moment lorsqu&rsquo;elle acc\u00e8de \u00e0 ce site web.<\/p>\n<p>djfuturo.com se r\u00e9serve le droit de modifier, \u00e0 tout moment et sans pr\u00e9avis, la pr\u00e9sentation et la configuration du portail djfuturo.com ainsi que les pr\u00e9sentes conditions g\u00e9n\u00e9rales.<\/p>\n<h2>Donn\u00e9es personnelles collect\u00e9es<\/h2>\n<p>Lorsque l&rsquo;Utilisateur se connecte ou navigue sur le site djfuturo.com, envoie un e-mail au Propri\u00e9taire, utilise le formulaire de contact ou publie un commentaire, il fournit des informations personnelles dont le Propri\u00e9taire est responsable. Ces informations peuvent comprendre des donn\u00e9es personnelles telles que l&rsquo;adresse IP, le nom et le pr\u00e9nom, l&rsquo;adresse physique, l&rsquo;adresse \u00e9lectronique, le num\u00e9ro de t\u00e9l\u00e9phone et d&rsquo;autres informations. En fournissant ces informations, l&rsquo;utilisateur consent \u00e0 la collecte, \u00e0 l&rsquo;utilisation, \u00e0 la gestion et au stockage de ces informations par djfuturo.com, comme indiqu\u00e9 dans sa politique de confidentialit\u00e9.<\/p>\n<h2>Engagements et obligations des utilisateurs<\/h2>\n<p>L&rsquo;Utilisateur est inform\u00e9, et accepte, que l&rsquo;acc\u00e8s au pr\u00e9sent site web ne suppose en aucun cas le d\u00e9but d&rsquo;une relation commerciale avec djfuturo.com. Ainsi, l&rsquo;Utilisateur s&rsquo;engage \u00e0 utiliser le site web, ses services et ses contenus sans contrevenir \u00e0 la l\u00e9gislation en vigueur, \u00e0 la bonne foi et \u00e0 l&rsquo;ordre public.<\/p>\n<p>Il est interdit d&rsquo;utiliser le site Web \u00e0 des fins illicites ou nuisibles, ou qui, sous quelque forme que ce soit, peuvent causer des dommages ou emp\u00eacher le fonctionnement normal du site Web.<\/p>\n<p>Dans le cadre de l&rsquo;utilisation du site Web, l&rsquo;utilisateur s&rsquo;engage \u00e0 ne pas adopter de comportement susceptible de porter atteinte \u00e0 l&rsquo;image, aux int\u00e9r\u00eats et aux droits de djfuturo.com ou de tiers, d&rsquo;endommager, de rendre inutilisable ou de surcharger le portail djfuturo.com ou d&rsquo;entraver, de quelque mani\u00e8re que ce soit, l&rsquo;utilisation normale du site Web.<\/p>\n<p>N\u00e9anmoins, l&rsquo;utilisateur doit savoir que les mesures de s\u00e9curit\u00e9 des syst\u00e8mes informatiques sur Internet ne sont pas enti\u00e8rement fiables et que, par cons\u00e9quent, djfuturo.com ne peut garantir l&rsquo;absence de logiciels malveillants ou d&rsquo;autres \u00e9l\u00e9ments susceptibles de provoquer des alt\u00e9rations dans les syst\u00e8mes informatiques (logiciels et mat\u00e9riel) de l&rsquo;utilisateur ou dans les documents \u00e9lectroniques et les fichiers qu&rsquo;ils contiennent.<\/p>\n<h2>Contenus<\/h2>\n<p>En ce qui concerne les contenus de ce site Web, il est interdit de les reproduire, de les distribuer ou de les modifier :<\/p>\n<p>La reproduction, la distribution ou la modification, totale ou partielle, sans l&rsquo;autorisation de djfuturo.com en tant que propri\u00e9taire l\u00e9gitime ;<br \/>\nToute violation des droits du fournisseur ou de djfuturo.com en tant que propri\u00e9taire l\u00e9gitime ;<br \/>\nSon utilisation \u00e0 des fins commerciales ou publicitaires.<br \/>\nLiens d&rsquo;affiliation et publicit\u00e9<\/p>\n<p>Ce site propose aux Utilisateurs des liens d&rsquo;affiliation. Les clients ne sont pas et ne deviennent pas, en vertu de la participation de ce site aux diff\u00e9rents programmes d&rsquo;affiliation de vente en ligne, des clients de djfuturo.com.<\/p>\n<p>Tous les prix, conditions de vente, r\u00e8gles, politiques et proc\u00e9dures op\u00e9rationnelles relatives aux commandes des clients, au service client\u00e8le et \u00e0 la vente de produits contenus dans les boutiques en ligne s&rsquo;appliquent \u00e9galement aux clients de ces boutiques et peuvent \u00eatre modifi\u00e9s \u00e0 tout moment.<\/p>\n<p>En tant que site affili\u00e9 \u00e0 plusieurs programmes de vente en ligne, les commandes et les incidents li\u00e9s aux achats effectu\u00e9s sur djfuturo.com en utilisant les liens d&rsquo;affiliation ne sont pas g\u00e9r\u00e9s et les contacts ne sont pas g\u00e9r\u00e9s.<\/p>\n<p>Les informations qui apparaissent dans ces liens d&rsquo;affiliation sont fournies par les boutiques en ligne elles-m\u00eames, de sorte que djfuturo.com n&rsquo;est pas responsable des inexactitudes ou des erreurs qu&rsquo;elles pourraient contenir, et ne garantit en aucune fa\u00e7on l&rsquo;exp\u00e9rience, l&rsquo;int\u00e9grit\u00e9 ou la responsabilit\u00e9 des clients de ces boutiques en ligne, ni la qualit\u00e9 de leurs produits.<\/p>\n<p>Toute relation contractuelle ou extracontractuelle que l&rsquo;utilisateur noue avec des annonceurs, des clients de la boutique en ligne ou des tiers contact\u00e9s par l&rsquo;interm\u00e9diaire de ce portail est entendue comme \u00e9tant uniquement et exclusivement entre l&rsquo;utilisateur et l&rsquo;annonceur et\/ou le tiers. L&rsquo;utilisateur sait et accepte que djfuturo.com n&rsquo;agit qu&rsquo;en tant que canal ou support publicitaire et n&rsquo;est donc pas responsable des dommages de toute nature caus\u00e9s en raison de ses n\u00e9gociations, conversations et\/ou relations contractuelles ou extracontractuelles avec les annonceurs ou les tiers contact\u00e9s par l&rsquo;interm\u00e9diaire de ce portail.<\/p>\n<h2>Mesures de s\u00e9curit\u00e9<\/h2>\n<p>Les donn\u00e9es personnelles communiqu\u00e9es par l&rsquo;Utilisateur \u00e0 djfuturo.com peuvent \u00eatre stock\u00e9es dans des bases de donn\u00e9es automatis\u00e9es ou non, dont la propri\u00e9t\u00e9 correspond exclusivement \u00e0 djfuturo.com, en assumant celui-ci toutes les mesures de nature technique, organisationnelle et de s\u00e9curit\u00e9 qui garantissent la confidentialit\u00e9, l&rsquo;int\u00e9grit\u00e9 et la qualit\u00e9 des informations contenues dans les m\u00eames en accord avec ce qui est \u00e9tabli dans la r\u00e9glementation en vigueur en mati\u00e8re de protection des donn\u00e9es.<\/p>\n<p>La communication entre les utilisateurs et djfuturo.com utilise un canal s\u00e9curis\u00e9, et les donn\u00e9es transmises sont crypt\u00e9es gr\u00e2ce aux protocoles https, donc les meilleures conditions de s\u00e9curit\u00e9 sont garanties afin que la confidentialit\u00e9 des utilisateurs soit garantie.<\/p>\n<h2>Plate-forme de r\u00e9solution des litiges<\/h2>\n<p>La plateforme de r\u00e9solution des litiges mise \u00e0 disposition par la Commission europ\u00e9enne est \u00e9galement accessible aux utilisateurs et peut \u00eatre consult\u00e9e \u00e0 l&rsquo;adresse suivante : https:\/\/ec.europa.eu\/consumers\/odr\/.<\/p>\n<h2>Liens externes<\/h2>\n<p>Les pages du site djfuturo.com contiennent des liens vers d&rsquo;autres sites et contenus appartenant \u00e0 des tiers. Ces liens ont pour seul but de permettre \u00e0 l&rsquo;utilisateur d&rsquo;acc\u00e9der \u00e0 ces contenus commerciaux.<\/p>\n<p>djfuturo.com n&rsquo;est en aucun cas responsable des r\u00e9sultats que l&rsquo;utilisateur peut obtenir en acc\u00e9dant \u00e0 ces liens.<\/p>\n<p>De m\u00eame, l&rsquo;utilisateur trouvera sur ce site des pages, des promotions, des programmes d&rsquo;affiliation qui acc\u00e8dent aux habitudes de navigation des utilisateurs pour \u00e9tablir des profils. Ces informations sont toujours anonymes et ne permettent pas d&rsquo;identifier l&rsquo;utilisateur.<\/p>\n<p>Les informations fournies sur ces sites ou liens d&rsquo;affiliation sont soumises aux politiques de confidentialit\u00e9 utilis\u00e9es sur ces sites et ne seront pas soumises \u00e0 la politique de confidentialit\u00e9 de djfuturo.com.<\/p>\n<h2>Navigation et IP<\/h2>\n<p>Lors de la navigation sur le blog, de la participation aux commentaires sur les articles, ainsi que lors de l&rsquo;utilisation du formulaire de contact, l&rsquo;adresse IP de votre ordinateur est enregistr\u00e9e. Ces donn\u00e9es ne seront utilis\u00e9es que pour les statistiques de fr\u00e9quentation.<\/p>\n<h2>Exclusion de garantie et de responsabilit\u00e9<\/h2>\n<p>djfuturo.com ne donne aucune garantie et n&rsquo;est en aucun cas responsable des dommages de toute nature qui pourraient \u00eatre caus\u00e9s par :<\/p>\n<p>Le manque de disponibilit\u00e9, de maintenance et de fonctionnement efficace du site web, de ses services et de ses contenus ;<br \/>\nl&rsquo;existence de logiciels malveillants, de programmes malveillants ou nuisibles dans les contenus ;<br \/>\nl&rsquo;utilisation ill\u00e9gale, n\u00e9gligente, frauduleuse ou contraire aux pr\u00e9sentes mentions l\u00e9gales<br \/>\nle manque de l\u00e9galit\u00e9, de qualit\u00e9, de fiabilit\u00e9, d&rsquo;utilit\u00e9 et de disponibilit\u00e9 des services fournis par des tiers et mis \u00e0 la disposition des utilisateurs sur le site web.<br \/>\nLe fournisseur n&rsquo;est en aucun cas responsable des dommages pouvant r\u00e9sulter de l&rsquo;utilisation ill\u00e9gale ou inappropri\u00e9e de ce site web.<\/p>\n","protected":false},"excerpt":{"rendered":"<p>Sur cette page, nous fournissons des informations sur l&rsquo;objectif et l&rsquo;activit\u00e9 de ce site web, sur les informations qu&rsquo;il utilise et sur la mani\u00e8re dont les donn\u00e9es des utilisateurs sont [&hellip;]<\/p>\n","protected":false},"author":1,"featured_media":0,"parent":0,"menu_order":0,"comment_status":"closed","ping_status":"closed","template":"","meta":{"footnotes":""},"class_list":["post-16","page","type-page","status-publish","hentry","wpbf-post"],"yoast_head":"<!-- This site is optimized with the Yoast SEO plugin v24.2 - https:\/\/yoast.com\/wordpress\/plugins\/seo\/ -->\n<title>Avis Juridique | DJFuturo FR<\/title>\n<meta name=\"robots\" content=\"noindex, follow\" \/>\n<meta property=\"og:locale\" content=\"fr_FR\" \/>\n<meta property=\"og:type\" content=\"article\" \/>\n<meta property=\"og:title\" content=\"Avis Juridique | DJFuturo FR\" \/>\n<meta property=\"og:description\" content=\"Sur cette page, nous fournissons des informations sur l&rsquo;objectif et l&rsquo;activit\u00e9 de ce site web, sur les informations qu&rsquo;il utilise et sur la mani\u00e8re dont les donn\u00e9es des utilisateurs sont [&hellip;]\" \/>\n<meta property=\"og:url\" content=\"https:\/\/djfuturo.com\/fr\/avis-juridique\/\" \/>\n<meta property=\"og:site_name\" content=\"DJFuturo FR\" \/>\n<meta property=\"article:modified_time\" content=\"2023-08-08T10:25:17+00:00\" \/>\n<meta name=\"twitter:card\" content=\"summary_large_image\" \/>\n<meta name=\"twitter:label1\" content=\"Dur\u00e9e de lecture estim\u00e9e\" \/>\n\t<meta name=\"twitter:data1\" content=\"6 minutes\" \/>\n<script type=\"application\/ld+json\" class=\"yoast-schema-graph\">{\"@context\":\"https:\/\/schema.org\",\"@graph\":[{\"@type\":\"WebPage\",\"@id\":\"https:\/\/djfuturo.com\/fr\/avis-juridique\/\",\"url\":\"https:\/\/djfuturo.com\/fr\/avis-juridique\/\",\"name\":\"Avis Juridique | DJFuturo FR\",\"isPartOf\":{\"@id\":\"https:\/\/djfuturo.com\/fr\/#website\"},\"datePublished\":\"2023-02-04T21:38:49+00:00\",\"dateModified\":\"2023-08-08T10:25:17+00:00\",\"breadcrumb\":{\"@id\":\"https:\/\/djfuturo.com\/fr\/avis-juridique\/#breadcrumb\"},\"inLanguage\":\"fr-FR\",\"potentialAction\":[{\"@type\":\"ReadAction\",\"target\":[\"https:\/\/djfuturo.com\/fr\/avis-juridique\/\"]}]},{\"@type\":\"BreadcrumbList\",\"@id\":\"https:\/\/djfuturo.com\/fr\/avis-juridique\/#breadcrumb\",\"itemListElement\":[{\"@type\":\"ListItem\",\"position\":1,\"name\":\"Inicio\",\"item\":\"https:\/\/djfuturo.com\/fr\/\"},{\"@type\":\"ListItem\",\"position\":2,\"name\":\"Avis Juridique\"}]},{\"@type\":\"WebSite\",\"@id\":\"https:\/\/djfuturo.com\/fr\/#website\",\"url\":\"https:\/\/djfuturo.com\/fr\/\",\"name\":\"DJFuturo FR\",\"description\":\"Logiciels, IA, plugins et outils pour la musique et l\u2019audio.\",\"publisher\":{\"@id\":\"https:\/\/djfuturo.com\/fr\/#organization\"},\"potentialAction\":[{\"@type\":\"SearchAction\",\"target\":{\"@type\":\"EntryPoint\",\"urlTemplate\":\"https:\/\/djfuturo.com\/fr\/?s={search_term_string}\"},\"query-input\":{\"@type\":\"PropertyValueSpecification\",\"valueRequired\":true,\"valueName\":\"search_term_string\"}}],\"inLanguage\":\"fr-FR\"},{\"@type\":\"Organization\",\"@id\":\"https:\/\/djfuturo.com\/fr\/#organization\",\"name\":\"DJ Futuro FR\",\"url\":\"https:\/\/djfuturo.com\/fr\/\",\"logo\":{\"@type\":\"ImageObject\",\"inLanguage\":\"fr-FR\",\"@id\":\"https:\/\/djfuturo.com\/fr\/#\/schema\/logo\/image\/\",\"url\":\"https:\/\/djfuturo.com\/fr\/wp-content\/uploads\/logo-DJFuturo-2.0.png\",\"contentUrl\":\"https:\/\/djfuturo.com\/fr\/wp-content\/uploads\/logo-DJFuturo-2.0.png\",\"width\":696,\"height\":232,\"caption\":\"DJ Futuro FR\"},\"image\":{\"@id\":\"https:\/\/djfuturo.com\/fr\/#\/schema\/logo\/image\/\"}}]}<\/script>\n<!-- \/ Yoast SEO plugin. -->","yoast_head_json":{"title":"Avis Juridique | DJFuturo FR","robots":{"index":"noindex","follow":"follow"},"og_locale":"fr_FR","og_type":"article","og_title":"Avis Juridique | DJFuturo FR","og_description":"Sur cette page, nous fournissons des informations sur l&rsquo;objectif et l&rsquo;activit\u00e9 de ce site web, sur les informations qu&rsquo;il utilise et sur la mani\u00e8re dont les donn\u00e9es des utilisateurs sont [&hellip;]","og_url":"https:\/\/djfuturo.com\/fr\/avis-juridique\/","og_site_name":"DJFuturo FR","article_modified_time":"2023-08-08T10:25:17+00:00","twitter_card":"summary_large_image","twitter_misc":{"Dur\u00e9e de lecture estim\u00e9e":"6 minutes"},"schema":{"@context":"https:\/\/schema.org","@graph":[{"@type":"WebPage","@id":"https:\/\/djfuturo.com\/fr\/avis-juridique\/","url":"https:\/\/djfuturo.com\/fr\/avis-juridique\/","name":"Avis Juridique | DJFuturo FR","isPartOf":{"@id":"https:\/\/djfuturo.com\/fr\/#website"},"datePublished":"2023-02-04T21:38:49+00:00","dateModified":"2023-08-08T10:25:17+00:00","breadcrumb":{"@id":"https:\/\/djfuturo.com\/fr\/avis-juridique\/#breadcrumb"},"inLanguage":"fr-FR","potentialAction":[{"@type":"ReadAction","target":["https:\/\/djfuturo.com\/fr\/avis-juridique\/"]}]},{"@type":"BreadcrumbList","@id":"https:\/\/djfuturo.com\/fr\/avis-juridique\/#breadcrumb","itemListElement":[{"@type":"ListItem","position":1,"name":"Inicio","item":"https:\/\/djfuturo.com\/fr\/"},{"@type":"ListItem","position":2,"name":"Avis Juridique"}]},{"@type":"WebSite","@id":"https:\/\/djfuturo.com\/fr\/#website","url":"https:\/\/djfuturo.com\/fr\/","name":"DJFuturo FR","description":"Logiciels, IA, plugins et outils pour la musique et l\u2019audio.","publisher":{"@id":"https:\/\/djfuturo.com\/fr\/#organization"},"potentialAction":[{"@type":"SearchAction","target":{"@type":"EntryPoint","urlTemplate":"https:\/\/djfuturo.com\/fr\/?s={search_term_string}"},"query-input":{"@type":"PropertyValueSpecification","valueRequired":true,"valueName":"search_term_string"}}],"inLanguage":"fr-FR"},{"@type":"Organization","@id":"https:\/\/djfuturo.com\/fr\/#organization","name":"DJ Futuro FR","url":"https:\/\/djfuturo.com\/fr\/","logo":{"@type":"ImageObject","inLanguage":"fr-FR","@id":"https:\/\/djfuturo.com\/fr\/#\/schema\/logo\/image\/","url":"https:\/\/djfuturo.com\/fr\/wp-content\/uploads\/logo-DJFuturo-2.0.png","contentUrl":"https:\/\/djfuturo.com\/fr\/wp-content\/uploads\/logo-DJFuturo-2.0.png","width":696,"height":232,"caption":"DJ Futuro FR"},"image":{"@id":"https:\/\/djfuturo.com\/fr\/#\/schema\/logo\/image\/"}}]}},"_links":{"self":[{"href":"https:\/\/djfuturo.com\/fr\/wp-json\/wp\/v2\/pages\/16","targetHints":{"allow":["GET"]}}],"collection":[{"href":"https:\/\/djfuturo.com\/fr\/wp-json\/wp\/v2\/pages"}],"about":[{"href":"https:\/\/djfuturo.com\/fr\/wp-json\/wp\/v2\/types\/page"}],"author":[{"embeddable":true,"href":"https:\/\/djfuturo.com\/fr\/wp-json\/wp\/v2\/users\/1"}],"replies":[{"embeddable":true,"href":"https:\/\/djfuturo.com\/fr\/wp-json\/wp\/v2\/comments?post=16"}],"version-history":[{"count":3,"href":"https:\/\/djfuturo.com\/fr\/wp-json\/wp\/v2\/pages\/16\/revisions"}],"predecessor-version":[{"id":126,"href":"https:\/\/djfuturo.com\/fr\/wp-json\/wp\/v2\/pages\/16\/revisions\/126"}],"wp:attachment":[{"href":"https:\/\/djfuturo.com\/fr\/wp-json\/wp\/v2\/media?parent=16"}],"curies":[{"name":"wp","href":"https:\/\/api.w.org\/{rel}","templated":true}]}}