{"id":18,"date":"2023-02-04T21:39:12","date_gmt":"2023-02-04T21:39:12","guid":{"rendered":"https:\/\/djfuturo.com\/fr\/?page_id=18"},"modified":"2023-08-08T11:55:36","modified_gmt":"2023-08-08T09:55:36","slug":"politique-de-confidentialite","status":"publish","type":"page","link":"https:\/\/djfuturo.com\/fr\/politique-de-confidentialite\/","title":{"rendered":"Politique de confidentialit\u00e9"},"content":{"rendered":"<h2>Champ d&rsquo;application<\/h2>\n<p>DJFuturo.com s&rsquo;engage \u00e0 respecter la vie priv\u00e9e des personnes qui visitent et utilisent son site Web h\u00e9berg\u00e9 sous l&rsquo;URL https:\/\/DJFuturo.com (le \u00ab\u00a0site Web \u00ab\u00a0).<\/p>\n<p>La pr\u00e9sente politique de confidentialit\u00e9 a pour objet d&rsquo;informer l&rsquo;utilisateur du traitement des donn\u00e9es \u00e0 caract\u00e8re personnel collect\u00e9es par le biais du site Web et des services qui y sont associ\u00e9s, conform\u00e9ment \u00e0 la loi organique 15\/1999, du 13 d\u00e9cembre, sur la protection des donn\u00e9es \u00e0 caract\u00e8re personnel, au r\u00e8glement qui la d\u00e9veloppe et \u00e0 la loi 34\/2002, du 11 juillet, sur les services de la soci\u00e9t\u00e9 de l&rsquo;information et le commerce \u00e9lectronique.<\/p>\n<p>L&rsquo;utilisation du site Web ou de l&rsquo;un de ses services associ\u00e9s implique l&rsquo;acceptation par l&rsquo;utilisateur des dispositions contenues dans la pr\u00e9sente politique de confidentialit\u00e9 et le traitement de ses donn\u00e9es personnelles conform\u00e9ment \u00e0 ce qui y est stipul\u00e9.<\/p>\n<h2>Objectifs<\/h2>\n<p>Les donn\u00e9es fournies par l&rsquo;utilisateur lors de son inscription sur le site Web seront utilis\u00e9es pour lui envoyer des informations occasionnelles sur les promotions commerciales et les nouveaut\u00e9s du site Web.<\/p>\n<p>Le site Web enverra \u00e0 l&rsquo;utilisateur des informations sur les promotions commerciales et les nouveaut\u00e9s par courrier \u00e9lectronique, si l&rsquo;utilisateur a donn\u00e9 son accord pour recevoir ces informations.<\/p>\n<p>Si vous contactez DJFuturo.com par l&rsquo;interm\u00e9diaire du site Web, vos donn\u00e9es personnelles seront utilis\u00e9es pour r\u00e9pondre \u00e0 vos demandes d&rsquo;informations et autres questions.<\/p>\n<h2>Confidentialit\u00e9 et s\u00e9curit\u00e9<\/h2>\n<p>Les donn\u00e9es personnelles des utilisateurs sont trait\u00e9es en toute confidentialit\u00e9. En aucun cas, le site Web ne transf\u00e9rera les donn\u00e9es personnelles des utilisateurs \u00e0 des tiers ext\u00e9rieurs au site Web, \u00e0 moins que la loi ne l&rsquo;exige.<\/p>\n<p>Le site web informe qu&rsquo;il adoptera les mesures techniques et organisationnelles n\u00e9cessaires pour \u00e9viter l&rsquo;alt\u00e9ration, la perte, le traitement non autoris\u00e9 ou l&rsquo;acc\u00e8s aux donn\u00e9es, en tenant compte de l&rsquo;\u00e9tat de la technologie, de la nature des donn\u00e9es stock\u00e9es et des risques auxquels elles sont expos\u00e9es, qu&rsquo;ils proviennent de l&rsquo;action humaine ou de l&rsquo;environnement physique ou naturel. Toutefois, aucun syst\u00e8me n&rsquo;\u00e9tant totalement s\u00e9curis\u00e9, le site Web ne peut garantir que les donn\u00e9es peuvent \u00eatre totalement prot\u00e9g\u00e9es \u00e0 tout moment et en toutes circonstances en dehors du contr\u00f4le de DJFuturo.com.<\/p>\n<p>Droits d&rsquo;acc\u00e8s, de rectification, d&rsquo;annulation et d&rsquo;opposition<\/p>\n<p>L&rsquo;utilisateur peut \u00e0 tout moment acc\u00e9der, rectifier, annuler ou s&rsquo;opposer au traitement de ses donn\u00e9es personnelles en se rendant sur l&rsquo;onglet \u00ab\u00a0Contact\u00a0\u00bb du Site, ou en s\u00e9lectionnant l&rsquo;option \u00ab\u00a0d\u00e9sinscription\u00a0\u00bb dans tout e-mail envoy\u00e9 par le Site.<\/p>\n<h2>Cookies<\/h2>\n<p>Un cookie est un petit fichier texte qui est stock\u00e9 dans le navigateur lorsque l&rsquo;utilisateur visite presque n&rsquo;importe quelle page web. Son utilit\u00e9 est de permettre au site web de se souvenir de votre visite lorsque vous revenez naviguer sur cette page. Les cookies stockent g\u00e9n\u00e9ralement des informations de nature technique, des pr\u00e9f\u00e9rences personnelles, la personnalisation du contenu, des statistiques d&rsquo;utilisation, des liens vers des r\u00e9seaux sociaux, l&rsquo;acc\u00e8s \u00e0 des comptes d&rsquo;utilisateurs, etc. L&rsquo;objectif du cookie est d&rsquo;adapter le contenu du site web \u00e0 votre profil et \u00e0 vos besoins. Sans cookies, les services offerts par chaque page seraient consid\u00e9rablement r\u00e9duits. Si vous souhaitez obtenir plus d&rsquo;informations sur ce que sont les cookies, ce qu&rsquo;ils stockent, comment les supprimer, les d\u00e9sactiver, etc. vous pouvez le faire en cliquant sur ce lien.<\/p>\n<h3>Cookies utilis\u00e9s sur ce site web<\/h3>\n<p>Conform\u00e9ment aux directives de l&rsquo;Agence espagnole de protection des donn\u00e9es, je d\u00e9taille l&rsquo;utilisation des cookies sur ce site web afin de vous informer le plus pr\u00e9cis\u00e9ment possible.<\/p>\n<p>Ce site utilise les cookies suivants :<\/p>\n<p>Les cookies de session, pour s&rsquo;assurer que les utilisateurs qui \u00e9crivent des commentaires sur le blog sont des \u00eatres humains et non des applications automatis\u00e9es. Cela permet de lutter contre le spam.<\/p>\n<p>Ce site web utilise les cookies de tiers suivants :<\/p>\n<p>Google Analytics : Stocke des cookies afin de compiler des statistiques sur le trafic et le volume de visites sur ce site. En utilisant ce site, vous consentez au traitement de vos donn\u00e9es personnelles par Google.<\/p>\n<p>R\u00e9seaux sociaux : chaque r\u00e9seau social utilise ses propres cookies pour que vous puissiez cliquer sur des boutons tels que \u00ab\u00a0J&rsquo;aime\u00a0\u00bb ou \u00ab\u00a0Partager\u00a0\u00bb.<\/p>\n<h3>D\u00e9sactivation ou suppression des cookies<\/h3>\n<p>Vous pouvez \u00e0 tout moment exercer votre droit de d\u00e9sactiver ou de supprimer les cookies de ce site web.Ces actions s&rsquo;effectuent diff\u00e9remment selon le navigateur que vous utilisez.<\/p>\n<h2>Remarques compl\u00e9mentaires<\/h2>\n<p>Ni ce site web ni ses repr\u00e9sentants l\u00e9gaux ne sont responsables du contenu ou de la v\u00e9racit\u00e9 des politiques de confidentialit\u00e9 des tiers mentionn\u00e9s dans la pr\u00e9sente politique en mati\u00e8re de cookies.Les navigateurs web sont les outils responsables du stockage des cookies et, \u00e0 partir de l\u00e0, vous devez exercer votre droit de les supprimer ou de les d\u00e9sactiver. Ni ce site web ni ses repr\u00e9sentants l\u00e9gaux ne peuvent garantir le traitement correct ou incorrect des cookies par les navigateurs susmentionn\u00e9s.Dans certains cas, il est n\u00e9cessaire d&rsquo;installer des cookies pour que le navigateur n&rsquo;oublie pas votre d\u00e9cision de ne pas les accepter.<\/p>\n<p>Dans certains cas, il est n\u00e9cessaire d&rsquo;installer des cookies pour que le navigateur n&rsquo;oublie pas votre d\u00e9cision de ne pas les accepter.<\/p>\n<p>Dans le cas des cookies de Google Analytics, Google Analytics stocke les cookies sur des serveurs situ\u00e9s aux \u00c9tats-Unis et s&rsquo;engage \u00e0 ne pas les partager avec des tiers, sauf dans les cas o\u00f9 cela est n\u00e9cessaire pour le fonctionnement du syst\u00e8me ou lorsque la loi l&rsquo;exige. Selon Google, il ne stocke pas votre adresse IP. Google Inc. est une entreprise qui adh\u00e8re \u00e0 l&rsquo;accord Safe Harbour, qui garantit que toutes les donn\u00e9es transf\u00e9r\u00e9es seront trait\u00e9es avec un niveau de protection conforme \u00e0 la r\u00e9glementation europ\u00e9enne.Vous trouverez des informations d\u00e9taill\u00e9es \u00e0 ce sujet sur ce lien. Si vous souhaitez obtenir des informations sur l&rsquo;utilisation des cookies par Google, vous pouvez consulter ce lien.Si vous avez des doutes ou des questions concernant cette politique en mati\u00e8re de cookies, n&rsquo;h\u00e9sitez pas \u00e0 me contacter via la section contact.<\/p>\n<h2>Spam<\/h2>\n<p>Le site web ne tol\u00e8re pas la pratique du \u00ab\u00a0spamming\u00a0\u00bb. Le spamming d\u00e9signe l&rsquo;envoi r\u00e9p\u00e9t\u00e9 et massif de messages \u00e9lectroniques non sollicit\u00e9s, g\u00e9n\u00e9ralement de nature commerciale, \u00e0 des personnes avec lesquelles l&rsquo;exp\u00e9diteur n&rsquo;a pas eu de contact pr\u00e9alable ou qui ont exprim\u00e9 leur souhait de ne pas recevoir de tels messages.<\/p>\n<p>Si le site Web estime que certaines informations peuvent int\u00e9resser l&rsquo;utilisateur, il se r\u00e9serve le droit de fournir ces informations par courrier \u00e9lectronique, sous r\u00e9serve du consentement de l&rsquo;utilisateur et en lui donnant toujours la possibilit\u00e9 de refuser ce service.<\/p>\n","protected":false},"excerpt":{"rendered":"<p>Champ d&rsquo;application DJFuturo.com s&rsquo;engage \u00e0 respecter la vie priv\u00e9e des personnes qui visitent et utilisent son site Web h\u00e9berg\u00e9 sous l&rsquo;URL https:\/\/DJFuturo.com (le \u00ab\u00a0site Web \u00ab\u00a0). La pr\u00e9sente politique de [&hellip;]<\/p>\n","protected":false},"author":1,"featured_media":0,"parent":0,"menu_order":0,"comment_status":"closed","ping_status":"closed","template":"","meta":{"footnotes":""},"class_list":["post-18","page","type-page","status-publish","hentry","wpbf-post"],"yoast_head":"<!-- This site is optimized with the Yoast SEO plugin v24.2 - https:\/\/yoast.com\/wordpress\/plugins\/seo\/ -->\n<title>Politique de confidentialit\u00e9 | DJFuturo FR<\/title>\n<meta name=\"robots\" content=\"noindex, follow\" \/>\n<meta property=\"og:locale\" content=\"fr_FR\" \/>\n<meta property=\"og:type\" content=\"article\" \/>\n<meta property=\"og:title\" content=\"Politique de confidentialit\u00e9 | DJFuturo FR\" \/>\n<meta property=\"og:description\" content=\"Champ d&rsquo;application DJFuturo.com s&rsquo;engage \u00e0 respecter la vie priv\u00e9e des personnes qui visitent et utilisent son site Web h\u00e9berg\u00e9 sous l&rsquo;URL https:\/\/DJFuturo.com (le \u00ab\u00a0site Web \u00ab\u00a0). La pr\u00e9sente politique de [&hellip;]\" \/>\n<meta property=\"og:url\" content=\"https:\/\/djfuturo.com\/fr\/politique-de-confidentialite\/\" \/>\n<meta property=\"og:site_name\" content=\"DJFuturo FR\" \/>\n<meta property=\"article:modified_time\" content=\"2023-08-08T09:55:36+00:00\" \/>\n<meta name=\"twitter:card\" content=\"summary_large_image\" \/>\n<meta name=\"twitter:label1\" content=\"Dur\u00e9e de lecture estim\u00e9e\" \/>\n\t<meta name=\"twitter:data1\" content=\"5 minutes\" \/>\n<script type=\"application\/ld+json\" class=\"yoast-schema-graph\">{\"@context\":\"https:\/\/schema.org\",\"@graph\":[{\"@type\":\"WebPage\",\"@id\":\"https:\/\/djfuturo.com\/fr\/politique-de-confidentialite\/\",\"url\":\"https:\/\/djfuturo.com\/fr\/politique-de-confidentialite\/\",\"name\":\"Politique de confidentialit\u00e9 | DJFuturo FR\",\"isPartOf\":{\"@id\":\"https:\/\/djfuturo.com\/fr\/#website\"},\"datePublished\":\"2023-02-04T21:39:12+00:00\",\"dateModified\":\"2023-08-08T09:55:36+00:00\",\"breadcrumb\":{\"@id\":\"https:\/\/djfuturo.com\/fr\/politique-de-confidentialite\/#breadcrumb\"},\"inLanguage\":\"fr-FR\",\"potentialAction\":[{\"@type\":\"ReadAction\",\"target\":[\"https:\/\/djfuturo.com\/fr\/politique-de-confidentialite\/\"]}]},{\"@type\":\"BreadcrumbList\",\"@id\":\"https:\/\/djfuturo.com\/fr\/politique-de-confidentialite\/#breadcrumb\",\"itemListElement\":[{\"@type\":\"ListItem\",\"position\":1,\"name\":\"Inicio\",\"item\":\"https:\/\/djfuturo.com\/fr\/\"},{\"@type\":\"ListItem\",\"position\":2,\"name\":\"Politique de confidentialit\u00e9\"}]},{\"@type\":\"WebSite\",\"@id\":\"https:\/\/djfuturo.com\/fr\/#website\",\"url\":\"https:\/\/djfuturo.com\/fr\/\",\"name\":\"DJFuturo FR\",\"description\":\"Logiciels, IA, plugins et outils pour la musique et l\u2019audio.\",\"publisher\":{\"@id\":\"https:\/\/djfuturo.com\/fr\/#organization\"},\"potentialAction\":[{\"@type\":\"SearchAction\",\"target\":{\"@type\":\"EntryPoint\",\"urlTemplate\":\"https:\/\/djfuturo.com\/fr\/?s={search_term_string}\"},\"query-input\":{\"@type\":\"PropertyValueSpecification\",\"valueRequired\":true,\"valueName\":\"search_term_string\"}}],\"inLanguage\":\"fr-FR\"},{\"@type\":\"Organization\",\"@id\":\"https:\/\/djfuturo.com\/fr\/#organization\",\"name\":\"DJ Futuro FR\",\"url\":\"https:\/\/djfuturo.com\/fr\/\",\"logo\":{\"@type\":\"ImageObject\",\"inLanguage\":\"fr-FR\",\"@id\":\"https:\/\/djfuturo.com\/fr\/#\/schema\/logo\/image\/\",\"url\":\"https:\/\/djfuturo.com\/fr\/wp-content\/uploads\/logo-DJFuturo-2.0.png\",\"contentUrl\":\"https:\/\/djfuturo.com\/fr\/wp-content\/uploads\/logo-DJFuturo-2.0.png\",\"width\":696,\"height\":232,\"caption\":\"DJ Futuro FR\"},\"image\":{\"@id\":\"https:\/\/djfuturo.com\/fr\/#\/schema\/logo\/image\/\"}}]}<\/script>\n<!-- \/ Yoast SEO plugin. -->","yoast_head_json":{"title":"Politique de confidentialit\u00e9 | DJFuturo FR","robots":{"index":"noindex","follow":"follow"},"og_locale":"fr_FR","og_type":"article","og_title":"Politique de confidentialit\u00e9 | DJFuturo FR","og_description":"Champ d&rsquo;application DJFuturo.com s&rsquo;engage \u00e0 respecter la vie priv\u00e9e des personnes qui visitent et utilisent son site Web h\u00e9berg\u00e9 sous l&rsquo;URL https:\/\/DJFuturo.com (le \u00ab\u00a0site Web \u00ab\u00a0). La pr\u00e9sente politique de [&hellip;]","og_url":"https:\/\/djfuturo.com\/fr\/politique-de-confidentialite\/","og_site_name":"DJFuturo FR","article_modified_time":"2023-08-08T09:55:36+00:00","twitter_card":"summary_large_image","twitter_misc":{"Dur\u00e9e de lecture estim\u00e9e":"5 minutes"},"schema":{"@context":"https:\/\/schema.org","@graph":[{"@type":"WebPage","@id":"https:\/\/djfuturo.com\/fr\/politique-de-confidentialite\/","url":"https:\/\/djfuturo.com\/fr\/politique-de-confidentialite\/","name":"Politique de confidentialit\u00e9 | DJFuturo FR","isPartOf":{"@id":"https:\/\/djfuturo.com\/fr\/#website"},"datePublished":"2023-02-04T21:39:12+00:00","dateModified":"2023-08-08T09:55:36+00:00","breadcrumb":{"@id":"https:\/\/djfuturo.com\/fr\/politique-de-confidentialite\/#breadcrumb"},"inLanguage":"fr-FR","potentialAction":[{"@type":"ReadAction","target":["https:\/\/djfuturo.com\/fr\/politique-de-confidentialite\/"]}]},{"@type":"BreadcrumbList","@id":"https:\/\/djfuturo.com\/fr\/politique-de-confidentialite\/#breadcrumb","itemListElement":[{"@type":"ListItem","position":1,"name":"Inicio","item":"https:\/\/djfuturo.com\/fr\/"},{"@type":"ListItem","position":2,"name":"Politique de confidentialit\u00e9"}]},{"@type":"WebSite","@id":"https:\/\/djfuturo.com\/fr\/#website","url":"https:\/\/djfuturo.com\/fr\/","name":"DJFuturo FR","description":"Logiciels, IA, plugins et outils pour la musique et l\u2019audio.","publisher":{"@id":"https:\/\/djfuturo.com\/fr\/#organization"},"potentialAction":[{"@type":"SearchAction","target":{"@type":"EntryPoint","urlTemplate":"https:\/\/djfuturo.com\/fr\/?s={search_term_string}"},"query-input":{"@type":"PropertyValueSpecification","valueRequired":true,"valueName":"search_term_string"}}],"inLanguage":"fr-FR"},{"@type":"Organization","@id":"https:\/\/djfuturo.com\/fr\/#organization","name":"DJ Futuro FR","url":"https:\/\/djfuturo.com\/fr\/","logo":{"@type":"ImageObject","inLanguage":"fr-FR","@id":"https:\/\/djfuturo.com\/fr\/#\/schema\/logo\/image\/","url":"https:\/\/djfuturo.com\/fr\/wp-content\/uploads\/logo-DJFuturo-2.0.png","contentUrl":"https:\/\/djfuturo.com\/fr\/wp-content\/uploads\/logo-DJFuturo-2.0.png","width":696,"height":232,"caption":"DJ Futuro FR"},"image":{"@id":"https:\/\/djfuturo.com\/fr\/#\/schema\/logo\/image\/"}}]}},"_links":{"self":[{"href":"https:\/\/djfuturo.com\/fr\/wp-json\/wp\/v2\/pages\/18","targetHints":{"allow":["GET"]}}],"collection":[{"href":"https:\/\/djfuturo.com\/fr\/wp-json\/wp\/v2\/pages"}],"about":[{"href":"https:\/\/djfuturo.com\/fr\/wp-json\/wp\/v2\/types\/page"}],"author":[{"embeddable":true,"href":"https:\/\/djfuturo.com\/fr\/wp-json\/wp\/v2\/users\/1"}],"replies":[{"embeddable":true,"href":"https:\/\/djfuturo.com\/fr\/wp-json\/wp\/v2\/comments?post=18"}],"version-history":[{"count":4,"href":"https:\/\/djfuturo.com\/fr\/wp-json\/wp\/v2\/pages\/18\/revisions"}],"predecessor-version":[{"id":124,"href":"https:\/\/djfuturo.com\/fr\/wp-json\/wp\/v2\/pages\/18\/revisions\/124"}],"wp:attachment":[{"href":"https:\/\/djfuturo.com\/fr\/wp-json\/wp\/v2\/media?parent=18"}],"curies":[{"name":"wp","href":"https:\/\/api.w.org\/{rel}","templated":true}]}}