{"id":20,"date":"2023-02-04T21:39:38","date_gmt":"2023-02-04T21:39:38","guid":{"rendered":"https:\/\/djfuturo.com\/fr\/?page_id=20"},"modified":"2023-08-08T12:24:53","modified_gmt":"2023-08-08T10:24:53","slug":"cookies","status":"publish","type":"page","link":"https:\/\/djfuturo.com\/fr\/cookies\/","title":{"rendered":"Cookies"},"content":{"rendered":"<h2>Qu&rsquo;est-ce qu&rsquo;un cookie?<\/h2>\n<p>Un cookie est un fichier texte inoffensif qui est stock\u00e9 dans votre navigateur lorsque vous visitez presque n&rsquo;importe quel site web. Le but du cookie est de permettre au site web de se souvenir de votre visite lorsque vous revenez sur le site. Bien que de nombreuses personnes l&rsquo;ignorent, les cookies sont utilis\u00e9s depuis 20 ans, lorsque les premiers navigateurs pour le World Wide Web sont apparus.<\/p>\n<h2>Qu&rsquo;est-ce qui n&rsquo;est PAS un cookie?<\/h2>\n<p>Il ne s&rsquo;agit pas d&rsquo;un virus, d&rsquo;un cheval de Troie, d&rsquo;un ver, d&rsquo;un spam, d&rsquo;un logiciel espion ou d&rsquo;une fen\u00eatre contextuelle.<\/p>\n<h2>Quelles informations un cookie stocke-t-il?<\/h2>\n<p>Les cookies ne stockent g\u00e9n\u00e9ralement pas d&rsquo;informations sensibles vous concernant, telles que des donn\u00e9es bancaires ou de carte de cr\u00e9dit, des photographies, votre identit\u00e9 ou des informations personnelles, etc. Les donn\u00e9es qu&rsquo;ils stockent sont de nature technique, pr\u00e9f\u00e9rences personnelles, personnalisation du contenu, etc.<\/p>\n<p>Ce n&rsquo;est pas le serveur web qui vous associe en tant que personne mais votre navigateur web. En fait, si vous naviguez habituellement avec Internet Explorer et que vous essayez de naviguer sur le m\u00eame site web avec Firefox ou Chrome, vous verrez que le site web ne se rend pas compte que vous \u00eates la m\u00eame personne parce qu&rsquo;il associe en fait le navigateur, et non la personne.<\/p>\n<h2>Quels sont les types de cookies?<\/h2>\n<p>Les cookies techniques : ce sont les plus basiques et ils permettent, entre autres, de savoir quand un humain ou une application automatis\u00e9e navigue, quand un utilisateur anonyme et un utilisateur enregistr\u00e9 naviguent, des t\u00e2ches de base pour le fonctionnement de tout site web dynamique.<br \/>\nCookies d&rsquo;analyse : ils recueillent des informations sur le type de navigation que vous effectuez, les sections que vous utilisez le plus, les produits consult\u00e9s, le temps d&rsquo;utilisation, la langue, etc.<br \/>\nCookies publicitaires : ils affichent de la publicit\u00e9 en fonction de votre navigation, de votre pays d&rsquo;origine, de votre langue, etc.<br \/>\nQu&rsquo;est-ce qu&rsquo;un cookie de premi\u00e8re partie et un cookie de tierce partie ?<\/p>\n<p>Les cookies de premi\u00e8re partie sont ceux qui sont g\u00e9n\u00e9r\u00e9s par le site web que vous visitez et les cookies de tierce partie sont ceux qui sont g\u00e9n\u00e9r\u00e9s par des services ou des fournisseurs externes tels que Facebook, Twitter, Google, etc.<\/p>\n<h2>Que se passe-t-il si je d\u00e9sactive les cookies?<\/h2>\n<p>Pour vous aider \u00e0 comprendre la port\u00e9e de la d\u00e9sactivation des cookies, voici quelques exemples :<\/p>\n<p>Vous ne pourrez pas partager le contenu de ce site web sur Facebook, Twitter ou tout autre r\u00e9seau social.<br \/>\nLe site web ne pourra pas adapter le contenu \u00e0 vos pr\u00e9f\u00e9rences personnelles, comme c&rsquo;est souvent le cas dans les boutiques en ligne.<br \/>\nVous ne pourrez pas acc\u00e9der \u00e0 l&rsquo;espace personnel de ce site web, tel que Mon compte, Mon profil ou Mes commandes.<br \/>\nBoutiques en ligne : Vous ne pourrez pas faire d&rsquo;achats en ligne, vous devrez les faire par t\u00e9l\u00e9phone ou en vous rendant dans la boutique physique s&rsquo;il y en a une.<br \/>\nIl ne sera pas possible de personnaliser vos pr\u00e9f\u00e9rences g\u00e9ographiques telles que le fuseau horaire, la devise ou la langue.<br \/>\nLe site web ne sera pas en mesure d&rsquo;effectuer des analyses sur les visiteurs et le trafic web, ce qui rendra le site web difficilement comp\u00e9titif.<br \/>\nVous ne pourrez pas \u00e9crire sur le blog, t\u00e9l\u00e9charger des photos, publier des commentaires, \u00e9valuer ou noter le contenu. Le site web ne pourra pas savoir si vous \u00eates un \u00eatre humain ou une application automatis\u00e9e qui publie du spam.<br \/>\nVous ne pourrez pas afficher de publicit\u00e9 cibl\u00e9e, ce qui r\u00e9duira les recettes publicitaires du site web.<br \/>\nTous les r\u00e9seaux sociaux utilisent des cookies. Si vous les d\u00e9sactivez, vous ne pourrez utiliser aucun r\u00e9seau social.<\/p>\n<h2>Puis-je supprimer les cookies?<\/h2>\n<p>Oui, vous pouvez non seulement les supprimer, mais aussi les bloquer, soit de mani\u00e8re g\u00e9n\u00e9rale, soit pour un domaine sp\u00e9cifique.<\/p>\n<p>Pour supprimer les cookies d&rsquo;un site web, vous devez aller dans les param\u00e8tres de votre navigateur et vous pouvez y rechercher ceux qui sont associ\u00e9s au domaine en question et les supprimer.<\/p>\n<h3>Param\u00e8tres des cookies pour les navigateurs les plus courants<\/h3>\n<p>Voici comment acc\u00e9der \u00e0 un cookie sp\u00e9cifique dans le navigateur Chrome. Remarque : ces \u00e9tapes peuvent varier en fonction de la version du navigateu :<\/p>\n<p>Allez dans Param\u00e8tres ou Pr\u00e9f\u00e9rences via le menu Fichier ou en cliquant sur l&rsquo;ic\u00f4ne de personnalisation en haut \u00e0 droite.<br \/>\nVous verrez diff\u00e9rentes sections, cliquez sur Afficher les options avanc\u00e9es.<br \/>\nCliquez sur Afficher les options avanc\u00e9es.<br \/>\nS\u00e9lectionnez Tous les cookies et donn\u00e9es de site.<br \/>\nVous verrez une liste de tous les cookies tri\u00e9s par domaine. Pour faciliter la recherche de cookies pour un domaine particulier, saisissez une partie ou la totalit\u00e9 de l&rsquo;adresse dans le champ Rechercher des cookies.<br \/>\nApr\u00e8s avoir effectu\u00e9 ce filtre, une ou plusieurs lignes contenant les cookies du site web demand\u00e9 appara\u00eetront \u00e0 l&rsquo;\u00e9cran. Il ne vous reste plus qu&rsquo;\u00e0 les s\u00e9lectionner et \u00e0 appuyer sur X pour les supprimer.<\/p>\n<p>Pour acc\u00e9der aux param\u00e8tres des cookies du navigateur Internet Explorer, suivez les \u00e9tapes suivantes (elles peuvent varier en fonction de la version du navigateur) :<\/p>\n<p>Allez dans Outils, Options Internet.<br \/>\nCliquez sur Confidentialit\u00e9.<br \/>\nD\u00e9placez le curseur jusqu&rsquo;au niveau de confidentialit\u00e9 souhait\u00e9.<\/p>\n<p>Pour acc\u00e9der aux param\u00e8tres des cookies de votre navigateur Firefox, suivez les \u00e9tapes suivantes (elles peuvent varier en fonction de la version du navigateur) :<\/p>\n<p>Allez dans Pr\u00e9f\u00e9rences, puis dans Confidentialit\u00e9.<br \/>\nVous y trouverez l&rsquo;option Bloquer les cookies pour ajuster le type de blocage que vous souhaitez effectuer.<\/p>\n<p>Pour acc\u00e9der aux param\u00e8tres des cookies dans le navigateur Safari pour iOS, suivez les \u00e9tapes suivantes (elles peuvent varier en fonction de la version du navigateur) :<\/p>\n<p>Allez dans R\u00e9glages, puis dans Safari.<br \/>\nAllez dans Confidentialit\u00e9 et s\u00e9curit\u00e9, vous verrez l&rsquo;option Bloquer les cookies pour ajuster le type de blocage que vous voulez faire.<\/p>\n<p>Pour acc\u00e9der aux param\u00e8tres des cookies du navigateur pour les appareils Android, suivez les \u00e9tapes suivantes (elles peuvent varier en fonction de la version du navigateur) :<\/p>\n<p>Lancez le navigateur et appuyez sur la touche Menu, puis sur Param\u00e8tres.<br \/>\nAllez dans S\u00e9curit\u00e9 et confidentialit\u00e9, vous verrez l&rsquo;option Accepter les cookies pour activer ou d\u00e9sactiver la case \u00e0 cocher.<\/p>\n<p>Pour acc\u00e9der aux param\u00e8tres des cookies de votre navigateur pour les appareils Windows Phone, proc\u00e9dez comme suit (cela peut varier en fonction de la version du navigateur) :<\/p>\n<h3>Ouvrez Internet Explorer, puis Plus, puis Param\u00e8tres<\/h3>\n<p>Vous pouvez maintenant cocher ou d\u00e9cocher la case Autoriser les cookies.<\/p>\n","protected":false},"excerpt":{"rendered":"<p>Qu&rsquo;est-ce qu&rsquo;un cookie? Un cookie est un fichier texte inoffensif qui est stock\u00e9 dans votre navigateur lorsque vous visitez presque n&rsquo;importe quel site web. Le but du cookie est de [&hellip;]<\/p>\n","protected":false},"author":1,"featured_media":0,"parent":0,"menu_order":0,"comment_status":"closed","ping_status":"closed","template":"","meta":{"footnotes":""},"class_list":["post-20","page","type-page","status-publish","hentry","wpbf-post"],"yoast_head":"<!-- This site is optimized with the Yoast SEO plugin v24.2 - https:\/\/yoast.com\/wordpress\/plugins\/seo\/ -->\n<title>Cookies | DJFuturo FR<\/title>\n<meta name=\"robots\" content=\"noindex, follow\" \/>\n<meta property=\"og:locale\" content=\"fr_FR\" \/>\n<meta property=\"og:type\" content=\"article\" \/>\n<meta property=\"og:title\" content=\"Cookies | DJFuturo FR\" \/>\n<meta property=\"og:description\" content=\"Qu&rsquo;est-ce qu&rsquo;un cookie? Un cookie est un fichier texte inoffensif qui est stock\u00e9 dans votre navigateur lorsque vous visitez presque n&rsquo;importe quel site web. Le but du cookie est de [&hellip;]\" \/>\n<meta property=\"og:url\" content=\"https:\/\/djfuturo.com\/fr\/cookies\/\" \/>\n<meta property=\"og:site_name\" content=\"DJFuturo FR\" \/>\n<meta property=\"article:modified_time\" content=\"2023-08-08T10:24:53+00:00\" \/>\n<meta name=\"twitter:card\" content=\"summary_large_image\" \/>\n<meta name=\"twitter:label1\" content=\"Dur\u00e9e de lecture estim\u00e9e\" \/>\n\t<meta name=\"twitter:data1\" content=\"5 minutes\" \/>\n<script type=\"application\/ld+json\" class=\"yoast-schema-graph\">{\"@context\":\"https:\/\/schema.org\",\"@graph\":[{\"@type\":\"WebPage\",\"@id\":\"https:\/\/djfuturo.com\/fr\/cookies\/\",\"url\":\"https:\/\/djfuturo.com\/fr\/cookies\/\",\"name\":\"Cookies | DJFuturo FR\",\"isPartOf\":{\"@id\":\"https:\/\/djfuturo.com\/fr\/#website\"},\"datePublished\":\"2023-02-04T21:39:38+00:00\",\"dateModified\":\"2023-08-08T10:24:53+00:00\",\"breadcrumb\":{\"@id\":\"https:\/\/djfuturo.com\/fr\/cookies\/#breadcrumb\"},\"inLanguage\":\"fr-FR\",\"potentialAction\":[{\"@type\":\"ReadAction\",\"target\":[\"https:\/\/djfuturo.com\/fr\/cookies\/\"]}]},{\"@type\":\"BreadcrumbList\",\"@id\":\"https:\/\/djfuturo.com\/fr\/cookies\/#breadcrumb\",\"itemListElement\":[{\"@type\":\"ListItem\",\"position\":1,\"name\":\"Inicio\",\"item\":\"https:\/\/djfuturo.com\/fr\/\"},{\"@type\":\"ListItem\",\"position\":2,\"name\":\"Cookies\"}]},{\"@type\":\"WebSite\",\"@id\":\"https:\/\/djfuturo.com\/fr\/#website\",\"url\":\"https:\/\/djfuturo.com\/fr\/\",\"name\":\"DJFuturo FR\",\"description\":\"Logiciels, IA, plugins et outils pour la musique et l\u2019audio.\",\"publisher\":{\"@id\":\"https:\/\/djfuturo.com\/fr\/#organization\"},\"potentialAction\":[{\"@type\":\"SearchAction\",\"target\":{\"@type\":\"EntryPoint\",\"urlTemplate\":\"https:\/\/djfuturo.com\/fr\/?s={search_term_string}\"},\"query-input\":{\"@type\":\"PropertyValueSpecification\",\"valueRequired\":true,\"valueName\":\"search_term_string\"}}],\"inLanguage\":\"fr-FR\"},{\"@type\":\"Organization\",\"@id\":\"https:\/\/djfuturo.com\/fr\/#organization\",\"name\":\"DJ Futuro FR\",\"url\":\"https:\/\/djfuturo.com\/fr\/\",\"logo\":{\"@type\":\"ImageObject\",\"inLanguage\":\"fr-FR\",\"@id\":\"https:\/\/djfuturo.com\/fr\/#\/schema\/logo\/image\/\",\"url\":\"https:\/\/djfuturo.com\/fr\/wp-content\/uploads\/logo-DJFuturo-2.0.png\",\"contentUrl\":\"https:\/\/djfuturo.com\/fr\/wp-content\/uploads\/logo-DJFuturo-2.0.png\",\"width\":696,\"height\":232,\"caption\":\"DJ Futuro FR\"},\"image\":{\"@id\":\"https:\/\/djfuturo.com\/fr\/#\/schema\/logo\/image\/\"}}]}<\/script>\n<!-- \/ Yoast SEO plugin. -->","yoast_head_json":{"title":"Cookies | DJFuturo FR","robots":{"index":"noindex","follow":"follow"},"og_locale":"fr_FR","og_type":"article","og_title":"Cookies | DJFuturo FR","og_description":"Qu&rsquo;est-ce qu&rsquo;un cookie? Un cookie est un fichier texte inoffensif qui est stock\u00e9 dans votre navigateur lorsque vous visitez presque n&rsquo;importe quel site web. Le but du cookie est de [&hellip;]","og_url":"https:\/\/djfuturo.com\/fr\/cookies\/","og_site_name":"DJFuturo FR","article_modified_time":"2023-08-08T10:24:53+00:00","twitter_card":"summary_large_image","twitter_misc":{"Dur\u00e9e de lecture estim\u00e9e":"5 minutes"},"schema":{"@context":"https:\/\/schema.org","@graph":[{"@type":"WebPage","@id":"https:\/\/djfuturo.com\/fr\/cookies\/","url":"https:\/\/djfuturo.com\/fr\/cookies\/","name":"Cookies | DJFuturo FR","isPartOf":{"@id":"https:\/\/djfuturo.com\/fr\/#website"},"datePublished":"2023-02-04T21:39:38+00:00","dateModified":"2023-08-08T10:24:53+00:00","breadcrumb":{"@id":"https:\/\/djfuturo.com\/fr\/cookies\/#breadcrumb"},"inLanguage":"fr-FR","potentialAction":[{"@type":"ReadAction","target":["https:\/\/djfuturo.com\/fr\/cookies\/"]}]},{"@type":"BreadcrumbList","@id":"https:\/\/djfuturo.com\/fr\/cookies\/#breadcrumb","itemListElement":[{"@type":"ListItem","position":1,"name":"Inicio","item":"https:\/\/djfuturo.com\/fr\/"},{"@type":"ListItem","position":2,"name":"Cookies"}]},{"@type":"WebSite","@id":"https:\/\/djfuturo.com\/fr\/#website","url":"https:\/\/djfuturo.com\/fr\/","name":"DJFuturo FR","description":"Logiciels, IA, plugins et outils pour la musique et l\u2019audio.","publisher":{"@id":"https:\/\/djfuturo.com\/fr\/#organization"},"potentialAction":[{"@type":"SearchAction","target":{"@type":"EntryPoint","urlTemplate":"https:\/\/djfuturo.com\/fr\/?s={search_term_string}"},"query-input":{"@type":"PropertyValueSpecification","valueRequired":true,"valueName":"search_term_string"}}],"inLanguage":"fr-FR"},{"@type":"Organization","@id":"https:\/\/djfuturo.com\/fr\/#organization","name":"DJ Futuro FR","url":"https:\/\/djfuturo.com\/fr\/","logo":{"@type":"ImageObject","inLanguage":"fr-FR","@id":"https:\/\/djfuturo.com\/fr\/#\/schema\/logo\/image\/","url":"https:\/\/djfuturo.com\/fr\/wp-content\/uploads\/logo-DJFuturo-2.0.png","contentUrl":"https:\/\/djfuturo.com\/fr\/wp-content\/uploads\/logo-DJFuturo-2.0.png","width":696,"height":232,"caption":"DJ Futuro FR"},"image":{"@id":"https:\/\/djfuturo.com\/fr\/#\/schema\/logo\/image\/"}}]}},"_links":{"self":[{"href":"https:\/\/djfuturo.com\/fr\/wp-json\/wp\/v2\/pages\/20","targetHints":{"allow":["GET"]}}],"collection":[{"href":"https:\/\/djfuturo.com\/fr\/wp-json\/wp\/v2\/pages"}],"about":[{"href":"https:\/\/djfuturo.com\/fr\/wp-json\/wp\/v2\/types\/page"}],"author":[{"embeddable":true,"href":"https:\/\/djfuturo.com\/fr\/wp-json\/wp\/v2\/users\/1"}],"replies":[{"embeddable":true,"href":"https:\/\/djfuturo.com\/fr\/wp-json\/wp\/v2\/comments?post=20"}],"version-history":[{"count":3,"href":"https:\/\/djfuturo.com\/fr\/wp-json\/wp\/v2\/pages\/20\/revisions"}],"predecessor-version":[{"id":130,"href":"https:\/\/djfuturo.com\/fr\/wp-json\/wp\/v2\/pages\/20\/revisions\/130"}],"wp:attachment":[{"href":"https:\/\/djfuturo.com\/fr\/wp-json\/wp\/v2\/media?parent=20"}],"curies":[{"name":"wp","href":"https:\/\/api.w.org\/{rel}","templated":true}]}}