{"id":2536,"date":"2025-10-25T18:54:21","date_gmt":"2025-10-25T16:54:21","guid":{"rendered":"https:\/\/djfuturo.com\/fr\/?page_id=2536"},"modified":"2025-10-25T18:54:21","modified_gmt":"2025-10-25T16:54:21","slug":"fiche-ardour","status":"publish","type":"page","link":"https:\/\/djfuturo.com\/fr\/fiche-ardour\/","title":{"rendered":"Fiche Ardour"},"content":{"rendered":"<h1 style=\"text-align: center;\">T\u00e9l\u00e9charger Ardour<\/h1>\n<p><script async src=\"https:\/\/pagead2.googlesyndication.com\/pagead\/js\/adsbygoogle.js?client=ca-pub-4313414132612852\" crossorigin=\"anonymous\"><\/script><ins class=\"adsbygoogle\" style=\"display: block;\" data-ad-client=\"ca-pub-4313414132612852\" data-ad-slot=\"4629482519\" data-ad-format=\"auto\" data-full-width-responsive=\"true\"><\/ins><script>\n     (adsbygoogle = window.adsbygoogle || []).push({});\n<\/script><br \/>\n<img loading=\"lazy\" decoding=\"async\" class=\"size-medium wp-image-2080 aligncenter\" src=\"https:\/\/djfuturo.com\/fr\/wp-content\/uploads\/ardour-300x203.jpg\" alt=\"T\u00e9l\u00e9charger Ardour\" width=\"300\" height=\"203\" srcset=\"https:\/\/djfuturo.com\/fr\/wp-content\/uploads\/ardour-300x203.jpg 300w, https:\/\/djfuturo.com\/fr\/wp-content\/uploads\/ardour.jpg 492w\" sizes=\"auto, (max-width: 300px) 100vw, 300px\" \/><\/p>\n<h2 style=\"text-align: center;\">T\u00e9l\u00e9charger Ardour pour Windows<\/h2>\n<p style=\"text-align: center;\"><a href=\"https:\/\/community.ardour.org\/download?platform=win&#038;architecture=x86_64&#038;type=compiled\" class=\"su-button su-button-style-default\" style=\"color:#242121;background-color:#c0f677;border-color:#9ac560;border-radius:34px\" target=\"_blank\" rel=\"noopener noreferrer\"><span style=\"color:#242121;padding:6px 18px;font-size:14px;line-height:21px;border-color:#d3f9a0;border-radius:34px;text-shadow:none\"><i class=\"sui sui-external-link\" style=\"font-size:14px;color:#1a2430\"><\/i> T\u00e9l\u00e9charger pour Windows<\/span><\/a><div class=\"su-spacer\" style=\"height:20px\"><\/div>\n<h2 style=\"text-align: center;\">T\u00e9l\u00e9charger Ardour pour Mac<\/h2>\n<p style=\"text-align: center;\"><a href=\"https:\/\/community.ardour.org\/download?platform=mac&#038;architecture=x86_64&#038;type=compiled\" class=\"su-button su-button-style-default\" style=\"color:#242121;background-color:#c0f677;border-color:#9ac560;border-radius:34px\" target=\"_blank\" rel=\"noopener noreferrer\"><span style=\"color:#242121;padding:6px 18px;font-size:14px;line-height:21px;border-color:#d3f9a0;border-radius:34px;text-shadow:none\"><i class=\"sui sui-external-link\" style=\"font-size:14px;color:#1a2430\"><\/i> T\u00e9l\u00e9charger pour Mac<\/span><\/a><div class=\"su-spacer\" style=\"height:30px\"><\/div>\n<ul>\n<li style=\"text-align: left;\">Ou t\u00e9l\u00e9chargez le <a href=\"https:\/\/community.ardour.org\/download?platform=win&amp;architecture=x86_64&amp;type=source\" target=\"_blank\" rel=\"noopener\">code source<\/a>, 100 % gratuit.<\/li>\n<\/ul>\n<div class=\"su-note post\"  style=\"border-color:#e5e5e5;\"><div class=\"su-note-inner su-u-clearfix su-u-trim\" style=\"background-color:#ffffff;border-color:#ffffff;color:#333333;\">\u2705 Il s&rsquo;agit de la <strong>derni\u00e8re version<\/strong> disponible.<br \/>\n\u2705 <strong>T\u00e9l\u00e9chargement rapide et s\u00e9curis\u00e9<\/strong> depuis la source officielle.<br \/>\n\u2139 Ardour est gratuit dans sa version code source. Les versions compil\u00e9es pr\u00eates \u00e0 l\u2019emploi n\u00e9cessitent une contribution (\u00e0 partir de 1 $). Sans celle-ci, des limitations s\u2019appliquent, voir ci-dessous.<br \/>\n\u2139 Configuration minimale recommand\u00e9e : Windows XP (64 bits), macOS High Sierra (Intel) ou macOS Big Sur (Apple Silicon).<\/div><\/div>\n<blockquote><p>Profitez d&rsquo;Ardour \ud83d\ude42<\/p><\/blockquote>\n","protected":false},"excerpt":{"rendered":"<p>T\u00e9l\u00e9charger Ardour T\u00e9l\u00e9charger Ardour pour Windows T\u00e9l\u00e9charger Ardour pour Mac Ou t\u00e9l\u00e9chargez le code source, 100 % gratuit. Profitez d&rsquo;Ardour \ud83d\ude42<\/p>\n","protected":false},"author":1,"featured_media":0,"parent":0,"menu_order":0,"comment_status":"closed","ping_status":"closed","template":"","meta":{"footnotes":""},"class_list":["post-2536","page","type-page","status-publish","hentry","wpbf-post"],"yoast_head":"<!-- This site is optimized with the Yoast SEO plugin v24.2 - https:\/\/yoast.com\/wordpress\/plugins\/seo\/ -->\n<title>Fiche Ardour | DJFuturo FR<\/title>\n<meta name=\"robots\" content=\"noindex, follow\" \/>\n<meta property=\"og:locale\" content=\"fr_FR\" \/>\n<meta property=\"og:type\" content=\"article\" \/>\n<meta property=\"og:title\" content=\"Fiche Ardour | DJFuturo FR\" \/>\n<meta property=\"og:description\" content=\"T\u00e9l\u00e9charger Ardour T\u00e9l\u00e9charger Ardour pour Windows T\u00e9l\u00e9charger Ardour pour Mac Ou t\u00e9l\u00e9chargez le code source, 100 % gratuit. Profitez d&rsquo;Ardour \ud83d\ude42\" \/>\n<meta property=\"og:url\" content=\"https:\/\/djfuturo.com\/fr\/fiche-ardour\/\" \/>\n<meta property=\"og:site_name\" content=\"DJFuturo FR\" \/>\n<meta property=\"og:image\" content=\"https:\/\/djfuturo.com\/fr\/wp-content\/uploads\/ardour.jpg\" \/>\n\t<meta property=\"og:image:width\" content=\"492\" \/>\n\t<meta property=\"og:image:height\" content=\"333\" \/>\n\t<meta property=\"og:image:type\" content=\"image\/jpeg\" \/>\n<meta name=\"twitter:card\" content=\"summary_large_image\" \/>\n<meta name=\"twitter:label1\" content=\"Dur\u00e9e de lecture estim\u00e9e\" \/>\n\t<meta name=\"twitter:data1\" content=\"1 minute\" \/>\n<script type=\"application\/ld+json\" class=\"yoast-schema-graph\">{\"@context\":\"https:\/\/schema.org\",\"@graph\":[{\"@type\":\"WebPage\",\"@id\":\"https:\/\/djfuturo.com\/fr\/fiche-ardour\/\",\"url\":\"https:\/\/djfuturo.com\/fr\/fiche-ardour\/\",\"name\":\"Fiche Ardour | DJFuturo FR\",\"isPartOf\":{\"@id\":\"https:\/\/djfuturo.com\/fr\/#website\"},\"primaryImageOfPage\":{\"@id\":\"https:\/\/djfuturo.com\/fr\/fiche-ardour\/#primaryimage\"},\"image\":{\"@id\":\"https:\/\/djfuturo.com\/fr\/fiche-ardour\/#primaryimage\"},\"thumbnailUrl\":\"https:\/\/djfuturo.com\/fr\/wp-content\/uploads\/ardour-300x203.jpg\",\"datePublished\":\"2025-10-25T16:54:21+00:00\",\"dateModified\":\"2025-10-25T16:54:21+00:00\",\"breadcrumb\":{\"@id\":\"https:\/\/djfuturo.com\/fr\/fiche-ardour\/#breadcrumb\"},\"inLanguage\":\"fr-FR\",\"potentialAction\":[{\"@type\":\"ReadAction\",\"target\":[\"https:\/\/djfuturo.com\/fr\/fiche-ardour\/\"]}]},{\"@type\":\"ImageObject\",\"inLanguage\":\"fr-FR\",\"@id\":\"https:\/\/djfuturo.com\/fr\/fiche-ardour\/#primaryimage\",\"url\":\"https:\/\/djfuturo.com\/fr\/wp-content\/uploads\/ardour.jpg\",\"contentUrl\":\"https:\/\/djfuturo.com\/fr\/wp-content\/uploads\/ardour.jpg\",\"width\":492,\"height\":333,\"caption\":\"T\u00e9l\u00e9charger Ardour\"},{\"@type\":\"BreadcrumbList\",\"@id\":\"https:\/\/djfuturo.com\/fr\/fiche-ardour\/#breadcrumb\",\"itemListElement\":[{\"@type\":\"ListItem\",\"position\":1,\"name\":\"Inicio\",\"item\":\"https:\/\/djfuturo.com\/fr\/\"},{\"@type\":\"ListItem\",\"position\":2,\"name\":\"Fiche Ardour\"}]},{\"@type\":\"WebSite\",\"@id\":\"https:\/\/djfuturo.com\/fr\/#website\",\"url\":\"https:\/\/djfuturo.com\/fr\/\",\"name\":\"DJFuturo FR\",\"description\":\"Logiciels, IA, plugins et outils pour la musique et l\u2019audio.\",\"publisher\":{\"@id\":\"https:\/\/djfuturo.com\/fr\/#organization\"},\"potentialAction\":[{\"@type\":\"SearchAction\",\"target\":{\"@type\":\"EntryPoint\",\"urlTemplate\":\"https:\/\/djfuturo.com\/fr\/?s={search_term_string}\"},\"query-input\":{\"@type\":\"PropertyValueSpecification\",\"valueRequired\":true,\"valueName\":\"search_term_string\"}}],\"inLanguage\":\"fr-FR\"},{\"@type\":\"Organization\",\"@id\":\"https:\/\/djfuturo.com\/fr\/#organization\",\"name\":\"DJ Futuro FR\",\"url\":\"https:\/\/djfuturo.com\/fr\/\",\"logo\":{\"@type\":\"ImageObject\",\"inLanguage\":\"fr-FR\",\"@id\":\"https:\/\/djfuturo.com\/fr\/#\/schema\/logo\/image\/\",\"url\":\"https:\/\/djfuturo.com\/fr\/wp-content\/uploads\/logo-DJFuturo-2.0.png\",\"contentUrl\":\"https:\/\/djfuturo.com\/fr\/wp-content\/uploads\/logo-DJFuturo-2.0.png\",\"width\":696,\"height\":232,\"caption\":\"DJ Futuro FR\"},\"image\":{\"@id\":\"https:\/\/djfuturo.com\/fr\/#\/schema\/logo\/image\/\"}}]}<\/script>\n<!-- \/ Yoast SEO plugin. -->","yoast_head_json":{"title":"Fiche Ardour | DJFuturo FR","robots":{"index":"noindex","follow":"follow"},"og_locale":"fr_FR","og_type":"article","og_title":"Fiche Ardour | DJFuturo FR","og_description":"T\u00e9l\u00e9charger Ardour T\u00e9l\u00e9charger Ardour pour Windows T\u00e9l\u00e9charger Ardour pour Mac Ou t\u00e9l\u00e9chargez le code source, 100 % gratuit. Profitez d&rsquo;Ardour \ud83d\ude42","og_url":"https:\/\/djfuturo.com\/fr\/fiche-ardour\/","og_site_name":"DJFuturo FR","og_image":[{"width":492,"height":333,"url":"https:\/\/djfuturo.com\/fr\/wp-content\/uploads\/ardour.jpg","type":"image\/jpeg"}],"twitter_card":"summary_large_image","twitter_misc":{"Dur\u00e9e de lecture estim\u00e9e":"1 minute"},"schema":{"@context":"https:\/\/schema.org","@graph":[{"@type":"WebPage","@id":"https:\/\/djfuturo.com\/fr\/fiche-ardour\/","url":"https:\/\/djfuturo.com\/fr\/fiche-ardour\/","name":"Fiche Ardour | DJFuturo FR","isPartOf":{"@id":"https:\/\/djfuturo.com\/fr\/#website"},"primaryImageOfPage":{"@id":"https:\/\/djfuturo.com\/fr\/fiche-ardour\/#primaryimage"},"image":{"@id":"https:\/\/djfuturo.com\/fr\/fiche-ardour\/#primaryimage"},"thumbnailUrl":"https:\/\/djfuturo.com\/fr\/wp-content\/uploads\/ardour-300x203.jpg","datePublished":"2025-10-25T16:54:21+00:00","dateModified":"2025-10-25T16:54:21+00:00","breadcrumb":{"@id":"https:\/\/djfuturo.com\/fr\/fiche-ardour\/#breadcrumb"},"inLanguage":"fr-FR","potentialAction":[{"@type":"ReadAction","target":["https:\/\/djfuturo.com\/fr\/fiche-ardour\/"]}]},{"@type":"ImageObject","inLanguage":"fr-FR","@id":"https:\/\/djfuturo.com\/fr\/fiche-ardour\/#primaryimage","url":"https:\/\/djfuturo.com\/fr\/wp-content\/uploads\/ardour.jpg","contentUrl":"https:\/\/djfuturo.com\/fr\/wp-content\/uploads\/ardour.jpg","width":492,"height":333,"caption":"T\u00e9l\u00e9charger Ardour"},{"@type":"BreadcrumbList","@id":"https:\/\/djfuturo.com\/fr\/fiche-ardour\/#breadcrumb","itemListElement":[{"@type":"ListItem","position":1,"name":"Inicio","item":"https:\/\/djfuturo.com\/fr\/"},{"@type":"ListItem","position":2,"name":"Fiche Ardour"}]},{"@type":"WebSite","@id":"https:\/\/djfuturo.com\/fr\/#website","url":"https:\/\/djfuturo.com\/fr\/","name":"DJFuturo FR","description":"Logiciels, IA, plugins et outils pour la musique et l\u2019audio.","publisher":{"@id":"https:\/\/djfuturo.com\/fr\/#organization"},"potentialAction":[{"@type":"SearchAction","target":{"@type":"EntryPoint","urlTemplate":"https:\/\/djfuturo.com\/fr\/?s={search_term_string}"},"query-input":{"@type":"PropertyValueSpecification","valueRequired":true,"valueName":"search_term_string"}}],"inLanguage":"fr-FR"},{"@type":"Organization","@id":"https:\/\/djfuturo.com\/fr\/#organization","name":"DJ Futuro FR","url":"https:\/\/djfuturo.com\/fr\/","logo":{"@type":"ImageObject","inLanguage":"fr-FR","@id":"https:\/\/djfuturo.com\/fr\/#\/schema\/logo\/image\/","url":"https:\/\/djfuturo.com\/fr\/wp-content\/uploads\/logo-DJFuturo-2.0.png","contentUrl":"https:\/\/djfuturo.com\/fr\/wp-content\/uploads\/logo-DJFuturo-2.0.png","width":696,"height":232,"caption":"DJ Futuro FR"},"image":{"@id":"https:\/\/djfuturo.com\/fr\/#\/schema\/logo\/image\/"}}]}},"_links":{"self":[{"href":"https:\/\/djfuturo.com\/fr\/wp-json\/wp\/v2\/pages\/2536","targetHints":{"allow":["GET"]}}],"collection":[{"href":"https:\/\/djfuturo.com\/fr\/wp-json\/wp\/v2\/pages"}],"about":[{"href":"https:\/\/djfuturo.com\/fr\/wp-json\/wp\/v2\/types\/page"}],"author":[{"embeddable":true,"href":"https:\/\/djfuturo.com\/fr\/wp-json\/wp\/v2\/users\/1"}],"replies":[{"embeddable":true,"href":"https:\/\/djfuturo.com\/fr\/wp-json\/wp\/v2\/comments?post=2536"}],"version-history":[{"count":1,"href":"https:\/\/djfuturo.com\/fr\/wp-json\/wp\/v2\/pages\/2536\/revisions"}],"predecessor-version":[{"id":2537,"href":"https:\/\/djfuturo.com\/fr\/wp-json\/wp\/v2\/pages\/2536\/revisions\/2537"}],"wp:attachment":[{"href":"https:\/\/djfuturo.com\/fr\/wp-json\/wp\/v2\/media?parent=2536"}],"curies":[{"name":"wp","href":"https:\/\/api.w.org\/{rel}","templated":true}]}}