{"id":2775,"date":"2025-11-27T21:14:17","date_gmt":"2025-11-27T19:14:17","guid":{"rendered":"https:\/\/djfuturo.com\/fr\/?page_id=2775"},"modified":"2025-11-27T21:16:30","modified_gmt":"2025-11-27T19:16:30","slug":"fiche-cross-dj","status":"publish","type":"page","link":"https:\/\/djfuturo.com\/fr\/fiche-cross-dj\/","title":{"rendered":"Fiche Cross DJ"},"content":{"rendered":"<h1 style=\"text-align: center;\">T\u00e9l\u00e9charger Cross DJ<\/h1>\n<blockquote><p>Cross DJ &#8211; L\u2019une des applications DJ les plus populaires pour smartphones et tablettes, avec toutes les fonctions essentielles pour mixer.<\/p><\/blockquote>\n<p><script async src=\"https:\/\/pagead2.googlesyndication.com\/pagead\/js\/adsbygoogle.js?client=ca-pub-4313414132612852\" crossorigin=\"anonymous\"><\/script><ins class=\"adsbygoogle\" style=\"display: block;\" data-ad-client=\"ca-pub-4313414132612852\" data-ad-slot=\"7059603064\" data-ad-format=\"auto\" data-full-width-responsive=\"true\"><\/ins><script>\n     (adsbygoogle = window.adsbygoogle || []).push({});\n<\/script><\/p>\n<p><img loading=\"lazy\" decoding=\"async\" class=\"size-medium wp-image-2312 aligncenter\" src=\"https:\/\/djfuturo.com\/fr\/wp-content\/uploads\/cross-dj-app-android-ios-300x170.jpg\" alt=\"T\u00e9l\u00e9charger Cross DJ\" width=\"300\" height=\"170\" srcset=\"https:\/\/djfuturo.com\/fr\/wp-content\/uploads\/cross-dj-app-android-ios-300x170.jpg 300w, https:\/\/djfuturo.com\/fr\/wp-content\/uploads\/cross-dj-app-android-ios.jpg 492w\" sizes=\"auto, (max-width: 300px) 100vw, 300px\" \/><\/p>\n<h2 style=\"text-align: center;\">T\u00e9l\u00e9charger Cross DJ pour Android<\/h2>\n<p style=\"text-align: center;\"><a href=\"https:\/\/play.google.com\/store\/apps\/details?id=com.mixvibes.crossdjfree&#038;hl=fr\" class=\"su-button su-button-style-default\" style=\"color:#242121;background-color:#c0f677;border-color:#9ac560;border-radius:34px\" target=\"_blank\" rel=\"noopener noreferrer\"><span style=\"color:#242121;padding:6px 18px;font-size:14px;line-height:21px;border-color:#d3f9a0;border-radius:34px;text-shadow:none\"><i class=\"sui sui-external-link\" style=\"font-size:14px;color:#1a2430\"><\/i> T\u00e9l\u00e9charger pour Android<\/span><\/a><div class=\"su-spacer\" style=\"height:20px\"><\/div>\n<h2 style=\"text-align: center;\">T\u00e9l\u00e9charger Cross DJ pour iOS<\/h2>\n<p style=\"text-align: center;\"><a href=\"https:\/\/apps.apple.com\/fr\/app\/cross-dj-music-mixer-app\/id584824960\" class=\"su-button su-button-style-default\" style=\"color:#242121;background-color:#c0f677;border-color:#9ac560;border-radius:34px\" target=\"_blank\" rel=\"noopener noreferrer\"><span style=\"color:#242121;padding:6px 18px;font-size:14px;line-height:21px;border-color:#d3f9a0;border-radius:34px;text-shadow:none\"><i class=\"sui sui-external-link\" style=\"font-size:14px;color:#1a2430\"><\/i> T\u00e9l\u00e9charger pour iOS<\/span><\/a><div class=\"su-spacer\" style=\"height:30px\"><\/div>\n<div class=\"su-note post\"  style=\"border-color:#e5e5e5;\"><div class=\"su-note-inner su-u-clearfix su-u-trim\" style=\"background-color:#ffffff;border-color:#ffffff;color:#333333;\">\u2705 Il s\u2019agit de la<strong> derni\u00e8re version<\/strong> disponible.<br \/>\n\u2705 <strong>T\u00e9l\u00e9chargement rapide et 100 % s\u00fbr<\/strong>, les liens proviennent des stores officiels.<br \/>\n\u2139 MIXVIBES recommande au minimum Android 6.0 ou iOS 13.0. <\/div><\/div>\n<blockquote><p>Profitez de Cross DJ.<\/p><\/blockquote>\n","protected":false},"excerpt":{"rendered":"<p>T\u00e9l\u00e9charger Cross DJ Cross DJ &#8211; L\u2019une des applications DJ les plus populaires pour smartphones et tablettes, avec toutes les fonctions essentielles pour mixer. T\u00e9l\u00e9charger Cross DJ pour Android T\u00e9l\u00e9charger [&hellip;]<\/p>\n","protected":false},"author":1,"featured_media":0,"parent":0,"menu_order":0,"comment_status":"closed","ping_status":"closed","template":"","meta":{"footnotes":""},"class_list":["post-2775","page","type-page","status-publish","hentry","wpbf-post"],"yoast_head":"<!-- This site is optimized with the Yoast SEO plugin v24.2 - https:\/\/yoast.com\/wordpress\/plugins\/seo\/ -->\n<title>Fiche Cross DJ | DJFuturo FR<\/title>\n<meta name=\"robots\" content=\"noindex, follow\" \/>\n<meta property=\"og:locale\" content=\"fr_FR\" \/>\n<meta property=\"og:type\" content=\"article\" \/>\n<meta property=\"og:title\" content=\"Fiche Cross DJ | DJFuturo FR\" \/>\n<meta property=\"og:description\" content=\"T\u00e9l\u00e9charger Cross DJ Cross DJ &#8211; L\u2019une des applications DJ les plus populaires pour smartphones et tablettes, avec toutes les fonctions essentielles pour mixer. T\u00e9l\u00e9charger Cross DJ pour Android T\u00e9l\u00e9charger [&hellip;]\" \/>\n<meta property=\"og:url\" content=\"https:\/\/djfuturo.com\/fr\/fiche-cross-dj\/\" \/>\n<meta property=\"og:site_name\" content=\"DJFuturo FR\" \/>\n<meta property=\"article:modified_time\" content=\"2025-11-27T19:16:30+00:00\" \/>\n<meta property=\"og:image\" content=\"https:\/\/djfuturo.com\/fr\/wp-content\/uploads\/cross-dj-app-android-ios.jpg\" \/>\n\t<meta property=\"og:image:width\" content=\"492\" \/>\n\t<meta property=\"og:image:height\" content=\"279\" \/>\n\t<meta property=\"og:image:type\" content=\"image\/jpeg\" \/>\n<meta name=\"twitter:card\" content=\"summary_large_image\" \/>\n<meta name=\"twitter:label1\" content=\"Dur\u00e9e de lecture estim\u00e9e\" \/>\n\t<meta name=\"twitter:data1\" content=\"1 minute\" \/>\n<script type=\"application\/ld+json\" class=\"yoast-schema-graph\">{\"@context\":\"https:\/\/schema.org\",\"@graph\":[{\"@type\":\"WebPage\",\"@id\":\"https:\/\/djfuturo.com\/fr\/fiche-cross-dj\/\",\"url\":\"https:\/\/djfuturo.com\/fr\/fiche-cross-dj\/\",\"name\":\"Fiche Cross DJ | DJFuturo FR\",\"isPartOf\":{\"@id\":\"https:\/\/djfuturo.com\/fr\/#website\"},\"primaryImageOfPage\":{\"@id\":\"https:\/\/djfuturo.com\/fr\/fiche-cross-dj\/#primaryimage\"},\"image\":{\"@id\":\"https:\/\/djfuturo.com\/fr\/fiche-cross-dj\/#primaryimage\"},\"thumbnailUrl\":\"https:\/\/djfuturo.com\/fr\/wp-content\/uploads\/cross-dj-app-android-ios-300x170.jpg\",\"datePublished\":\"2025-11-27T19:14:17+00:00\",\"dateModified\":\"2025-11-27T19:16:30+00:00\",\"breadcrumb\":{\"@id\":\"https:\/\/djfuturo.com\/fr\/fiche-cross-dj\/#breadcrumb\"},\"inLanguage\":\"fr-FR\",\"potentialAction\":[{\"@type\":\"ReadAction\",\"target\":[\"https:\/\/djfuturo.com\/fr\/fiche-cross-dj\/\"]}]},{\"@type\":\"ImageObject\",\"inLanguage\":\"fr-FR\",\"@id\":\"https:\/\/djfuturo.com\/fr\/fiche-cross-dj\/#primaryimage\",\"url\":\"https:\/\/djfuturo.com\/fr\/wp-content\/uploads\/cross-dj-app-android-ios.jpg\",\"contentUrl\":\"https:\/\/djfuturo.com\/fr\/wp-content\/uploads\/cross-dj-app-android-ios.jpg\",\"width\":492,\"height\":279,\"caption\":\"T\u00e9l\u00e9charger Cross DJ\"},{\"@type\":\"BreadcrumbList\",\"@id\":\"https:\/\/djfuturo.com\/fr\/fiche-cross-dj\/#breadcrumb\",\"itemListElement\":[{\"@type\":\"ListItem\",\"position\":1,\"name\":\"Inicio\",\"item\":\"https:\/\/djfuturo.com\/fr\/\"},{\"@type\":\"ListItem\",\"position\":2,\"name\":\"Fiche Cross DJ\"}]},{\"@type\":\"WebSite\",\"@id\":\"https:\/\/djfuturo.com\/fr\/#website\",\"url\":\"https:\/\/djfuturo.com\/fr\/\",\"name\":\"DJFuturo FR\",\"description\":\"Logiciels, IA, plugins et outils pour la musique et l\u2019audio.\",\"publisher\":{\"@id\":\"https:\/\/djfuturo.com\/fr\/#organization\"},\"potentialAction\":[{\"@type\":\"SearchAction\",\"target\":{\"@type\":\"EntryPoint\",\"urlTemplate\":\"https:\/\/djfuturo.com\/fr\/?s={search_term_string}\"},\"query-input\":{\"@type\":\"PropertyValueSpecification\",\"valueRequired\":true,\"valueName\":\"search_term_string\"}}],\"inLanguage\":\"fr-FR\"},{\"@type\":\"Organization\",\"@id\":\"https:\/\/djfuturo.com\/fr\/#organization\",\"name\":\"DJ Futuro FR\",\"url\":\"https:\/\/djfuturo.com\/fr\/\",\"logo\":{\"@type\":\"ImageObject\",\"inLanguage\":\"fr-FR\",\"@id\":\"https:\/\/djfuturo.com\/fr\/#\/schema\/logo\/image\/\",\"url\":\"https:\/\/djfuturo.com\/fr\/wp-content\/uploads\/logo-DJFuturo-2.0.png\",\"contentUrl\":\"https:\/\/djfuturo.com\/fr\/wp-content\/uploads\/logo-DJFuturo-2.0.png\",\"width\":696,\"height\":232,\"caption\":\"DJ Futuro FR\"},\"image\":{\"@id\":\"https:\/\/djfuturo.com\/fr\/#\/schema\/logo\/image\/\"}}]}<\/script>\n<!-- \/ Yoast SEO plugin. -->","yoast_head_json":{"title":"Fiche Cross DJ | DJFuturo FR","robots":{"index":"noindex","follow":"follow"},"og_locale":"fr_FR","og_type":"article","og_title":"Fiche Cross DJ | DJFuturo FR","og_description":"T\u00e9l\u00e9charger Cross DJ Cross DJ &#8211; L\u2019une des applications DJ les plus populaires pour smartphones et tablettes, avec toutes les fonctions essentielles pour mixer. T\u00e9l\u00e9charger Cross DJ pour Android T\u00e9l\u00e9charger [&hellip;]","og_url":"https:\/\/djfuturo.com\/fr\/fiche-cross-dj\/","og_site_name":"DJFuturo FR","article_modified_time":"2025-11-27T19:16:30+00:00","og_image":[{"width":492,"height":279,"url":"https:\/\/djfuturo.com\/fr\/wp-content\/uploads\/cross-dj-app-android-ios.jpg","type":"image\/jpeg"}],"twitter_card":"summary_large_image","twitter_misc":{"Dur\u00e9e de lecture estim\u00e9e":"1 minute"},"schema":{"@context":"https:\/\/schema.org","@graph":[{"@type":"WebPage","@id":"https:\/\/djfuturo.com\/fr\/fiche-cross-dj\/","url":"https:\/\/djfuturo.com\/fr\/fiche-cross-dj\/","name":"Fiche Cross DJ | DJFuturo FR","isPartOf":{"@id":"https:\/\/djfuturo.com\/fr\/#website"},"primaryImageOfPage":{"@id":"https:\/\/djfuturo.com\/fr\/fiche-cross-dj\/#primaryimage"},"image":{"@id":"https:\/\/djfuturo.com\/fr\/fiche-cross-dj\/#primaryimage"},"thumbnailUrl":"https:\/\/djfuturo.com\/fr\/wp-content\/uploads\/cross-dj-app-android-ios-300x170.jpg","datePublished":"2025-11-27T19:14:17+00:00","dateModified":"2025-11-27T19:16:30+00:00","breadcrumb":{"@id":"https:\/\/djfuturo.com\/fr\/fiche-cross-dj\/#breadcrumb"},"inLanguage":"fr-FR","potentialAction":[{"@type":"ReadAction","target":["https:\/\/djfuturo.com\/fr\/fiche-cross-dj\/"]}]},{"@type":"ImageObject","inLanguage":"fr-FR","@id":"https:\/\/djfuturo.com\/fr\/fiche-cross-dj\/#primaryimage","url":"https:\/\/djfuturo.com\/fr\/wp-content\/uploads\/cross-dj-app-android-ios.jpg","contentUrl":"https:\/\/djfuturo.com\/fr\/wp-content\/uploads\/cross-dj-app-android-ios.jpg","width":492,"height":279,"caption":"T\u00e9l\u00e9charger Cross DJ"},{"@type":"BreadcrumbList","@id":"https:\/\/djfuturo.com\/fr\/fiche-cross-dj\/#breadcrumb","itemListElement":[{"@type":"ListItem","position":1,"name":"Inicio","item":"https:\/\/djfuturo.com\/fr\/"},{"@type":"ListItem","position":2,"name":"Fiche Cross DJ"}]},{"@type":"WebSite","@id":"https:\/\/djfuturo.com\/fr\/#website","url":"https:\/\/djfuturo.com\/fr\/","name":"DJFuturo FR","description":"Logiciels, IA, plugins et outils pour la musique et l\u2019audio.","publisher":{"@id":"https:\/\/djfuturo.com\/fr\/#organization"},"potentialAction":[{"@type":"SearchAction","target":{"@type":"EntryPoint","urlTemplate":"https:\/\/djfuturo.com\/fr\/?s={search_term_string}"},"query-input":{"@type":"PropertyValueSpecification","valueRequired":true,"valueName":"search_term_string"}}],"inLanguage":"fr-FR"},{"@type":"Organization","@id":"https:\/\/djfuturo.com\/fr\/#organization","name":"DJ Futuro FR","url":"https:\/\/djfuturo.com\/fr\/","logo":{"@type":"ImageObject","inLanguage":"fr-FR","@id":"https:\/\/djfuturo.com\/fr\/#\/schema\/logo\/image\/","url":"https:\/\/djfuturo.com\/fr\/wp-content\/uploads\/logo-DJFuturo-2.0.png","contentUrl":"https:\/\/djfuturo.com\/fr\/wp-content\/uploads\/logo-DJFuturo-2.0.png","width":696,"height":232,"caption":"DJ Futuro FR"},"image":{"@id":"https:\/\/djfuturo.com\/fr\/#\/schema\/logo\/image\/"}}]}},"_links":{"self":[{"href":"https:\/\/djfuturo.com\/fr\/wp-json\/wp\/v2\/pages\/2775","targetHints":{"allow":["GET"]}}],"collection":[{"href":"https:\/\/djfuturo.com\/fr\/wp-json\/wp\/v2\/pages"}],"about":[{"href":"https:\/\/djfuturo.com\/fr\/wp-json\/wp\/v2\/types\/page"}],"author":[{"embeddable":true,"href":"https:\/\/djfuturo.com\/fr\/wp-json\/wp\/v2\/users\/1"}],"replies":[{"embeddable":true,"href":"https:\/\/djfuturo.com\/fr\/wp-json\/wp\/v2\/comments?post=2775"}],"version-history":[{"count":2,"href":"https:\/\/djfuturo.com\/fr\/wp-json\/wp\/v2\/pages\/2775\/revisions"}],"predecessor-version":[{"id":2778,"href":"https:\/\/djfuturo.com\/fr\/wp-json\/wp\/v2\/pages\/2775\/revisions\/2778"}],"wp:attachment":[{"href":"https:\/\/djfuturo.com\/fr\/wp-json\/wp\/v2\/media?parent=2775"}],"curies":[{"name":"wp","href":"https:\/\/api.w.org\/{rel}","templated":true}]}}