{"id":3000,"date":"2026-01-22T21:14:05","date_gmt":"2026-01-22T19:14:05","guid":{"rendered":"https:\/\/djfuturo.com\/fr\/?page_id=3000"},"modified":"2026-01-22T21:15:55","modified_gmt":"2026-01-22T19:15:55","slug":"fiche-serato-studio","status":"publish","type":"page","link":"https:\/\/djfuturo.com\/fr\/fiche-serato-studio\/","title":{"rendered":"Fiche Serato Studio"},"content":{"rendered":"<h1 style=\"text-align: center;\">T\u00e9l\u00e9charger Serato Studio<\/h1>\n<p>Serato Studio est un logiciel de production musicale (DAW) l\u00e9ger, orient\u00e9 beatmaking et sampling. Il vise \u00e0 offrir un flux de travail rapide et intuitif pour cr\u00e9er des beats, remixes et morceaux, en exploitant des outils inspir\u00e9s du DJing tels que le sampling et la s\u00e9paration par stems.<br \/>\n<script async src=\"https:\/\/pagead2.googlesyndication.com\/pagead\/js\/adsbygoogle.js?client=ca-pub-4313414132612852\" crossorigin=\"anonymous\"><\/script><ins class=\"adsbygoogle\" style=\"display: block;\" data-ad-client=\"ca-pub-4313414132612852\" data-ad-slot=\"5301305744\" data-ad-format=\"auto\" data-full-width-responsive=\"true\"><\/ins><script>\n     (adsbygoogle = window.adsbygoogle || []).push({});\n<\/script><\/p>\n<p><img loading=\"lazy\" decoding=\"async\" class=\"size-medium wp-image-2583 aligncenter\" src=\"https:\/\/djfuturo.com\/fr\/wp-content\/uploads\/serato-studio-300x203.jpg\" alt=\"T\u00e9l\u00e9charger Serato Studio\" width=\"300\" height=\"203\" srcset=\"https:\/\/djfuturo.com\/fr\/wp-content\/uploads\/serato-studio-300x203.jpg 300w, https:\/\/djfuturo.com\/fr\/wp-content\/uploads\/serato-studio.jpg 492w\" sizes=\"auto, (max-width: 300px) 100vw, 300px\" \/><\/p>\n<h2 style=\"text-align: center;\">T\u00e9l\u00e9charger Serato Studio pour Windows<\/h2>\n<p style=\"text-align: center;\"><a href=\"https:\/\/serato.com\/studio\/downloads\" class=\"su-button su-button-style-default\" style=\"color:#242121;background-color:#c0f677;border-color:#9ac560;border-radius:34px\" target=\"_blank\" rel=\"noopener noreferrer\"><span style=\"color:#242121;padding:6px 18px;font-size:14px;line-height:21px;border-color:#d3f9a0;border-radius:34px;text-shadow:none\"><i class=\"sui sui-external-link\" style=\"font-size:14px;color:#1a2430\"><\/i> T\u00e9l\u00e9charger pour Windows<\/span><\/a><div class=\"su-spacer\" style=\"height:20px\"><\/div>\n<h2 style=\"text-align: center;\">T\u00e9l\u00e9charger Serato Studio pour Mac<\/h2>\n<p style=\"text-align: center;\"><a href=\"https:\/\/serato.com\/studio\/downloads\" class=\"su-button su-button-style-default\" style=\"color:#242121;background-color:#c0f677;border-color:#9ac560;border-radius:34px\" target=\"_blank\" rel=\"noopener noreferrer\"><span style=\"color:#242121;padding:6px 18px;font-size:14px;line-height:21px;border-color:#d3f9a0;border-radius:34px;text-shadow:none\"><i class=\"sui sui-external-link\" style=\"font-size:14px;color:#1a2430\"><\/i> T\u00e9l\u00e9charger pour Mac<\/span><\/a><div class=\"su-spacer\" style=\"height:30px\"><\/div>\n<div class=\"su-note post\"  style=\"border-color:#e5e5e5;\"><div class=\"su-note-inner su-u-clearfix su-u-trim\" style=\"background-color:#ffffff;border-color:#ffffff;color:#333333;\">\u2705 Il s\u2019agit de la <strong>derni\u00e8re version disponible<\/strong>.<br \/>\n\u2705 <strong>T\u00e9l\u00e9chargement rapide et s\u00e9curis\u00e9<\/strong> depuis la source officielle.<br \/>\n\u2139 Vous pouvez choisir la <strong>version gratuite<\/strong>.<br \/>\n\u2139 Configuration recommand\u00e9e : Windows 10 ou version ult\u00e9rieure, ou macOS 13+, avec au moins 8 Go de RAM. <\/div><\/div>\n<blockquote><p>Profitez de Serato Studio.<\/p><\/blockquote>\n","protected":false},"excerpt":{"rendered":"<p>T\u00e9l\u00e9charger Serato Studio Serato Studio est un logiciel de production musicale (DAW) l\u00e9ger, orient\u00e9 beatmaking et sampling. Il vise \u00e0 offrir un flux de travail rapide et intuitif pour cr\u00e9er [&hellip;]<\/p>\n","protected":false},"author":1,"featured_media":0,"parent":0,"menu_order":0,"comment_status":"closed","ping_status":"closed","template":"","meta":{"footnotes":""},"class_list":["post-3000","page","type-page","status-publish","hentry","wpbf-post"],"yoast_head":"<!-- This site is optimized with the Yoast SEO plugin v24.2 - https:\/\/yoast.com\/wordpress\/plugins\/seo\/ -->\n<title>Fiche Serato Studio | DJFuturo FR<\/title>\n<meta name=\"robots\" content=\"noindex, follow\" \/>\n<meta property=\"og:locale\" content=\"fr_FR\" \/>\n<meta property=\"og:type\" content=\"article\" \/>\n<meta property=\"og:title\" content=\"Fiche Serato Studio | DJFuturo FR\" \/>\n<meta property=\"og:description\" content=\"T\u00e9l\u00e9charger Serato Studio Serato Studio est un logiciel de production musicale (DAW) l\u00e9ger, orient\u00e9 beatmaking et sampling. Il vise \u00e0 offrir un flux de travail rapide et intuitif pour cr\u00e9er [&hellip;]\" \/>\n<meta property=\"og:url\" content=\"https:\/\/djfuturo.com\/fr\/fiche-serato-studio\/\" \/>\n<meta property=\"og:site_name\" content=\"DJFuturo FR\" \/>\n<meta property=\"article:modified_time\" content=\"2026-01-22T19:15:55+00:00\" \/>\n<meta property=\"og:image\" content=\"https:\/\/djfuturo.com\/fr\/wp-content\/uploads\/serato-studio.jpg\" \/>\n\t<meta property=\"og:image:width\" content=\"492\" \/>\n\t<meta property=\"og:image:height\" content=\"333\" \/>\n\t<meta property=\"og:image:type\" content=\"image\/jpeg\" \/>\n<meta name=\"twitter:card\" content=\"summary_large_image\" \/>\n<meta name=\"twitter:label1\" content=\"Dur\u00e9e de lecture estim\u00e9e\" \/>\n\t<meta name=\"twitter:data1\" content=\"1 minute\" \/>\n<script type=\"application\/ld+json\" class=\"yoast-schema-graph\">{\"@context\":\"https:\/\/schema.org\",\"@graph\":[{\"@type\":\"WebPage\",\"@id\":\"https:\/\/djfuturo.com\/fr\/fiche-serato-studio\/\",\"url\":\"https:\/\/djfuturo.com\/fr\/fiche-serato-studio\/\",\"name\":\"Fiche Serato Studio | DJFuturo FR\",\"isPartOf\":{\"@id\":\"https:\/\/djfuturo.com\/fr\/#website\"},\"primaryImageOfPage\":{\"@id\":\"https:\/\/djfuturo.com\/fr\/fiche-serato-studio\/#primaryimage\"},\"image\":{\"@id\":\"https:\/\/djfuturo.com\/fr\/fiche-serato-studio\/#primaryimage\"},\"thumbnailUrl\":\"https:\/\/djfuturo.com\/fr\/wp-content\/uploads\/serato-studio-300x203.jpg\",\"datePublished\":\"2026-01-22T19:14:05+00:00\",\"dateModified\":\"2026-01-22T19:15:55+00:00\",\"breadcrumb\":{\"@id\":\"https:\/\/djfuturo.com\/fr\/fiche-serato-studio\/#breadcrumb\"},\"inLanguage\":\"fr-FR\",\"potentialAction\":[{\"@type\":\"ReadAction\",\"target\":[\"https:\/\/djfuturo.com\/fr\/fiche-serato-studio\/\"]}]},{\"@type\":\"ImageObject\",\"inLanguage\":\"fr-FR\",\"@id\":\"https:\/\/djfuturo.com\/fr\/fiche-serato-studio\/#primaryimage\",\"url\":\"https:\/\/djfuturo.com\/fr\/wp-content\/uploads\/serato-studio.jpg\",\"contentUrl\":\"https:\/\/djfuturo.com\/fr\/wp-content\/uploads\/serato-studio.jpg\",\"width\":492,\"height\":333,\"caption\":\"T\u00e9l\u00e9charger Serato Studio\"},{\"@type\":\"BreadcrumbList\",\"@id\":\"https:\/\/djfuturo.com\/fr\/fiche-serato-studio\/#breadcrumb\",\"itemListElement\":[{\"@type\":\"ListItem\",\"position\":1,\"name\":\"Inicio\",\"item\":\"https:\/\/djfuturo.com\/fr\/\"},{\"@type\":\"ListItem\",\"position\":2,\"name\":\"Fiche Serato Studio\"}]},{\"@type\":\"WebSite\",\"@id\":\"https:\/\/djfuturo.com\/fr\/#website\",\"url\":\"https:\/\/djfuturo.com\/fr\/\",\"name\":\"DJFuturo FR\",\"description\":\"Logiciels, IA, plugins et outils pour la musique et l\u2019audio.\",\"publisher\":{\"@id\":\"https:\/\/djfuturo.com\/fr\/#organization\"},\"potentialAction\":[{\"@type\":\"SearchAction\",\"target\":{\"@type\":\"EntryPoint\",\"urlTemplate\":\"https:\/\/djfuturo.com\/fr\/?s={search_term_string}\"},\"query-input\":{\"@type\":\"PropertyValueSpecification\",\"valueRequired\":true,\"valueName\":\"search_term_string\"}}],\"inLanguage\":\"fr-FR\"},{\"@type\":\"Organization\",\"@id\":\"https:\/\/djfuturo.com\/fr\/#organization\",\"name\":\"DJ Futuro FR\",\"url\":\"https:\/\/djfuturo.com\/fr\/\",\"logo\":{\"@type\":\"ImageObject\",\"inLanguage\":\"fr-FR\",\"@id\":\"https:\/\/djfuturo.com\/fr\/#\/schema\/logo\/image\/\",\"url\":\"https:\/\/djfuturo.com\/fr\/wp-content\/uploads\/logo-DJFuturo-2.0.png\",\"contentUrl\":\"https:\/\/djfuturo.com\/fr\/wp-content\/uploads\/logo-DJFuturo-2.0.png\",\"width\":696,\"height\":232,\"caption\":\"DJ Futuro FR\"},\"image\":{\"@id\":\"https:\/\/djfuturo.com\/fr\/#\/schema\/logo\/image\/\"}}]}<\/script>\n<!-- \/ Yoast SEO plugin. -->","yoast_head_json":{"title":"Fiche Serato Studio | DJFuturo FR","robots":{"index":"noindex","follow":"follow"},"og_locale":"fr_FR","og_type":"article","og_title":"Fiche Serato Studio | DJFuturo FR","og_description":"T\u00e9l\u00e9charger Serato Studio Serato Studio est un logiciel de production musicale (DAW) l\u00e9ger, orient\u00e9 beatmaking et sampling. Il vise \u00e0 offrir un flux de travail rapide et intuitif pour cr\u00e9er [&hellip;]","og_url":"https:\/\/djfuturo.com\/fr\/fiche-serato-studio\/","og_site_name":"DJFuturo FR","article_modified_time":"2026-01-22T19:15:55+00:00","og_image":[{"width":492,"height":333,"url":"https:\/\/djfuturo.com\/fr\/wp-content\/uploads\/serato-studio.jpg","type":"image\/jpeg"}],"twitter_card":"summary_large_image","twitter_misc":{"Dur\u00e9e de lecture estim\u00e9e":"1 minute"},"schema":{"@context":"https:\/\/schema.org","@graph":[{"@type":"WebPage","@id":"https:\/\/djfuturo.com\/fr\/fiche-serato-studio\/","url":"https:\/\/djfuturo.com\/fr\/fiche-serato-studio\/","name":"Fiche Serato Studio | DJFuturo FR","isPartOf":{"@id":"https:\/\/djfuturo.com\/fr\/#website"},"primaryImageOfPage":{"@id":"https:\/\/djfuturo.com\/fr\/fiche-serato-studio\/#primaryimage"},"image":{"@id":"https:\/\/djfuturo.com\/fr\/fiche-serato-studio\/#primaryimage"},"thumbnailUrl":"https:\/\/djfuturo.com\/fr\/wp-content\/uploads\/serato-studio-300x203.jpg","datePublished":"2026-01-22T19:14:05+00:00","dateModified":"2026-01-22T19:15:55+00:00","breadcrumb":{"@id":"https:\/\/djfuturo.com\/fr\/fiche-serato-studio\/#breadcrumb"},"inLanguage":"fr-FR","potentialAction":[{"@type":"ReadAction","target":["https:\/\/djfuturo.com\/fr\/fiche-serato-studio\/"]}]},{"@type":"ImageObject","inLanguage":"fr-FR","@id":"https:\/\/djfuturo.com\/fr\/fiche-serato-studio\/#primaryimage","url":"https:\/\/djfuturo.com\/fr\/wp-content\/uploads\/serato-studio.jpg","contentUrl":"https:\/\/djfuturo.com\/fr\/wp-content\/uploads\/serato-studio.jpg","width":492,"height":333,"caption":"T\u00e9l\u00e9charger Serato Studio"},{"@type":"BreadcrumbList","@id":"https:\/\/djfuturo.com\/fr\/fiche-serato-studio\/#breadcrumb","itemListElement":[{"@type":"ListItem","position":1,"name":"Inicio","item":"https:\/\/djfuturo.com\/fr\/"},{"@type":"ListItem","position":2,"name":"Fiche Serato Studio"}]},{"@type":"WebSite","@id":"https:\/\/djfuturo.com\/fr\/#website","url":"https:\/\/djfuturo.com\/fr\/","name":"DJFuturo FR","description":"Logiciels, IA, plugins et outils pour la musique et l\u2019audio.","publisher":{"@id":"https:\/\/djfuturo.com\/fr\/#organization"},"potentialAction":[{"@type":"SearchAction","target":{"@type":"EntryPoint","urlTemplate":"https:\/\/djfuturo.com\/fr\/?s={search_term_string}"},"query-input":{"@type":"PropertyValueSpecification","valueRequired":true,"valueName":"search_term_string"}}],"inLanguage":"fr-FR"},{"@type":"Organization","@id":"https:\/\/djfuturo.com\/fr\/#organization","name":"DJ Futuro FR","url":"https:\/\/djfuturo.com\/fr\/","logo":{"@type":"ImageObject","inLanguage":"fr-FR","@id":"https:\/\/djfuturo.com\/fr\/#\/schema\/logo\/image\/","url":"https:\/\/djfuturo.com\/fr\/wp-content\/uploads\/logo-DJFuturo-2.0.png","contentUrl":"https:\/\/djfuturo.com\/fr\/wp-content\/uploads\/logo-DJFuturo-2.0.png","width":696,"height":232,"caption":"DJ Futuro FR"},"image":{"@id":"https:\/\/djfuturo.com\/fr\/#\/schema\/logo\/image\/"}}]}},"_links":{"self":[{"href":"https:\/\/djfuturo.com\/fr\/wp-json\/wp\/v2\/pages\/3000","targetHints":{"allow":["GET"]}}],"collection":[{"href":"https:\/\/djfuturo.com\/fr\/wp-json\/wp\/v2\/pages"}],"about":[{"href":"https:\/\/djfuturo.com\/fr\/wp-json\/wp\/v2\/types\/page"}],"author":[{"embeddable":true,"href":"https:\/\/djfuturo.com\/fr\/wp-json\/wp\/v2\/users\/1"}],"replies":[{"embeddable":true,"href":"https:\/\/djfuturo.com\/fr\/wp-json\/wp\/v2\/comments?post=3000"}],"version-history":[{"count":1,"href":"https:\/\/djfuturo.com\/fr\/wp-json\/wp\/v2\/pages\/3000\/revisions"}],"predecessor-version":[{"id":3001,"href":"https:\/\/djfuturo.com\/fr\/wp-json\/wp\/v2\/pages\/3000\/revisions\/3001"}],"wp:attachment":[{"href":"https:\/\/djfuturo.com\/fr\/wp-json\/wp\/v2\/media?parent=3000"}],"curies":[{"name":"wp","href":"https:\/\/api.w.org\/{rel}","templated":true}]}}