{"id":3005,"date":"2026-01-22T21:26:27","date_gmt":"2026-01-22T19:26:27","guid":{"rendered":"https:\/\/djfuturo.com\/fr\/?page_id=3005"},"modified":"2026-01-22T21:26:27","modified_gmt":"2026-01-22T19:26:27","slug":"fiche-luna","status":"publish","type":"page","link":"https:\/\/djfuturo.com\/fr\/fiche-luna\/","title":{"rendered":"Fiche Luna"},"content":{"rendered":"<h1 style=\"text-align: center;\">T\u00e9l\u00e9charger LUNA<\/h1>\n<p>UAD LUNA est une station audionum\u00e9rique (DAW) d\u00e9velopp\u00e9e par Universal Audio. Elle est optimis\u00e9e pour s\u2019int\u00e9grer au mat\u00e9riel et aux plugins UAD, mais peut aussi \u00eatre utilis\u00e9e ind\u00e9pendamment. Elle offre tout le n\u00e9cessaire pour enregistrer, \u00e9diter et mixer de la musique, avec une approche inspir\u00e9e des studios analogiques.<br \/>\n<script async src=\"https:\/\/pagead2.googlesyndication.com\/pagead\/js\/adsbygoogle.js?client=ca-pub-4313414132612852\" crossorigin=\"anonymous\"><\/script><ins class=\"adsbygoogle\" style=\"display: block;\" data-ad-client=\"ca-pub-4313414132612852\" data-ad-slot=\"1874046689\" data-ad-format=\"auto\" data-full-width-responsive=\"true\"><\/ins><script>\n     (adsbygoogle = window.adsbygoogle || []).push({});\n<\/script><br \/>\n<img loading=\"lazy\" decoding=\"async\" class=\"size-medium wp-image-2587 aligncenter\" src=\"https:\/\/djfuturo.com\/fr\/wp-content\/uploads\/luna-uad-300x203.jpg\" alt=\"T\u00e9l\u00e9charger LUNA UAD - Universal Audio\" width=\"300\" height=\"203\" srcset=\"https:\/\/djfuturo.com\/fr\/wp-content\/uploads\/luna-uad-300x203.jpg 300w, https:\/\/djfuturo.com\/fr\/wp-content\/uploads\/luna-uad.jpg 492w\" sizes=\"auto, (max-width: 300px) 100vw, 300px\" \/><\/p>\n<h2 style=\"text-align: center;\">T\u00e9l\u00e9charger LUNA pour Windows<\/h2>\n<p style=\"text-align: center;\"><a href=\"https:\/\/www.uaudio.com\/pages\/download-luna\" class=\"su-button su-button-style-default\" style=\"color:#242121;background-color:#c0f677;border-color:#9ac560;border-radius:34px\" target=\"_blank\" rel=\"noopener noreferrer\"><span style=\"color:#242121;padding:6px 18px;font-size:14px;line-height:21px;border-color:#d3f9a0;border-radius:34px;text-shadow:none\"><i class=\"sui sui-external-link\" style=\"font-size:14px;color:#1a2430\"><\/i> T\u00e9l\u00e9charger pour Windows<\/span><\/a><div class=\"su-spacer\" style=\"height:20px\"><\/div>\n<h2 style=\"text-align: center;\">T\u00e9l\u00e9charger LUNA pour Mac<\/h2>\n<p style=\"text-align: center;\"><a href=\"https:\/\/www.uaudio.com\/pages\/download-luna\" class=\"su-button su-button-style-default\" style=\"color:#242121;background-color:#c0f677;border-color:#9ac560;border-radius:34px\" target=\"_blank\" rel=\"noopener noreferrer\"><span style=\"color:#242121;padding:6px 18px;font-size:14px;line-height:21px;border-color:#d3f9a0;border-radius:34px;text-shadow:none\"><i class=\"sui sui-external-link\" style=\"font-size:14px;color:#1a2430\"><\/i> T\u00e9l\u00e9charger pour Mac<\/span><\/a><div class=\"su-spacer\" style=\"height:30px\"><\/div>\n<div class=\"su-note post\"  style=\"border-color:#e5e5e5;\"><div class=\"su-note-inner su-u-clearfix su-u-trim\" style=\"background-color:#ffffff;border-color:#ffffff;color:#333333;\">\u2705 Ceci est la <strong>derni\u00e8re version disponible<\/strong>.<br \/>\n\u2705 <strong>T\u00e9l\u00e9chargement rapide et s\u00e9curis\u00e9<\/strong>, le lien provient directement de la source officielle : Universal Audio.<br \/>\n\u2139 Ce DAW est <strong>enti\u00e8rement gratuit<\/strong>.<br \/>\n\u2139 Universal Audio recommande au minimum Windows 10 ou macOS 11. <\/div><\/div>\n<blockquote><p>Profitez de Luna.<\/p><\/blockquote>\n","protected":false},"excerpt":{"rendered":"<p>T\u00e9l\u00e9charger LUNA UAD LUNA est une station audionum\u00e9rique (DAW) d\u00e9velopp\u00e9e par Universal Audio. Elle est optimis\u00e9e pour s\u2019int\u00e9grer au mat\u00e9riel et aux plugins UAD, mais peut aussi \u00eatre utilis\u00e9e ind\u00e9pendamment. [&hellip;]<\/p>\n","protected":false},"author":1,"featured_media":0,"parent":0,"menu_order":0,"comment_status":"closed","ping_status":"closed","template":"","meta":{"footnotes":""},"class_list":["post-3005","page","type-page","status-publish","hentry","wpbf-post"],"yoast_head":"<!-- This site is optimized with the Yoast SEO plugin v24.2 - https:\/\/yoast.com\/wordpress\/plugins\/seo\/ -->\n<title>Fiche Luna | DJFuturo FR<\/title>\n<meta name=\"robots\" content=\"noindex, follow\" \/>\n<meta property=\"og:locale\" content=\"fr_FR\" \/>\n<meta property=\"og:type\" content=\"article\" \/>\n<meta property=\"og:title\" content=\"Fiche Luna | DJFuturo FR\" \/>\n<meta property=\"og:description\" content=\"T\u00e9l\u00e9charger LUNA UAD LUNA est une station audionum\u00e9rique (DAW) d\u00e9velopp\u00e9e par Universal Audio. Elle est optimis\u00e9e pour s\u2019int\u00e9grer au mat\u00e9riel et aux plugins UAD, mais peut aussi \u00eatre utilis\u00e9e ind\u00e9pendamment. [&hellip;]\" \/>\n<meta property=\"og:url\" content=\"https:\/\/djfuturo.com\/fr\/fiche-luna\/\" \/>\n<meta property=\"og:site_name\" content=\"DJFuturo FR\" \/>\n<meta property=\"og:image\" content=\"https:\/\/djfuturo.com\/fr\/wp-content\/uploads\/luna-uad.jpg\" \/>\n\t<meta property=\"og:image:width\" content=\"492\" \/>\n\t<meta property=\"og:image:height\" content=\"333\" \/>\n\t<meta property=\"og:image:type\" content=\"image\/jpeg\" \/>\n<meta name=\"twitter:card\" content=\"summary_large_image\" \/>\n<meta name=\"twitter:label1\" content=\"Dur\u00e9e de lecture estim\u00e9e\" \/>\n\t<meta name=\"twitter:data1\" content=\"1 minute\" \/>\n<script type=\"application\/ld+json\" class=\"yoast-schema-graph\">{\"@context\":\"https:\/\/schema.org\",\"@graph\":[{\"@type\":\"WebPage\",\"@id\":\"https:\/\/djfuturo.com\/fr\/fiche-luna\/\",\"url\":\"https:\/\/djfuturo.com\/fr\/fiche-luna\/\",\"name\":\"Fiche Luna | DJFuturo FR\",\"isPartOf\":{\"@id\":\"https:\/\/djfuturo.com\/fr\/#website\"},\"primaryImageOfPage\":{\"@id\":\"https:\/\/djfuturo.com\/fr\/fiche-luna\/#primaryimage\"},\"image\":{\"@id\":\"https:\/\/djfuturo.com\/fr\/fiche-luna\/#primaryimage\"},\"thumbnailUrl\":\"https:\/\/djfuturo.com\/fr\/wp-content\/uploads\/luna-uad-300x203.jpg\",\"datePublished\":\"2026-01-22T19:26:27+00:00\",\"dateModified\":\"2026-01-22T19:26:27+00:00\",\"breadcrumb\":{\"@id\":\"https:\/\/djfuturo.com\/fr\/fiche-luna\/#breadcrumb\"},\"inLanguage\":\"fr-FR\",\"potentialAction\":[{\"@type\":\"ReadAction\",\"target\":[\"https:\/\/djfuturo.com\/fr\/fiche-luna\/\"]}]},{\"@type\":\"ImageObject\",\"inLanguage\":\"fr-FR\",\"@id\":\"https:\/\/djfuturo.com\/fr\/fiche-luna\/#primaryimage\",\"url\":\"https:\/\/djfuturo.com\/fr\/wp-content\/uploads\/luna-uad.jpg\",\"contentUrl\":\"https:\/\/djfuturo.com\/fr\/wp-content\/uploads\/luna-uad.jpg\",\"width\":492,\"height\":333,\"caption\":\"T\u00e9l\u00e9charger LUNA UAD - Universal Audio\"},{\"@type\":\"BreadcrumbList\",\"@id\":\"https:\/\/djfuturo.com\/fr\/fiche-luna\/#breadcrumb\",\"itemListElement\":[{\"@type\":\"ListItem\",\"position\":1,\"name\":\"Inicio\",\"item\":\"https:\/\/djfuturo.com\/fr\/\"},{\"@type\":\"ListItem\",\"position\":2,\"name\":\"Fiche Luna\"}]},{\"@type\":\"WebSite\",\"@id\":\"https:\/\/djfuturo.com\/fr\/#website\",\"url\":\"https:\/\/djfuturo.com\/fr\/\",\"name\":\"DJFuturo FR\",\"description\":\"Logiciels, IA, plugins et outils pour la musique et l\u2019audio.\",\"publisher\":{\"@id\":\"https:\/\/djfuturo.com\/fr\/#organization\"},\"potentialAction\":[{\"@type\":\"SearchAction\",\"target\":{\"@type\":\"EntryPoint\",\"urlTemplate\":\"https:\/\/djfuturo.com\/fr\/?s={search_term_string}\"},\"query-input\":{\"@type\":\"PropertyValueSpecification\",\"valueRequired\":true,\"valueName\":\"search_term_string\"}}],\"inLanguage\":\"fr-FR\"},{\"@type\":\"Organization\",\"@id\":\"https:\/\/djfuturo.com\/fr\/#organization\",\"name\":\"DJ Futuro FR\",\"url\":\"https:\/\/djfuturo.com\/fr\/\",\"logo\":{\"@type\":\"ImageObject\",\"inLanguage\":\"fr-FR\",\"@id\":\"https:\/\/djfuturo.com\/fr\/#\/schema\/logo\/image\/\",\"url\":\"https:\/\/djfuturo.com\/fr\/wp-content\/uploads\/logo-DJFuturo-2.0.png\",\"contentUrl\":\"https:\/\/djfuturo.com\/fr\/wp-content\/uploads\/logo-DJFuturo-2.0.png\",\"width\":696,\"height\":232,\"caption\":\"DJ Futuro FR\"},\"image\":{\"@id\":\"https:\/\/djfuturo.com\/fr\/#\/schema\/logo\/image\/\"}}]}<\/script>\n<!-- \/ Yoast SEO plugin. -->","yoast_head_json":{"title":"Fiche Luna | DJFuturo FR","robots":{"index":"noindex","follow":"follow"},"og_locale":"fr_FR","og_type":"article","og_title":"Fiche Luna | DJFuturo FR","og_description":"T\u00e9l\u00e9charger LUNA UAD LUNA est une station audionum\u00e9rique (DAW) d\u00e9velopp\u00e9e par Universal Audio. Elle est optimis\u00e9e pour s\u2019int\u00e9grer au mat\u00e9riel et aux plugins UAD, mais peut aussi \u00eatre utilis\u00e9e ind\u00e9pendamment. [&hellip;]","og_url":"https:\/\/djfuturo.com\/fr\/fiche-luna\/","og_site_name":"DJFuturo FR","og_image":[{"width":492,"height":333,"url":"https:\/\/djfuturo.com\/fr\/wp-content\/uploads\/luna-uad.jpg","type":"image\/jpeg"}],"twitter_card":"summary_large_image","twitter_misc":{"Dur\u00e9e de lecture estim\u00e9e":"1 minute"},"schema":{"@context":"https:\/\/schema.org","@graph":[{"@type":"WebPage","@id":"https:\/\/djfuturo.com\/fr\/fiche-luna\/","url":"https:\/\/djfuturo.com\/fr\/fiche-luna\/","name":"Fiche Luna | DJFuturo FR","isPartOf":{"@id":"https:\/\/djfuturo.com\/fr\/#website"},"primaryImageOfPage":{"@id":"https:\/\/djfuturo.com\/fr\/fiche-luna\/#primaryimage"},"image":{"@id":"https:\/\/djfuturo.com\/fr\/fiche-luna\/#primaryimage"},"thumbnailUrl":"https:\/\/djfuturo.com\/fr\/wp-content\/uploads\/luna-uad-300x203.jpg","datePublished":"2026-01-22T19:26:27+00:00","dateModified":"2026-01-22T19:26:27+00:00","breadcrumb":{"@id":"https:\/\/djfuturo.com\/fr\/fiche-luna\/#breadcrumb"},"inLanguage":"fr-FR","potentialAction":[{"@type":"ReadAction","target":["https:\/\/djfuturo.com\/fr\/fiche-luna\/"]}]},{"@type":"ImageObject","inLanguage":"fr-FR","@id":"https:\/\/djfuturo.com\/fr\/fiche-luna\/#primaryimage","url":"https:\/\/djfuturo.com\/fr\/wp-content\/uploads\/luna-uad.jpg","contentUrl":"https:\/\/djfuturo.com\/fr\/wp-content\/uploads\/luna-uad.jpg","width":492,"height":333,"caption":"T\u00e9l\u00e9charger LUNA UAD - Universal Audio"},{"@type":"BreadcrumbList","@id":"https:\/\/djfuturo.com\/fr\/fiche-luna\/#breadcrumb","itemListElement":[{"@type":"ListItem","position":1,"name":"Inicio","item":"https:\/\/djfuturo.com\/fr\/"},{"@type":"ListItem","position":2,"name":"Fiche Luna"}]},{"@type":"WebSite","@id":"https:\/\/djfuturo.com\/fr\/#website","url":"https:\/\/djfuturo.com\/fr\/","name":"DJFuturo FR","description":"Logiciels, IA, plugins et outils pour la musique et l\u2019audio.","publisher":{"@id":"https:\/\/djfuturo.com\/fr\/#organization"},"potentialAction":[{"@type":"SearchAction","target":{"@type":"EntryPoint","urlTemplate":"https:\/\/djfuturo.com\/fr\/?s={search_term_string}"},"query-input":{"@type":"PropertyValueSpecification","valueRequired":true,"valueName":"search_term_string"}}],"inLanguage":"fr-FR"},{"@type":"Organization","@id":"https:\/\/djfuturo.com\/fr\/#organization","name":"DJ Futuro FR","url":"https:\/\/djfuturo.com\/fr\/","logo":{"@type":"ImageObject","inLanguage":"fr-FR","@id":"https:\/\/djfuturo.com\/fr\/#\/schema\/logo\/image\/","url":"https:\/\/djfuturo.com\/fr\/wp-content\/uploads\/logo-DJFuturo-2.0.png","contentUrl":"https:\/\/djfuturo.com\/fr\/wp-content\/uploads\/logo-DJFuturo-2.0.png","width":696,"height":232,"caption":"DJ Futuro FR"},"image":{"@id":"https:\/\/djfuturo.com\/fr\/#\/schema\/logo\/image\/"}}]}},"_links":{"self":[{"href":"https:\/\/djfuturo.com\/fr\/wp-json\/wp\/v2\/pages\/3005","targetHints":{"allow":["GET"]}}],"collection":[{"href":"https:\/\/djfuturo.com\/fr\/wp-json\/wp\/v2\/pages"}],"about":[{"href":"https:\/\/djfuturo.com\/fr\/wp-json\/wp\/v2\/types\/page"}],"author":[{"embeddable":true,"href":"https:\/\/djfuturo.com\/fr\/wp-json\/wp\/v2\/users\/1"}],"replies":[{"embeddable":true,"href":"https:\/\/djfuturo.com\/fr\/wp-json\/wp\/v2\/comments?post=3005"}],"version-history":[{"count":1,"href":"https:\/\/djfuturo.com\/fr\/wp-json\/wp\/v2\/pages\/3005\/revisions"}],"predecessor-version":[{"id":3006,"href":"https:\/\/djfuturo.com\/fr\/wp-json\/wp\/v2\/pages\/3005\/revisions\/3006"}],"wp:attachment":[{"href":"https:\/\/djfuturo.com\/fr\/wp-json\/wp\/v2\/media?parent=3005"}],"curies":[{"name":"wp","href":"https:\/\/api.w.org\/{rel}","templated":true}]}}