{"id":815,"date":"2024-11-27T14:17:03","date_gmt":"2024-11-27T12:17:03","guid":{"rendered":"https:\/\/djfuturo.com\/fr\/?page_id=815"},"modified":"2024-11-27T14:17:03","modified_gmt":"2024-11-27T12:17:03","slug":"fiche-adobe-audition","status":"publish","type":"page","link":"https:\/\/djfuturo.com\/fr\/fiche-adobe-audition\/","title":{"rendered":"Fiche Adobe Audition"},"content":{"rendered":"<h1 style=\"text-align: center;\">T\u00e9l\u00e9charger Adobe Audition<\/h1>\n<p><script async src=\"https:\/\/pagead2.googlesyndication.com\/pagead\/js\/adsbygoogle.js?client=ca-pub-4313414132612852\" crossorigin=\"anonymous\"><\/script><ins class=\"adsbygoogle\" style=\"display: block;\" data-ad-client=\"ca-pub-4313414132612852\" data-ad-slot=\"4536689617\" data-ad-format=\"auto\" data-full-width-responsive=\"true\"><\/ins><script>\n     (adsbygoogle = window.adsbygoogle || []).push({});\n<\/script><br \/>\n<img loading=\"lazy\" decoding=\"async\" class=\"size-medium wp-image-380 aligncenter\" src=\"https:\/\/djfuturo.com\/fr\/wp-content\/uploads\/telecharger-adobe-audition-300x203.jpg\" alt=\"T\u00e9l\u00e9charger Adobe Audition\" width=\"300\" height=\"203\" srcset=\"https:\/\/djfuturo.com\/fr\/wp-content\/uploads\/telecharger-adobe-audition-300x203.jpg 300w, https:\/\/djfuturo.com\/fr\/wp-content\/uploads\/telecharger-adobe-audition.jpg 492w\" sizes=\"auto, (max-width: 300px) 100vw, 300px\" \/><\/p>\n<h3 style=\"text-align: center;\">T\u00e9l\u00e9charger Adobe Audition pour Windows<\/h3>\n<p style=\"text-align: center;\"><a href=\"https:\/\/www.adobe.com\/fr\/products\/audition\/free-trial-download.html\" class=\"su-button su-button-style-default\" style=\"color:#242121;background-color:#c0f677;border-color:#9ac560;border-radius:40px\" target=\"_blank\" rel=\"noopener noreferrer\"><span style=\"color:#242121;padding:7px 20px;font-size:16px;line-height:24px;border-color:#d3f9a0;border-radius:40px;text-shadow:none\"><i class=\"sui sui-external-link\" style=\"font-size:16px;color:#1a2430\"><\/i> T\u00e9l\u00e9charger pour Windows<\/span><\/a><div class=\"su-spacer\" style=\"height:30px\"><\/div><ins class=\"adsbygoogle\" data-ad-client=\"ca-pub-4313414132612852\" data-ad-slot=\"4177930102\" data-ad-format=\"auto\" data-full-width-responsive=\"true\"><\/ins><\/p>\n<h3 style=\"text-align: center;\">T\u00e9l\u00e9charger Adobe Audition pour Mac<\/h3>\n<p style=\"text-align: center;\"><a href=\"https:\/\/www.adobe.com\/fr\/products\/audition\/free-trial-download.html\" class=\"su-button su-button-style-default\" style=\"color:#242121;background-color:#c0f677;border-color:#9ac560;border-radius:40px\" target=\"_blank\" rel=\"noopener noreferrer\"><span style=\"color:#242121;padding:7px 20px;font-size:16px;line-height:24px;border-color:#d3f9a0;border-radius:40px;text-shadow:none\"><i class=\"sui sui-external-link\" style=\"font-size:16px;color:#1a2430\"><\/i> T\u00e9l\u00e9charger pour Mac<\/span><\/a><div class=\"su-spacer\" style=\"height:20px\"><\/div>\n<div class=\"su-note post\"  style=\"border-color:#e5e5e5;\"><div class=\"su-note-inner su-u-clearfix su-u-trim\" style=\"background-color:#ffffff;border-color:#ffffff;color:#333333;\">\u2705 Il s&rsquo;agit de la <strong>derni\u00e8re version<\/strong> disponible.<br \/>\n\u2705 <strong>T\u00e9l\u00e9chargement rapide et 100 % s\u00e9curis\u00e9<\/strong>, le lien provient de la source officielle.<br \/>\n\u2139 Adobe recommande au minimum Windows 10 (version 22H2) ou MacOS Monterey (version 12) et 8 Go de RAM.<br \/>\n\u2139 Adobe vous propose une p\u00e9riode d&rsquo;essai de 7 jours pour ce logiciel. <\/div><\/div>\n<blockquote><p>Profitez d&rsquo;Adobe Audition \ud83d\ude42<\/p><\/blockquote>\n","protected":false},"excerpt":{"rendered":"<p>T\u00e9l\u00e9charger Adobe Audition T\u00e9l\u00e9charger Adobe Audition pour Windows T\u00e9l\u00e9charger Adobe Audition pour Mac Profitez d&rsquo;Adobe Audition \ud83d\ude42<\/p>\n","protected":false},"author":1,"featured_media":0,"parent":0,"menu_order":0,"comment_status":"closed","ping_status":"closed","template":"","meta":{"footnotes":""},"class_list":["post-815","page","type-page","status-publish","hentry","wpbf-post"],"yoast_head":"<!-- This site is optimized with the Yoast SEO plugin v24.2 - https:\/\/yoast.com\/wordpress\/plugins\/seo\/ -->\n<title>Fiche Adobe Audition | DJFuturo FR<\/title>\n<meta name=\"robots\" content=\"noindex, follow\" \/>\n<meta property=\"og:locale\" content=\"fr_FR\" \/>\n<meta property=\"og:type\" content=\"article\" \/>\n<meta property=\"og:title\" content=\"Fiche Adobe Audition | DJFuturo FR\" \/>\n<meta property=\"og:description\" content=\"T\u00e9l\u00e9charger Adobe Audition T\u00e9l\u00e9charger Adobe Audition pour Windows T\u00e9l\u00e9charger Adobe Audition pour Mac Profitez d&rsquo;Adobe Audition \ud83d\ude42\" \/>\n<meta property=\"og:url\" content=\"https:\/\/djfuturo.com\/fr\/fiche-adobe-audition\/\" \/>\n<meta property=\"og:site_name\" content=\"DJFuturo FR\" \/>\n<meta property=\"og:image\" content=\"https:\/\/djfuturo.com\/fr\/wp-content\/uploads\/telecharger-adobe-audition-300x203.jpg\" \/>\n<meta name=\"twitter:card\" content=\"summary_large_image\" \/>\n<meta name=\"twitter:label1\" content=\"Dur\u00e9e de lecture estim\u00e9e\" \/>\n\t<meta name=\"twitter:data1\" content=\"1 minute\" \/>\n<script type=\"application\/ld+json\" class=\"yoast-schema-graph\">{\"@context\":\"https:\/\/schema.org\",\"@graph\":[{\"@type\":\"WebPage\",\"@id\":\"https:\/\/djfuturo.com\/fr\/fiche-adobe-audition\/\",\"url\":\"https:\/\/djfuturo.com\/fr\/fiche-adobe-audition\/\",\"name\":\"Fiche Adobe Audition | DJFuturo FR\",\"isPartOf\":{\"@id\":\"https:\/\/djfuturo.com\/fr\/#website\"},\"primaryImageOfPage\":{\"@id\":\"https:\/\/djfuturo.com\/fr\/fiche-adobe-audition\/#primaryimage\"},\"image\":{\"@id\":\"https:\/\/djfuturo.com\/fr\/fiche-adobe-audition\/#primaryimage\"},\"thumbnailUrl\":\"https:\/\/djfuturo.com\/fr\/wp-content\/uploads\/telecharger-adobe-audition-300x203.jpg\",\"datePublished\":\"2024-11-27T12:17:03+00:00\",\"dateModified\":\"2024-11-27T12:17:03+00:00\",\"breadcrumb\":{\"@id\":\"https:\/\/djfuturo.com\/fr\/fiche-adobe-audition\/#breadcrumb\"},\"inLanguage\":\"fr-FR\",\"potentialAction\":[{\"@type\":\"ReadAction\",\"target\":[\"https:\/\/djfuturo.com\/fr\/fiche-adobe-audition\/\"]}]},{\"@type\":\"ImageObject\",\"inLanguage\":\"fr-FR\",\"@id\":\"https:\/\/djfuturo.com\/fr\/fiche-adobe-audition\/#primaryimage\",\"url\":\"https:\/\/djfuturo.com\/fr\/wp-content\/uploads\/telecharger-adobe-audition.jpg\",\"contentUrl\":\"https:\/\/djfuturo.com\/fr\/wp-content\/uploads\/telecharger-adobe-audition.jpg\",\"width\":492,\"height\":333,\"caption\":\"T\u00e9l\u00e9charger Adobe Audition\"},{\"@type\":\"BreadcrumbList\",\"@id\":\"https:\/\/djfuturo.com\/fr\/fiche-adobe-audition\/#breadcrumb\",\"itemListElement\":[{\"@type\":\"ListItem\",\"position\":1,\"name\":\"Inicio\",\"item\":\"https:\/\/djfuturo.com\/fr\/\"},{\"@type\":\"ListItem\",\"position\":2,\"name\":\"Fiche Adobe Audition\"}]},{\"@type\":\"WebSite\",\"@id\":\"https:\/\/djfuturo.com\/fr\/#website\",\"url\":\"https:\/\/djfuturo.com\/fr\/\",\"name\":\"DJFuturo FR\",\"description\":\"Logiciels, IA, plugins et outils pour la musique et l\u2019audio.\",\"publisher\":{\"@id\":\"https:\/\/djfuturo.com\/fr\/#organization\"},\"potentialAction\":[{\"@type\":\"SearchAction\",\"target\":{\"@type\":\"EntryPoint\",\"urlTemplate\":\"https:\/\/djfuturo.com\/fr\/?s={search_term_string}\"},\"query-input\":{\"@type\":\"PropertyValueSpecification\",\"valueRequired\":true,\"valueName\":\"search_term_string\"}}],\"inLanguage\":\"fr-FR\"},{\"@type\":\"Organization\",\"@id\":\"https:\/\/djfuturo.com\/fr\/#organization\",\"name\":\"DJ Futuro FR\",\"url\":\"https:\/\/djfuturo.com\/fr\/\",\"logo\":{\"@type\":\"ImageObject\",\"inLanguage\":\"fr-FR\",\"@id\":\"https:\/\/djfuturo.com\/fr\/#\/schema\/logo\/image\/\",\"url\":\"https:\/\/djfuturo.com\/fr\/wp-content\/uploads\/logo-DJFuturo-2.0.png\",\"contentUrl\":\"https:\/\/djfuturo.com\/fr\/wp-content\/uploads\/logo-DJFuturo-2.0.png\",\"width\":696,\"height\":232,\"caption\":\"DJ Futuro FR\"},\"image\":{\"@id\":\"https:\/\/djfuturo.com\/fr\/#\/schema\/logo\/image\/\"}}]}<\/script>\n<!-- \/ Yoast SEO plugin. -->","yoast_head_json":{"title":"Fiche Adobe Audition | DJFuturo FR","robots":{"index":"noindex","follow":"follow"},"og_locale":"fr_FR","og_type":"article","og_title":"Fiche Adobe Audition | DJFuturo FR","og_description":"T\u00e9l\u00e9charger Adobe Audition T\u00e9l\u00e9charger Adobe Audition pour Windows T\u00e9l\u00e9charger Adobe Audition pour Mac Profitez d&rsquo;Adobe Audition \ud83d\ude42","og_url":"https:\/\/djfuturo.com\/fr\/fiche-adobe-audition\/","og_site_name":"DJFuturo FR","og_image":[{"url":"https:\/\/djfuturo.com\/fr\/wp-content\/uploads\/telecharger-adobe-audition-300x203.jpg","type":"","width":"","height":""}],"twitter_card":"summary_large_image","twitter_misc":{"Dur\u00e9e de lecture estim\u00e9e":"1 minute"},"schema":{"@context":"https:\/\/schema.org","@graph":[{"@type":"WebPage","@id":"https:\/\/djfuturo.com\/fr\/fiche-adobe-audition\/","url":"https:\/\/djfuturo.com\/fr\/fiche-adobe-audition\/","name":"Fiche Adobe Audition | DJFuturo FR","isPartOf":{"@id":"https:\/\/djfuturo.com\/fr\/#website"},"primaryImageOfPage":{"@id":"https:\/\/djfuturo.com\/fr\/fiche-adobe-audition\/#primaryimage"},"image":{"@id":"https:\/\/djfuturo.com\/fr\/fiche-adobe-audition\/#primaryimage"},"thumbnailUrl":"https:\/\/djfuturo.com\/fr\/wp-content\/uploads\/telecharger-adobe-audition-300x203.jpg","datePublished":"2024-11-27T12:17:03+00:00","dateModified":"2024-11-27T12:17:03+00:00","breadcrumb":{"@id":"https:\/\/djfuturo.com\/fr\/fiche-adobe-audition\/#breadcrumb"},"inLanguage":"fr-FR","potentialAction":[{"@type":"ReadAction","target":["https:\/\/djfuturo.com\/fr\/fiche-adobe-audition\/"]}]},{"@type":"ImageObject","inLanguage":"fr-FR","@id":"https:\/\/djfuturo.com\/fr\/fiche-adobe-audition\/#primaryimage","url":"https:\/\/djfuturo.com\/fr\/wp-content\/uploads\/telecharger-adobe-audition.jpg","contentUrl":"https:\/\/djfuturo.com\/fr\/wp-content\/uploads\/telecharger-adobe-audition.jpg","width":492,"height":333,"caption":"T\u00e9l\u00e9charger Adobe Audition"},{"@type":"BreadcrumbList","@id":"https:\/\/djfuturo.com\/fr\/fiche-adobe-audition\/#breadcrumb","itemListElement":[{"@type":"ListItem","position":1,"name":"Inicio","item":"https:\/\/djfuturo.com\/fr\/"},{"@type":"ListItem","position":2,"name":"Fiche Adobe Audition"}]},{"@type":"WebSite","@id":"https:\/\/djfuturo.com\/fr\/#website","url":"https:\/\/djfuturo.com\/fr\/","name":"DJFuturo FR","description":"Logiciels, IA, plugins et outils pour la musique et l\u2019audio.","publisher":{"@id":"https:\/\/djfuturo.com\/fr\/#organization"},"potentialAction":[{"@type":"SearchAction","target":{"@type":"EntryPoint","urlTemplate":"https:\/\/djfuturo.com\/fr\/?s={search_term_string}"},"query-input":{"@type":"PropertyValueSpecification","valueRequired":true,"valueName":"search_term_string"}}],"inLanguage":"fr-FR"},{"@type":"Organization","@id":"https:\/\/djfuturo.com\/fr\/#organization","name":"DJ Futuro FR","url":"https:\/\/djfuturo.com\/fr\/","logo":{"@type":"ImageObject","inLanguage":"fr-FR","@id":"https:\/\/djfuturo.com\/fr\/#\/schema\/logo\/image\/","url":"https:\/\/djfuturo.com\/fr\/wp-content\/uploads\/logo-DJFuturo-2.0.png","contentUrl":"https:\/\/djfuturo.com\/fr\/wp-content\/uploads\/logo-DJFuturo-2.0.png","width":696,"height":232,"caption":"DJ Futuro FR"},"image":{"@id":"https:\/\/djfuturo.com\/fr\/#\/schema\/logo\/image\/"}}]}},"_links":{"self":[{"href":"https:\/\/djfuturo.com\/fr\/wp-json\/wp\/v2\/pages\/815","targetHints":{"allow":["GET"]}}],"collection":[{"href":"https:\/\/djfuturo.com\/fr\/wp-json\/wp\/v2\/pages"}],"about":[{"href":"https:\/\/djfuturo.com\/fr\/wp-json\/wp\/v2\/types\/page"}],"author":[{"embeddable":true,"href":"https:\/\/djfuturo.com\/fr\/wp-json\/wp\/v2\/users\/1"}],"replies":[{"embeddable":true,"href":"https:\/\/djfuturo.com\/fr\/wp-json\/wp\/v2\/comments?post=815"}],"version-history":[{"count":1,"href":"https:\/\/djfuturo.com\/fr\/wp-json\/wp\/v2\/pages\/815\/revisions"}],"predecessor-version":[{"id":816,"href":"https:\/\/djfuturo.com\/fr\/wp-json\/wp\/v2\/pages\/815\/revisions\/816"}],"wp:attachment":[{"href":"https:\/\/djfuturo.com\/fr\/wp-json\/wp\/v2\/media?parent=815"}],"curies":[{"name":"wp","href":"https:\/\/api.w.org\/{rel}","templated":true}]}}