{"id":16,"date":"2023-02-04T21:38:49","date_gmt":"2023-02-04T21:38:49","guid":{"rendered":"https:\/\/djfuturo.com\/it\/?page_id=16"},"modified":"2023-08-14T17:01:33","modified_gmt":"2023-08-14T15:01:33","slug":"avviso-legale","status":"publish","type":"page","link":"https:\/\/djfuturo.com\/it\/avviso-legale\/","title":{"rendered":"Avviso Legale"},"content":{"rendered":"<p>In questa pagina forniamo informazioni sullo scopo e sull&#8217;attivit\u00e0 di questo sito web, sulle informazioni che utilizza e sulle modalit\u00e0 di trattamento dei dati degli utenti.<\/p>\n<p>Questo sito web ottiene entrate dagli acquisti che soddisfano i requisiti applicabili secondo le condizioni stabilite dai programmi di vendita online a cui \u00e8 affiliato.<\/p>\n<h2>Titolare e responsabile legale del sito web<\/h2>\n<p>In conformit\u00e0 alle disposizioni della Legge 34\/2002 sui Servizi della Societ\u00e0 dell&#8217;Informazione e del Commercio Elettronico (LSSICE), offriamo all&#8217;utente le seguenti informazioni:<\/p>\n<p>Nome della societ\u00e0: djfuturo.com<br \/>\nE-mail: contact@djfuturo.com<br \/>\nAttivit\u00e0: diffusione di contenuti didattici sul settore dei DJ e della musica elettronica e attivit\u00e0 di affiliazione.<\/p>\n<h2>Oggetto<\/h2>\n<p>Il presente Avviso Legale regola le condizioni generali di utilizzo (incluso l&#8217;accesso) delle pagine che compongono il sito web djfuturo.com, inclusi i contenuti e i servizi resi disponibili su di esse.<\/p>\n<p>Chiunque acceda al portale djfuturo.com (&#8220;Utente&#8221;) accetta di essere soggetto alle condizioni generali in vigore in qualsiasi momento in cui accede a questo sito web.<\/p>\n<p>djfuturo.com si riserva il diritto di modificare, in qualsiasi momento e senza preavviso, la presentazione e la configurazione del portale djfuturo.com, nonch\u00e9 le presenti Condizioni Generali.<\/p>\n<h2>Dati personali raccolti<\/h2>\n<p>Quando l&#8217;Utente si connette o naviga sul sito web djfuturo.com, invia un&#8217;e-mail al Titolare, utilizza il modulo di contatto o pubblica un commento, fornisce informazioni personali di cui il Titolare \u00e8 responsabile. Tali informazioni possono includere dati personali quali indirizzo IP, nome e cognome, indirizzo fisico, indirizzo e-mail, numero di telefono e altre informazioni. Fornendo tali informazioni, l&#8217;Utente acconsente alla raccolta, all&#8217;uso, alla gestione e alla conservazione di tali informazioni da parte di djfuturo.com come specificato nella sua Informativa sulla privacy.<\/p>\n<h2>Impegni e obblighi degli Utenti<\/h2>\n<p>L&#8217;Utente \u00e8 informato, e accetta, che l&#8217;accesso al presente sito web non presuppone, in alcun modo, l&#8217;inizio di una relazione commerciale con djfuturo.com. In questo modo, l&#8217;Utente si impegna a utilizzare il sito web, i suoi servizi e i suoi contenuti senza contravvenire alla legislazione vigente, alla buona fede e all&#8217;ordine pubblico.<\/p>\n<p>\u00c8 vietato l&#8217;uso del sito web, con finalit\u00e0 illecite o dannose, o che, di qualsiasi forma, possano causare danni o impedire il normale funzionamento del sito web.<\/p>\n<p>Nell&#8217;utilizzo del sito web, l&#8217;Utente si impegna a non porre in essere alcun comportamento che possa ledere l&#8217;immagine, gli interessi e i diritti di djfuturo.com o di terzi o che possa danneggiare, rendere inutilizzabile o sovraccaricare il portale djfuturo.com o che possa impedire, in qualsiasi modo, il normale utilizzo del sito web.<\/p>\n<p>Tuttavia, l&#8217;Utente deve essere consapevole che le misure di sicurezza dei sistemi informatici su Internet non sono del tutto affidabili e che, pertanto, djfuturo.com non pu\u00f2 garantire l&#8217;inesistenza di malware o altri elementi che possano causare alterazioni nei sistemi informatici (software e hardware) dell&#8217;Utente o nei documenti elettronici e nei file in essi contenuti.<\/p>\n<h2>Contenuti<\/h2>\n<p>Per quanto riguarda i contenuti di questo sito web, \u00e8 vietato quanto segue:<\/p>\n<p>La sua riproduzione, distribuzione o modifica, totale o parziale, salvo autorizzazione di djfuturo.com in qualit\u00e0 di legittimo proprietario;<br \/>\nQualsiasi violazione dei diritti del provider o di djfuturo.com in qualit\u00e0 di legittimo proprietario;<br \/>\nIl suo utilizzo a fini commerciali o pubblicitari.<\/p>\n<h2>Link di affiliazione e pubblicit\u00e0<\/h2>\n<p>Questo sito web offre agli utenti link di affiliazione. I clienti non sono e non diventano, in virt\u00f9 della partecipazione di questo sito ai diversi programmi di affiliazione di vendita online, clienti di djfuturo.com.<\/p>\n<p>Tutti i prezzi, i termini e le condizioni di vendita, le regole, le politiche e le procedure operative relative agli ordini dei clienti, al servizio clienti e alla vendita dei prodotti contenuti nei negozi online si applicano anche ai clienti di tali negozi e possono essere modificati in qualsiasi momento.<\/p>\n<p>In quanto sito web affiliato a diversi programmi di vendita online, gli ordini e gli incidenti relativi agli acquisti effettuati da djfuturo.com utilizzando i link di affiliazione non vengono gestiti, n\u00e9 vengono gestiti i contatti.<\/p>\n<p>Le informazioni fornite su questi siti o link affiliati sono soggette alle politiche sulla privacy utilizzate su tali siti e non saranno soggette alla politica sulla privacy di djfuturo.com.<\/p>\n<p>Qualsiasi rapporto contrattuale o extracontrattuale che l&#8217;Utente instaura con gli inserzionisti, i clienti del negozio online o i terzi contattati attraverso questo portale si intende solo ed esclusivamente tra l&#8217;Utente e l&#8217;inserzionista e\/o il terzo. L&#8217;Utente sa e accetta che djfuturo.com agisce solo come canale o mezzo pubblicitario e pertanto non ha alcuna responsabilit\u00e0 per danni di qualsiasi natura causati in ragione delle proprie trattative, conversazioni e\/o rapporti contrattuali o extracontrattuali con inserzionisti o terzi contattati attraverso questo portale.<\/p>\n<h2>Misure di sicurezza<\/h2>\n<p>I dati personali comunicati dall&#8217;Utente a djfuturo.com possono essere conservati in banche dati automatizzate o meno, la cui titolarit\u00e0 corrisponde esclusivamente a djfuturo.com, assumendo quest&#8217;ultima tutte le misure di natura tecnica, organizzativa e di sicurezza che garantiscono la riservatezza, l&#8217;integrit\u00e0 e la qualit\u00e0 delle informazioni in esse contenute in accordo con quanto stabilito dalla normativa vigente in materia di protezione dei dati.<\/p>\n<p>La comunicazione tra gli Utenti e djfuturo.com utilizza un canale sicuro, e i dati trasmessi sono criptati grazie ai protocolli https, pertanto sono garantite le migliori condizioni di sicurezza in modo da assicurare la riservatezza degli Utenti.<\/p>\n<h2>Piattaforma di risoluzione delle controversie<\/h2>\n<p>La piattaforma di risoluzione delle controversie messa a disposizione dalla Commissione Europea \u00e8 a disposizione degli Utenti e si trova al seguente link: https:\/\/ec.europa.eu\/consumers\/odr\/.<\/p>\n<h2>Link esterni<\/h2>\n<p>Le pagine del sito web djfuturo.com contengono link ad altri siti web e contenuti di propriet\u00e0 di terzi. L&#8217;unico scopo dei link \u00e8 quello di fornire all&#8217;Utente la possibilit\u00e0 di accedere a tali contenuti commerciali.<\/p>\n<p>djfuturo.com non \u00e8 in alcun caso responsabile dei risultati che possono derivare all&#8217;Utente dall&#8217;accesso a tali link.<\/p>\n<p>Allo stesso modo, l&#8217;Utente trover\u00e0 all&#8217;interno di questo sito, pagine, promozioni, programmi di affiliazione che accedono alle abitudini di navigazione degli Utenti per stabilire dei profili. Queste informazioni sono sempre anonime e non identificano l&#8217;Utente.<\/p>\n<p>Le informazioni fornite su questi siti o link di affiliazione sono soggette alle politiche sulla privacy utilizzate su tali siti e non saranno soggette alla politica sulla privacy di djfuturo.com.<\/p>\n<h2>Navigazione e IP<\/h2>\n<p>Quando si naviga nel blog, si partecipa attraverso i commenti agli articoli e si utilizza il modulo di contatto, viene registrato l&#8217;indirizzo IP del computer. Questi dati saranno utilizzati solo per le statistiche dei visitatori.<\/p>\n<h2>Esclusione di garanzie e responsabilit\u00e0<\/h2>\n<p>djfuturo.com non fornisce alcuna garanzia e non \u00e8 responsabile, in nessun caso, per danni di qualsiasi natura che potrebbero essere causati da:<\/p>\n<p>La mancanza di disponibilit\u00e0, manutenzione e funzionamento efficace del sito web, o dei suoi servizi e contenuti;<br \/>\nL&#8217;esistenza di malware, programmi dannosi o nocivi nei contenuti;<br \/>\nUso illegale, negligente, fraudolento o contrario al presente Avviso legale;<br \/>\nLa mancanza di legalit\u00e0, qualit\u00e0, affidabilit\u00e0, utilit\u00e0 e disponibilit\u00e0 dei servizi forniti da terzi e messi a disposizione degli Utenti sul sito web.<br \/>\nIl fornitore non sar\u00e0 in alcun caso responsabile di eventuali danni che potrebbero derivare dall&#8217;uso illegale o improprio di questo sito web.<\/p>\n","protected":false},"excerpt":{"rendered":"<p>In questa pagina forniamo informazioni sullo scopo e sull&#8217;attivit\u00e0 di questo sito web, sulle informazioni che utilizza e sulle modalit\u00e0 di trattamento dei dati degli utenti. Questo sito web ottiene [&hellip;]<\/p>\n","protected":false},"author":1,"featured_media":0,"parent":0,"menu_order":0,"comment_status":"closed","ping_status":"closed","template":"","meta":{"footnotes":""},"class_list":["post-16","page","type-page","status-publish","hentry","wpbf-post"],"yoast_head":"<!-- This site is optimized with the Yoast SEO plugin v24.2 - https:\/\/yoast.com\/wordpress\/plugins\/seo\/ -->\n<title>Avviso Legale | DJFuturo IT<\/title>\n<meta name=\"robots\" content=\"noindex, follow\" \/>\n<meta property=\"og:locale\" content=\"it_IT\" \/>\n<meta property=\"og:type\" content=\"article\" \/>\n<meta property=\"og:title\" content=\"Avviso Legale | DJFuturo IT\" \/>\n<meta property=\"og:description\" content=\"In questa pagina forniamo informazioni sullo scopo e sull&#8217;attivit\u00e0 di questo sito web, sulle informazioni che utilizza e sulle modalit\u00e0 di trattamento dei dati degli utenti. Questo sito web ottiene [&hellip;]\" \/>\n<meta property=\"og:url\" content=\"https:\/\/djfuturo.com\/it\/avviso-legale\/\" \/>\n<meta property=\"og:site_name\" content=\"DJFuturo IT\" \/>\n<meta property=\"article:modified_time\" content=\"2023-08-14T15:01:33+00:00\" \/>\n<meta name=\"twitter:card\" content=\"summary_large_image\" \/>\n<meta name=\"twitter:label1\" content=\"Tempo di lettura stimato\" \/>\n\t<meta name=\"twitter:data1\" content=\"6 minuti\" \/>\n<script type=\"application\/ld+json\" class=\"yoast-schema-graph\">{\"@context\":\"https:\/\/schema.org\",\"@graph\":[{\"@type\":\"WebPage\",\"@id\":\"https:\/\/djfuturo.com\/it\/avviso-legale\/\",\"url\":\"https:\/\/djfuturo.com\/it\/avviso-legale\/\",\"name\":\"Avviso Legale | DJFuturo IT\",\"isPartOf\":{\"@id\":\"https:\/\/djfuturo.com\/it\/#website\"},\"datePublished\":\"2023-02-04T21:38:49+00:00\",\"dateModified\":\"2023-08-14T15:01:33+00:00\",\"breadcrumb\":{\"@id\":\"https:\/\/djfuturo.com\/it\/avviso-legale\/#breadcrumb\"},\"inLanguage\":\"it-IT\",\"potentialAction\":[{\"@type\":\"ReadAction\",\"target\":[\"https:\/\/djfuturo.com\/it\/avviso-legale\/\"]}]},{\"@type\":\"BreadcrumbList\",\"@id\":\"https:\/\/djfuturo.com\/it\/avviso-legale\/#breadcrumb\",\"itemListElement\":[{\"@type\":\"ListItem\",\"position\":1,\"name\":\"Inicio\",\"item\":\"https:\/\/djfuturo.com\/it\/\"},{\"@type\":\"ListItem\",\"position\":2,\"name\":\"Avviso Legale\"}]},{\"@type\":\"WebSite\",\"@id\":\"https:\/\/djfuturo.com\/it\/#website\",\"url\":\"https:\/\/djfuturo.com\/it\/\",\"name\":\"DJFuturo IT\",\"description\":\"Software, AI, plugin e strumenti per musica e audio.\",\"publisher\":{\"@id\":\"https:\/\/djfuturo.com\/it\/#organization\"},\"potentialAction\":[{\"@type\":\"SearchAction\",\"target\":{\"@type\":\"EntryPoint\",\"urlTemplate\":\"https:\/\/djfuturo.com\/it\/?s={search_term_string}\"},\"query-input\":{\"@type\":\"PropertyValueSpecification\",\"valueRequired\":true,\"valueName\":\"search_term_string\"}}],\"inLanguage\":\"it-IT\"},{\"@type\":\"Organization\",\"@id\":\"https:\/\/djfuturo.com\/it\/#organization\",\"name\":\"DJFuturo IT\",\"url\":\"https:\/\/djfuturo.com\/it\/\",\"logo\":{\"@type\":\"ImageObject\",\"inLanguage\":\"it-IT\",\"@id\":\"https:\/\/djfuturo.com\/it\/#\/schema\/logo\/image\/\",\"url\":\"https:\/\/djfuturo.com\/it\/wp-content\/uploads\/logo-DJFuturo-2.0.png\",\"contentUrl\":\"https:\/\/djfuturo.com\/it\/wp-content\/uploads\/logo-DJFuturo-2.0.png\",\"width\":696,\"height\":232,\"caption\":\"DJFuturo IT\"},\"image\":{\"@id\":\"https:\/\/djfuturo.com\/it\/#\/schema\/logo\/image\/\"}}]}<\/script>\n<!-- \/ Yoast SEO plugin. -->","yoast_head_json":{"title":"Avviso Legale | DJFuturo IT","robots":{"index":"noindex","follow":"follow"},"og_locale":"it_IT","og_type":"article","og_title":"Avviso Legale | DJFuturo IT","og_description":"In questa pagina forniamo informazioni sullo scopo e sull&#8217;attivit\u00e0 di questo sito web, sulle informazioni che utilizza e sulle modalit\u00e0 di trattamento dei dati degli utenti. Questo sito web ottiene [&hellip;]","og_url":"https:\/\/djfuturo.com\/it\/avviso-legale\/","og_site_name":"DJFuturo IT","article_modified_time":"2023-08-14T15:01:33+00:00","twitter_card":"summary_large_image","twitter_misc":{"Tempo di lettura stimato":"6 minuti"},"schema":{"@context":"https:\/\/schema.org","@graph":[{"@type":"WebPage","@id":"https:\/\/djfuturo.com\/it\/avviso-legale\/","url":"https:\/\/djfuturo.com\/it\/avviso-legale\/","name":"Avviso Legale | DJFuturo IT","isPartOf":{"@id":"https:\/\/djfuturo.com\/it\/#website"},"datePublished":"2023-02-04T21:38:49+00:00","dateModified":"2023-08-14T15:01:33+00:00","breadcrumb":{"@id":"https:\/\/djfuturo.com\/it\/avviso-legale\/#breadcrumb"},"inLanguage":"it-IT","potentialAction":[{"@type":"ReadAction","target":["https:\/\/djfuturo.com\/it\/avviso-legale\/"]}]},{"@type":"BreadcrumbList","@id":"https:\/\/djfuturo.com\/it\/avviso-legale\/#breadcrumb","itemListElement":[{"@type":"ListItem","position":1,"name":"Inicio","item":"https:\/\/djfuturo.com\/it\/"},{"@type":"ListItem","position":2,"name":"Avviso Legale"}]},{"@type":"WebSite","@id":"https:\/\/djfuturo.com\/it\/#website","url":"https:\/\/djfuturo.com\/it\/","name":"DJFuturo IT","description":"Software, AI, plugin e strumenti per musica e audio.","publisher":{"@id":"https:\/\/djfuturo.com\/it\/#organization"},"potentialAction":[{"@type":"SearchAction","target":{"@type":"EntryPoint","urlTemplate":"https:\/\/djfuturo.com\/it\/?s={search_term_string}"},"query-input":{"@type":"PropertyValueSpecification","valueRequired":true,"valueName":"search_term_string"}}],"inLanguage":"it-IT"},{"@type":"Organization","@id":"https:\/\/djfuturo.com\/it\/#organization","name":"DJFuturo IT","url":"https:\/\/djfuturo.com\/it\/","logo":{"@type":"ImageObject","inLanguage":"it-IT","@id":"https:\/\/djfuturo.com\/it\/#\/schema\/logo\/image\/","url":"https:\/\/djfuturo.com\/it\/wp-content\/uploads\/logo-DJFuturo-2.0.png","contentUrl":"https:\/\/djfuturo.com\/it\/wp-content\/uploads\/logo-DJFuturo-2.0.png","width":696,"height":232,"caption":"DJFuturo IT"},"image":{"@id":"https:\/\/djfuturo.com\/it\/#\/schema\/logo\/image\/"}}]}},"_links":{"self":[{"href":"https:\/\/djfuturo.com\/it\/wp-json\/wp\/v2\/pages\/16","targetHints":{"allow":["GET"]}}],"collection":[{"href":"https:\/\/djfuturo.com\/it\/wp-json\/wp\/v2\/pages"}],"about":[{"href":"https:\/\/djfuturo.com\/it\/wp-json\/wp\/v2\/types\/page"}],"author":[{"embeddable":true,"href":"https:\/\/djfuturo.com\/it\/wp-json\/wp\/v2\/users\/1"}],"replies":[{"embeddable":true,"href":"https:\/\/djfuturo.com\/it\/wp-json\/wp\/v2\/comments?post=16"}],"version-history":[{"count":3,"href":"https:\/\/djfuturo.com\/it\/wp-json\/wp\/v2\/pages\/16\/revisions"}],"predecessor-version":[{"id":127,"href":"https:\/\/djfuturo.com\/it\/wp-json\/wp\/v2\/pages\/16\/revisions\/127"}],"wp:attachment":[{"href":"https:\/\/djfuturo.com\/it\/wp-json\/wp\/v2\/media?parent=16"}],"curies":[{"name":"wp","href":"https:\/\/api.w.org\/{rel}","templated":true}]}}