{"id":18,"date":"2023-02-04T21:39:12","date_gmt":"2023-02-04T21:39:12","guid":{"rendered":"https:\/\/djfuturo.com\/it\/?page_id=18"},"modified":"2023-08-14T16:54:34","modified_gmt":"2023-08-14T14:54:34","slug":"privacy","status":"publish","type":"page","link":"https:\/\/djfuturo.com\/it\/privacy\/","title":{"rendered":"Informativa sulla Privacy"},"content":{"rendered":"<h2>Ambito di applicazione<\/h2>\n<p>DJFuturo.com si impegna a rispettare la privacy di coloro che visitano e utilizzano il suo sito web ospitato sotto l&#8217;URL https:\/\/DJFuturo.com (il &#8220;Sito web&#8221;).<\/p>\n<p>Lo scopo della presente Informativa sulla privacy \u00e8 quello di informare l&#8217;utente sul trattamento dei dati personali raccolti attraverso il Sito web e i servizi ad esso associati, in conformit\u00e0 con la Legge organica 15\/1999, del 13 dicembre, sulla protezione dei dati personali, i regolamenti che la sviluppano e la Legge 34\/2002, dell&#8217;11 luglio, sui servizi della societ\u00e0 dell&#8217;informazione e del commercio elettronico.<\/p>\n<p>L&#8217;utilizzo del Sito web o di uno qualsiasi dei suoi servizi associati implica l&#8217;accettazione da parte dell&#8217;utente delle disposizioni contenute nella presente Informativa sulla privacy e che i suoi dati personali saranno trattati secondo quanto qui stabilito.<\/p>\n<h2>Finalit\u00e0<\/h2>\n<p>I dati forniti dall&#8217;utente al momento della registrazione sul Sito web saranno utilizzati per inviargli occasionalmente informazioni su promozioni commerciali e novit\u00e0 del Sito web.<\/p>\n<p>Il Sito Web invier\u00e0 all&#8217;utente informazioni su promozioni commerciali e novit\u00e0 via e-mail, se l&#8217;utente ha dato il proprio consenso a ricevere tali informazioni.<\/p>\n<p>Se l&#8217;utente contatta DJFuturo.com attraverso il Sito web, i suoi dati personali saranno utilizzati per rispondere alle sue richieste di informazioni e ad altre domande.<\/p>\n<h2>Riservatezza e sicurezza<\/h2>\n<p>I dati personali degli utenti saranno trattati con la massima riservatezza. In nessun caso il Sito web trasferir\u00e0 i dati personali degli utenti a terzi al di fuori del Sito web, a meno che non sia richiesto dalla legge.<\/p>\n<p>Il Sito Web informa che adotter\u00e0 le misure tecniche e organizzative necessarie per evitare l&#8217;alterazione, la perdita, il trattamento non autorizzato o l&#8217;accesso ai dati, tenendo conto dello stato della tecnologia, della natura dei dati memorizzati e dei rischi a cui sono esposti, sia per azione umana che per l&#8217;ambiente fisico o naturale. Tuttavia, nessun sistema \u00e8 completamente sicuro, pertanto il Sito web non pu\u00f2 garantire che i dati possano essere completamente protetti in ogni momento e in ogni circostanza al di fuori del controllo di DJFuturo.com.<\/p>\n<h2>Diritti di accesso, rettifica, cancellazione e obiezione<\/h2>\n<p>Gli utenti possono in qualsiasi momento accedere, rettificare, cancellare o opporsi al trattamento dei propri dati personali accedendo alla scheda &#8220;Contatti&#8221; del Sito web, oppure selezionando l&#8217;opzione &#8220;unsubscribe&#8221; in qualsiasi e-mail inviata dal Sito web.<\/p>\n<h2>Cookie<\/h2>\n<p>Un cookie \u00e8 un piccolo file di testo che viene memorizzato nel browser quando l&#8217;utente visita quasi tutte le pagine web. \u00c8 utile al sito web per poter ricordare la visita dell&#8217;utente quando questi torna su quella pagina. I cookie di solito memorizzano informazioni di natura tecnica, preferenze personali, personalizzazione dei contenuti, statistiche di utilizzo, link ai social network, accesso agli account utente, ecc. Lo scopo dei cookie \u00e8 quello di adattare il contenuto del sito web al profilo e alle esigenze dell&#8217;utente; senza i cookie i servizi offerti da qualsiasi pagina sarebbero notevolmente ridotti. Se desiderate maggiori informazioni su cosa sono i cookie, cosa memorizzano, come cancellarli, disattivarli, ecc. potete farlo a questo <a href=\"https:\/\/djfuturo.com\/it\/cookies\/\">link<\/a>.<\/p>\n<h2>Cookie utilizzati in questo sito web<\/h2>\n<p><strong>Questo sito web utilizza i seguenti cookie:<\/strong><\/p>\n<p>Cookie di sessione, per garantire che gli utenti che scrivono commenti sul blog siano umani e non applicazioni automatizzate. Questo aiuta a combattere lo spam.<\/p>\n<p><strong>Questo sito web utilizza i seguenti cookie di terze parti:<\/strong><\/p>\n<p>Google Analytics: memorizza i cookie al fine di compilare statistiche sul traffico e sul volume delle visite a questo sito web. Utilizzando questo sito web acconsentite al trattamento delle informazioni che vi riguardano da parte di Google.<\/p>\n<p>Social network: ogni social network utilizza i propri cookie per consentire all&#8217;utente di cliccare su pulsanti quali Mi piace o Condividi.<\/p>\n<p><strong>Disattivazione o cancellazione dei cookie<\/strong><\/p>\n<p>L&#8217;utente pu\u00f2 esercitare in qualsiasi momento il diritto di disattivare o eliminare i cookie da questo sito web. Queste azioni vengono eseguite in modo diverso a seconda del browser utilizzato.<\/p>\n<p><strong>Note aggiuntive<\/strong><\/p>\n<p>N\u00e9 questo sito web n\u00e9 i suoi rappresentanti legali sono responsabili del contenuto o della veridicit\u00e0 delle politiche sulla privacy delle terze parti menzionate in questa politica sui cookie.<\/p>\n<p>I browser web sono gli strumenti responsabili della memorizzazione dei cookie e da qui l&#8217;utente deve esercitare il proprio diritto di cancellarli o disabilitarli. N\u00e9 questo sito web n\u00e9 i suoi rappresentanti legali possono garantire la corretta o scorretta gestione dei cookie da parte dei suddetti browser.<\/p>\n<p>In alcuni casi \u00e8 necessario installare i cookie affinch\u00e9 il browser non dimentichi la vostra decisione di non accettarli.<\/p>\n<p>Nel caso dei cookie di Google Analytics, questa societ\u00e0 li memorizza su server situati negli Stati Uniti e si impegna a non condividerli con terzi, tranne nei casi in cui ci\u00f2 sia necessario per il funzionamento del sistema o in cui la legge lo richieda. Secondo Google non memorizza l&#8217;indirizzo IP dell&#8217;utente. Google Inc. \u00e8 una societ\u00e0 che aderisce all&#8217;accordo Safe Harbour, che garantisce che tutti i dati trasferiti saranno trattati con un livello di protezione conforme alle normative europee.<\/p>\n<p>Se avete dubbi o domande su questa politica sui cookie, non esitate a contattarmi tramite la sezione contatti.<\/p>\n<h3>Spam<\/h3>\n<p>Il Sito non ammette la pratica dello &#8220;spamming&#8221;. Per spamming si intende l&#8217;invio ripetuto e massiccio di messaggi di posta elettronica non richiesti, solitamente di natura commerciale, a persone con le quali il mittente non ha avuto contatti precedenti o che hanno espresso il desiderio di non ricevere tali messaggi.<\/p>\n<p>Nel caso in cui il Sito ritenga che determinate informazioni possano essere di interesse per l&#8217;utente, si riserva il diritto di fornire tali informazioni via e-mail, previo consenso dell&#8217;utente e dandogli sempre la possibilit\u00e0 di rinunciare a tale servizio.<\/p>\n","protected":false},"excerpt":{"rendered":"<p>Ambito di applicazione DJFuturo.com si impegna a rispettare la privacy di coloro che visitano e utilizzano il suo sito web ospitato sotto l&#8217;URL https:\/\/DJFuturo.com (il &#8220;Sito web&#8221;). Lo scopo della [&hellip;]<\/p>\n","protected":false},"author":1,"featured_media":0,"parent":0,"menu_order":0,"comment_status":"closed","ping_status":"closed","template":"","meta":{"footnotes":""},"class_list":["post-18","page","type-page","status-publish","hentry","wpbf-post"],"yoast_head":"<!-- This site is optimized with the Yoast SEO plugin v24.2 - https:\/\/yoast.com\/wordpress\/plugins\/seo\/ -->\n<title>Informativa sulla Privacy | DJFuturo IT<\/title>\n<meta name=\"robots\" content=\"noindex, follow\" \/>\n<meta property=\"og:locale\" content=\"it_IT\" \/>\n<meta property=\"og:type\" content=\"article\" \/>\n<meta property=\"og:title\" content=\"Informativa sulla Privacy | DJFuturo IT\" \/>\n<meta property=\"og:description\" content=\"Ambito di applicazione DJFuturo.com si impegna a rispettare la privacy di coloro che visitano e utilizzano il suo sito web ospitato sotto l&#8217;URL https:\/\/DJFuturo.com (il &#8220;Sito web&#8221;). Lo scopo della [&hellip;]\" \/>\n<meta property=\"og:url\" content=\"https:\/\/djfuturo.com\/it\/privacy\/\" \/>\n<meta property=\"og:site_name\" content=\"DJFuturo IT\" \/>\n<meta property=\"article:modified_time\" content=\"2023-08-14T14:54:34+00:00\" \/>\n<meta name=\"twitter:card\" content=\"summary_large_image\" \/>\n<meta name=\"twitter:label1\" content=\"Tempo di lettura stimato\" \/>\n\t<meta name=\"twitter:data1\" content=\"5 minuti\" \/>\n<script type=\"application\/ld+json\" class=\"yoast-schema-graph\">{\"@context\":\"https:\/\/schema.org\",\"@graph\":[{\"@type\":\"WebPage\",\"@id\":\"https:\/\/djfuturo.com\/it\/privacy\/\",\"url\":\"https:\/\/djfuturo.com\/it\/privacy\/\",\"name\":\"Informativa sulla Privacy | DJFuturo IT\",\"isPartOf\":{\"@id\":\"https:\/\/djfuturo.com\/it\/#website\"},\"datePublished\":\"2023-02-04T21:39:12+00:00\",\"dateModified\":\"2023-08-14T14:54:34+00:00\",\"breadcrumb\":{\"@id\":\"https:\/\/djfuturo.com\/it\/privacy\/#breadcrumb\"},\"inLanguage\":\"it-IT\",\"potentialAction\":[{\"@type\":\"ReadAction\",\"target\":[\"https:\/\/djfuturo.com\/it\/privacy\/\"]}]},{\"@type\":\"BreadcrumbList\",\"@id\":\"https:\/\/djfuturo.com\/it\/privacy\/#breadcrumb\",\"itemListElement\":[{\"@type\":\"ListItem\",\"position\":1,\"name\":\"Inicio\",\"item\":\"https:\/\/djfuturo.com\/it\/\"},{\"@type\":\"ListItem\",\"position\":2,\"name\":\"Informativa sulla Privacy\"}]},{\"@type\":\"WebSite\",\"@id\":\"https:\/\/djfuturo.com\/it\/#website\",\"url\":\"https:\/\/djfuturo.com\/it\/\",\"name\":\"DJFuturo IT\",\"description\":\"Software, AI, plugin e strumenti per musica e audio.\",\"publisher\":{\"@id\":\"https:\/\/djfuturo.com\/it\/#organization\"},\"potentialAction\":[{\"@type\":\"SearchAction\",\"target\":{\"@type\":\"EntryPoint\",\"urlTemplate\":\"https:\/\/djfuturo.com\/it\/?s={search_term_string}\"},\"query-input\":{\"@type\":\"PropertyValueSpecification\",\"valueRequired\":true,\"valueName\":\"search_term_string\"}}],\"inLanguage\":\"it-IT\"},{\"@type\":\"Organization\",\"@id\":\"https:\/\/djfuturo.com\/it\/#organization\",\"name\":\"DJFuturo IT\",\"url\":\"https:\/\/djfuturo.com\/it\/\",\"logo\":{\"@type\":\"ImageObject\",\"inLanguage\":\"it-IT\",\"@id\":\"https:\/\/djfuturo.com\/it\/#\/schema\/logo\/image\/\",\"url\":\"https:\/\/djfuturo.com\/it\/wp-content\/uploads\/logo-DJFuturo-2.0.png\",\"contentUrl\":\"https:\/\/djfuturo.com\/it\/wp-content\/uploads\/logo-DJFuturo-2.0.png\",\"width\":696,\"height\":232,\"caption\":\"DJFuturo IT\"},\"image\":{\"@id\":\"https:\/\/djfuturo.com\/it\/#\/schema\/logo\/image\/\"}}]}<\/script>\n<!-- \/ Yoast SEO plugin. -->","yoast_head_json":{"title":"Informativa sulla Privacy | DJFuturo IT","robots":{"index":"noindex","follow":"follow"},"og_locale":"it_IT","og_type":"article","og_title":"Informativa sulla Privacy | DJFuturo IT","og_description":"Ambito di applicazione DJFuturo.com si impegna a rispettare la privacy di coloro che visitano e utilizzano il suo sito web ospitato sotto l&#8217;URL https:\/\/DJFuturo.com (il &#8220;Sito web&#8221;). Lo scopo della [&hellip;]","og_url":"https:\/\/djfuturo.com\/it\/privacy\/","og_site_name":"DJFuturo IT","article_modified_time":"2023-08-14T14:54:34+00:00","twitter_card":"summary_large_image","twitter_misc":{"Tempo di lettura stimato":"5 minuti"},"schema":{"@context":"https:\/\/schema.org","@graph":[{"@type":"WebPage","@id":"https:\/\/djfuturo.com\/it\/privacy\/","url":"https:\/\/djfuturo.com\/it\/privacy\/","name":"Informativa sulla Privacy | DJFuturo IT","isPartOf":{"@id":"https:\/\/djfuturo.com\/it\/#website"},"datePublished":"2023-02-04T21:39:12+00:00","dateModified":"2023-08-14T14:54:34+00:00","breadcrumb":{"@id":"https:\/\/djfuturo.com\/it\/privacy\/#breadcrumb"},"inLanguage":"it-IT","potentialAction":[{"@type":"ReadAction","target":["https:\/\/djfuturo.com\/it\/privacy\/"]}]},{"@type":"BreadcrumbList","@id":"https:\/\/djfuturo.com\/it\/privacy\/#breadcrumb","itemListElement":[{"@type":"ListItem","position":1,"name":"Inicio","item":"https:\/\/djfuturo.com\/it\/"},{"@type":"ListItem","position":2,"name":"Informativa sulla Privacy"}]},{"@type":"WebSite","@id":"https:\/\/djfuturo.com\/it\/#website","url":"https:\/\/djfuturo.com\/it\/","name":"DJFuturo IT","description":"Software, AI, plugin e strumenti per musica e audio.","publisher":{"@id":"https:\/\/djfuturo.com\/it\/#organization"},"potentialAction":[{"@type":"SearchAction","target":{"@type":"EntryPoint","urlTemplate":"https:\/\/djfuturo.com\/it\/?s={search_term_string}"},"query-input":{"@type":"PropertyValueSpecification","valueRequired":true,"valueName":"search_term_string"}}],"inLanguage":"it-IT"},{"@type":"Organization","@id":"https:\/\/djfuturo.com\/it\/#organization","name":"DJFuturo IT","url":"https:\/\/djfuturo.com\/it\/","logo":{"@type":"ImageObject","inLanguage":"it-IT","@id":"https:\/\/djfuturo.com\/it\/#\/schema\/logo\/image\/","url":"https:\/\/djfuturo.com\/it\/wp-content\/uploads\/logo-DJFuturo-2.0.png","contentUrl":"https:\/\/djfuturo.com\/it\/wp-content\/uploads\/logo-DJFuturo-2.0.png","width":696,"height":232,"caption":"DJFuturo IT"},"image":{"@id":"https:\/\/djfuturo.com\/it\/#\/schema\/logo\/image\/"}}]}},"_links":{"self":[{"href":"https:\/\/djfuturo.com\/it\/wp-json\/wp\/v2\/pages\/18","targetHints":{"allow":["GET"]}}],"collection":[{"href":"https:\/\/djfuturo.com\/it\/wp-json\/wp\/v2\/pages"}],"about":[{"href":"https:\/\/djfuturo.com\/it\/wp-json\/wp\/v2\/types\/page"}],"author":[{"embeddable":true,"href":"https:\/\/djfuturo.com\/it\/wp-json\/wp\/v2\/users\/1"}],"replies":[{"embeddable":true,"href":"https:\/\/djfuturo.com\/it\/wp-json\/wp\/v2\/comments?post=18"}],"version-history":[{"count":4,"href":"https:\/\/djfuturo.com\/it\/wp-json\/wp\/v2\/pages\/18\/revisions"}],"predecessor-version":[{"id":125,"href":"https:\/\/djfuturo.com\/it\/wp-json\/wp\/v2\/pages\/18\/revisions\/125"}],"wp:attachment":[{"href":"https:\/\/djfuturo.com\/it\/wp-json\/wp\/v2\/media?parent=18"}],"curies":[{"name":"wp","href":"https:\/\/api.w.org\/{rel}","templated":true}]}}