{"id":20,"date":"2023-02-04T21:39:38","date_gmt":"2023-02-04T21:39:38","guid":{"rendered":"https:\/\/djfuturo.com\/it\/?page_id=20"},"modified":"2023-08-15T09:55:59","modified_gmt":"2023-08-15T07:55:59","slug":"cookies","status":"publish","type":"page","link":"https:\/\/djfuturo.com\/it\/cookies\/","title":{"rendered":"Cookies"},"content":{"rendered":"<h2>Che cos&#8217;\u00e8 un cookie?<\/h2>\n<p>Un cookie \u00e8 un file di testo innocuo che viene memorizzato nel browser quando si visita quasi tutti i siti web. Lo scopo del cookie \u00e8 quello di consentire al sito web di ricordare la visita dell&#8217;utente quando questi torna a visitarlo. Sebbene molti non lo sappiano, i cookie sono utilizzati da 20 anni, da quando cio\u00e8 sono comparsi i primi browser per il World Wide Web.<\/p>\n<h2>Cosa NON \u00e8 un cookie?<\/h2>\n<p>Non \u00e8 un virus, un cavallo di Troia, un worm, spam, spyware o finestre pop-up.<\/p>\n<h2>Quali informazioni memorizza un cookie?<\/h2>\n<p>Di solito i cookie non memorizzano informazioni sensibili sull&#8217;utente, come i dati della carta di credito o della banca, le fotografie, la carta d&#8217;identit\u00e0 o le informazioni personali, ecc. I dati memorizzati sono di natura tecnica, preferenze personali, personalizzazione dei contenuti, ecc.<\/p>\n<p>Il server web non associa l&#8217;utente come persona, ma il suo browser web. Infatti, se di solito navigate con Internet Explorer e provate a navigare nello stesso sito web con Firefox o Chrome, vedrete che il sito web non si rende conto che siete la stessa persona perch\u00e9 in realt\u00e0 associa il browser, non la persona.<\/p>\n<h2>Quali tipi di cookie esistono?<\/h2>\n<ul>\n<li>Cookie tecnici: sono i pi\u00f9 elementari e consentono, tra l&#8217;altro, di sapere quando un utente umano o un&#8217;applicazione automatizzata sta navigando, quando un utente anonimo e un utente registrato stanno navigando, operazioni fondamentali per il funzionamento di qualsiasi sito web dinamico.<\/li>\n<li>Cookie di analisi: raccolgono informazioni sul tipo di navigazione dell&#8217;utente, sulle sezioni pi\u00f9 utilizzate, sui prodotti consultati, sull&#8217;ora del giorno, sulla lingua, ecc.<\/li>\n<li>Cookie pubblicitari: mostrano pubblicit\u00e0 in base alla navigazione, al paese di origine, alla lingua, ecc.<\/li>\n<\/ul>\n<h2>Cosa sono i cookie di prima parte e di terza parte?<\/h2>\n<p>I cookie di prima parte sono quelli generati dal sito web che state visitando, mentre i cookie di terza parte sono quelli generati da servizi o fornitori esterni come Facebook, Twitter, Google, ecc.<\/p>\n<h2>Cosa succede se disabilito i cookie?<\/h2>\n<p>Per aiutarvi a capire la portata che pu\u00f2 avere la disabilitazione dei cookie, ecco alcuni esempi:<\/p>\n<ul>\n<li>Non sar\u00e0 possibile condividere i contenuti di questo sito web su Facebook, Twitter o altri social network.<\/li>\n<li>Il sito web non sar\u00e0 in grado di adattare i contenuti alle preferenze personali dell&#8217;utente, come spesso accade nei negozi online.<\/li>\n<li>Non sar\u00e0 possibile accedere all&#8217;area personale del sito web, come Il mio account, Il mio profilo o I miei ordini.<\/li>\n<li>Negozi online: non sar\u00e0 possibile effettuare acquisti online, ma si dovranno effettuare per telefono o visitando il negozio fisico, se presente.<\/li>\n<li>Non sar\u00e0 possibile personalizzare le preferenze geografiche, come il fuso orario, la valuta o la lingua.<\/li>\n<li>Il sito non sar\u00e0 in grado di effettuare analisi web sui visitatori e sul traffico web, il che render\u00e0 difficile per il sito essere competitivo.<\/li>\n<li>Non sar\u00e0 possibile scrivere sul blog, caricare foto, inserire commenti, valutare o votare i contenuti. Il sito web non sar\u00e0 in grado di sapere se siete un essere umano o un&#8217;applicazione automatica che pubblica spam.<\/li>\n<li>Non sar\u00e0 possibile visualizzare pubblicit\u00e0 mirata, il che ridurr\u00e0 le entrate pubblicitarie del sito.<\/li>\n<li>Tutti i social network utilizzano i cookie, se li disabilitate non potrete utilizzare alcun social network.<\/li>\n<\/ul>\n<h2>Posso cancellare i cookie?<\/h2>\n<p>S\u00ec, non solo cancellarli, ma anche bloccarli, in generale o per un dominio specifico.<\/p>\n<p>Per eliminare i cookie da un sito web \u00e8 necessario andare nelle impostazioni del browser e l\u00ec \u00e8 possibile cercare quelli associati al dominio in questione ed eliminarli.<\/p>\n<h2>Impostazioni dei cookie per i browser pi\u00f9 diffusi<\/h2>\n<p>Ecco come accedere a un cookie specifico nel browser Chrome. Nota: questi passaggi possono variare a seconda della versione del browser:<\/p>\n<ol>\n<li>Accedere a Impostazioni o Preferenze tramite il menu File o facendo clic sull&#8217;icona di personalizzazione in alto a destra.<\/li>\n<li>Verranno visualizzate diverse sezioni, fare clic su Mostra opzioni avanzate.<\/li>\n<li>Andare su Privacy, Impostazioni contenuti.<\/li>\n<li>Selezionare Tutti i cookie e i dati del sito.<\/li>\n<li>Verr\u00e0 visualizzato un elenco di tutti i cookie ordinati per dominio. Per facilitare la ricerca dei cookie di un particolare dominio, inserire una parte o tutto l&#8217;indirizzo nel campo Cerca cookie.<\/li>\n<li>Dopo aver effettuato questo filtro, sullo schermo appariranno una o pi\u00f9 righe con i cookie del sito web richiesto. A questo punto non resta che selezionarle e premere X per eliminarle.<\/li>\n<\/ol>\n<p>Per accedere alle impostazioni dei cookie del browser Internet Explorer, seguite i seguenti passaggi (possono variare a seconda della versione del browser):<\/p>\n<ol>\n<li>Andare a Strumenti, Opzioni Internet<\/li>\n<li>Fare clic su Privacy.<\/li>\n<li>Spostare il cursore per impostare il livello di privacy desiderato.<\/li>\n<\/ol>\n<p>Per accedere alle impostazioni dei cookie del browser Firefox, procedere come segue (pu\u00f2 variare a seconda della versione del browser):<\/p>\n<ol>\n<li>Andare in Opzioni o Preferenze, a seconda del sistema operativo.<\/li>\n<li>Fare clic su Privacy.<\/li>\n<li>Alla voce Cronologia scegliere Utilizza impostazioni personalizzate per la cronologia.<\/li>\n<li>A questo punto verr\u00e0 visualizzata l&#8217;opzione Accetta i cookie, che pu\u00f2 essere attivata o disattivata in base alle proprie preferenze.<\/li>\n<\/ol>\n<p>Per accedere alle impostazioni dei cookie nel browser Safari per OSX, procedere come segue (pu\u00f2 variare a seconda della versione del browser):<\/p>\n<ol>\n<li>Andare su Preferenze, quindi su Privacy.<\/li>\n<li>Qui troverete l&#8217;opzione Blocca i cookie per regolare il tipo di blocco che desiderate effettuare.<\/li>\n<\/ol>\n<p>Per accedere alle impostazioni dei cookie del browser Safari per iOS, procedere come segue (pu\u00f2 variare a seconda della versione del browser):<\/p>\n<ol>\n<li>Andare su Impostazioni, quindi su Safari.<\/li>\n<li>Andate su Privacy e sicurezza e vedrete l&#8217;opzione Blocca cookie per regolare il tipo di blocco che volete fare.<\/li>\n<\/ol>\n<p>Per accedere alle impostazioni dei cookie del browser per i dispositivi Android, seguire i seguenti passaggi (possono variare a seconda della versione del browser):<\/p>\n<ol>\n<li>Avviare il browser e premere il tasto Menu, quindi Impostazioni.<\/li>\n<li>Andate su Sicurezza e privacy, dove vedrete l&#8217;opzione Accetta i cookie per attivare o disattivare la casella di controllo.<\/li>\n<\/ol>\n<p>Per accedere alle impostazioni dei cookie del browser per i dispositivi Windows Phone, procedere come segue (pu\u00f2 variare a seconda della versione del browser):<\/p>\n<ol>\n<li>Aprite Internet Explorer, quindi Altro, quindi Impostazioni<\/li>\n<li>\u00c8 ora possibile selezionare o deselezionare la casella Consenti cookie.<\/li>\n<\/ol>\n","protected":false},"excerpt":{"rendered":"<p>Che cos&#8217;\u00e8 un cookie? Un cookie \u00e8 un file di testo innocuo che viene memorizzato nel browser quando si visita quasi tutti i siti web. Lo scopo del cookie \u00e8 [&hellip;]<\/p>\n","protected":false},"author":1,"featured_media":0,"parent":0,"menu_order":0,"comment_status":"closed","ping_status":"closed","template":"","meta":{"footnotes":""},"class_list":["post-20","page","type-page","status-publish","hentry","wpbf-post"],"yoast_head":"<!-- This site is optimized with the Yoast SEO plugin v24.2 - https:\/\/yoast.com\/wordpress\/plugins\/seo\/ -->\n<title>Cookies | DJFuturo IT<\/title>\n<meta name=\"robots\" content=\"noindex, follow\" \/>\n<meta property=\"og:locale\" content=\"it_IT\" \/>\n<meta property=\"og:type\" content=\"article\" \/>\n<meta property=\"og:title\" content=\"Cookies | DJFuturo IT\" \/>\n<meta property=\"og:description\" content=\"Che cos&#8217;\u00e8 un cookie? Un cookie \u00e8 un file di testo innocuo che viene memorizzato nel browser quando si visita quasi tutti i siti web. Lo scopo del cookie \u00e8 [&hellip;]\" \/>\n<meta property=\"og:url\" content=\"https:\/\/djfuturo.com\/it\/cookies\/\" \/>\n<meta property=\"og:site_name\" content=\"DJFuturo IT\" \/>\n<meta property=\"article:modified_time\" content=\"2023-08-15T07:55:59+00:00\" \/>\n<meta name=\"twitter:card\" content=\"summary_large_image\" \/>\n<meta name=\"twitter:label1\" content=\"Tempo di lettura stimato\" \/>\n\t<meta name=\"twitter:data1\" content=\"5 minuti\" \/>\n<script type=\"application\/ld+json\" class=\"yoast-schema-graph\">{\"@context\":\"https:\/\/schema.org\",\"@graph\":[{\"@type\":\"WebPage\",\"@id\":\"https:\/\/djfuturo.com\/it\/cookies\/\",\"url\":\"https:\/\/djfuturo.com\/it\/cookies\/\",\"name\":\"Cookies | DJFuturo IT\",\"isPartOf\":{\"@id\":\"https:\/\/djfuturo.com\/it\/#website\"},\"datePublished\":\"2023-02-04T21:39:38+00:00\",\"dateModified\":\"2023-08-15T07:55:59+00:00\",\"breadcrumb\":{\"@id\":\"https:\/\/djfuturo.com\/it\/cookies\/#breadcrumb\"},\"inLanguage\":\"it-IT\",\"potentialAction\":[{\"@type\":\"ReadAction\",\"target\":[\"https:\/\/djfuturo.com\/it\/cookies\/\"]}]},{\"@type\":\"BreadcrumbList\",\"@id\":\"https:\/\/djfuturo.com\/it\/cookies\/#breadcrumb\",\"itemListElement\":[{\"@type\":\"ListItem\",\"position\":1,\"name\":\"Inicio\",\"item\":\"https:\/\/djfuturo.com\/it\/\"},{\"@type\":\"ListItem\",\"position\":2,\"name\":\"Cookies\"}]},{\"@type\":\"WebSite\",\"@id\":\"https:\/\/djfuturo.com\/it\/#website\",\"url\":\"https:\/\/djfuturo.com\/it\/\",\"name\":\"DJFuturo IT\",\"description\":\"Software, AI, plugin e strumenti per musica e audio.\",\"publisher\":{\"@id\":\"https:\/\/djfuturo.com\/it\/#organization\"},\"potentialAction\":[{\"@type\":\"SearchAction\",\"target\":{\"@type\":\"EntryPoint\",\"urlTemplate\":\"https:\/\/djfuturo.com\/it\/?s={search_term_string}\"},\"query-input\":{\"@type\":\"PropertyValueSpecification\",\"valueRequired\":true,\"valueName\":\"search_term_string\"}}],\"inLanguage\":\"it-IT\"},{\"@type\":\"Organization\",\"@id\":\"https:\/\/djfuturo.com\/it\/#organization\",\"name\":\"DJFuturo IT\",\"url\":\"https:\/\/djfuturo.com\/it\/\",\"logo\":{\"@type\":\"ImageObject\",\"inLanguage\":\"it-IT\",\"@id\":\"https:\/\/djfuturo.com\/it\/#\/schema\/logo\/image\/\",\"url\":\"https:\/\/djfuturo.com\/it\/wp-content\/uploads\/logo-DJFuturo-2.0.png\",\"contentUrl\":\"https:\/\/djfuturo.com\/it\/wp-content\/uploads\/logo-DJFuturo-2.0.png\",\"width\":696,\"height\":232,\"caption\":\"DJFuturo IT\"},\"image\":{\"@id\":\"https:\/\/djfuturo.com\/it\/#\/schema\/logo\/image\/\"}}]}<\/script>\n<!-- \/ Yoast SEO plugin. -->","yoast_head_json":{"title":"Cookies | DJFuturo IT","robots":{"index":"noindex","follow":"follow"},"og_locale":"it_IT","og_type":"article","og_title":"Cookies | DJFuturo IT","og_description":"Che cos&#8217;\u00e8 un cookie? Un cookie \u00e8 un file di testo innocuo che viene memorizzato nel browser quando si visita quasi tutti i siti web. Lo scopo del cookie \u00e8 [&hellip;]","og_url":"https:\/\/djfuturo.com\/it\/cookies\/","og_site_name":"DJFuturo IT","article_modified_time":"2023-08-15T07:55:59+00:00","twitter_card":"summary_large_image","twitter_misc":{"Tempo di lettura stimato":"5 minuti"},"schema":{"@context":"https:\/\/schema.org","@graph":[{"@type":"WebPage","@id":"https:\/\/djfuturo.com\/it\/cookies\/","url":"https:\/\/djfuturo.com\/it\/cookies\/","name":"Cookies | DJFuturo IT","isPartOf":{"@id":"https:\/\/djfuturo.com\/it\/#website"},"datePublished":"2023-02-04T21:39:38+00:00","dateModified":"2023-08-15T07:55:59+00:00","breadcrumb":{"@id":"https:\/\/djfuturo.com\/it\/cookies\/#breadcrumb"},"inLanguage":"it-IT","potentialAction":[{"@type":"ReadAction","target":["https:\/\/djfuturo.com\/it\/cookies\/"]}]},{"@type":"BreadcrumbList","@id":"https:\/\/djfuturo.com\/it\/cookies\/#breadcrumb","itemListElement":[{"@type":"ListItem","position":1,"name":"Inicio","item":"https:\/\/djfuturo.com\/it\/"},{"@type":"ListItem","position":2,"name":"Cookies"}]},{"@type":"WebSite","@id":"https:\/\/djfuturo.com\/it\/#website","url":"https:\/\/djfuturo.com\/it\/","name":"DJFuturo IT","description":"Software, AI, plugin e strumenti per musica e audio.","publisher":{"@id":"https:\/\/djfuturo.com\/it\/#organization"},"potentialAction":[{"@type":"SearchAction","target":{"@type":"EntryPoint","urlTemplate":"https:\/\/djfuturo.com\/it\/?s={search_term_string}"},"query-input":{"@type":"PropertyValueSpecification","valueRequired":true,"valueName":"search_term_string"}}],"inLanguage":"it-IT"},{"@type":"Organization","@id":"https:\/\/djfuturo.com\/it\/#organization","name":"DJFuturo IT","url":"https:\/\/djfuturo.com\/it\/","logo":{"@type":"ImageObject","inLanguage":"it-IT","@id":"https:\/\/djfuturo.com\/it\/#\/schema\/logo\/image\/","url":"https:\/\/djfuturo.com\/it\/wp-content\/uploads\/logo-DJFuturo-2.0.png","contentUrl":"https:\/\/djfuturo.com\/it\/wp-content\/uploads\/logo-DJFuturo-2.0.png","width":696,"height":232,"caption":"DJFuturo IT"},"image":{"@id":"https:\/\/djfuturo.com\/it\/#\/schema\/logo\/image\/"}}]}},"_links":{"self":[{"href":"https:\/\/djfuturo.com\/it\/wp-json\/wp\/v2\/pages\/20","targetHints":{"allow":["GET"]}}],"collection":[{"href":"https:\/\/djfuturo.com\/it\/wp-json\/wp\/v2\/pages"}],"about":[{"href":"https:\/\/djfuturo.com\/it\/wp-json\/wp\/v2\/types\/page"}],"author":[{"embeddable":true,"href":"https:\/\/djfuturo.com\/it\/wp-json\/wp\/v2\/users\/1"}],"replies":[{"embeddable":true,"href":"https:\/\/djfuturo.com\/it\/wp-json\/wp\/v2\/comments?post=20"}],"version-history":[{"count":3,"href":"https:\/\/djfuturo.com\/it\/wp-json\/wp\/v2\/pages\/20\/revisions"}],"predecessor-version":[{"id":130,"href":"https:\/\/djfuturo.com\/it\/wp-json\/wp\/v2\/pages\/20\/revisions\/130"}],"wp:attachment":[{"href":"https:\/\/djfuturo.com\/it\/wp-json\/wp\/v2\/media?parent=20"}],"curies":[{"name":"wp","href":"https:\/\/api.w.org\/{rel}","templated":true}]}}