{"id":1619,"date":"2025-10-27T20:17:16","date_gmt":"2025-10-27T19:17:16","guid":{"rendered":"https:\/\/djfuturo.com\/pt\/?page_id=1619"},"modified":"2025-10-27T20:17:16","modified_gmt":"2025-10-27T19:17:16","slug":"ficha-do-ardour","status":"publish","type":"page","link":"https:\/\/djfuturo.com\/pt\/ficha-do-ardour\/","title":{"rendered":"Ficha do Ardour"},"content":{"rendered":"<h1 style=\"text-align: center;\">Baixe o Ardour<\/h1>\n<p><script async src=\"https:\/\/pagead2.googlesyndication.com\/pagead\/js\/adsbygoogle.js?client=ca-pub-4313414132612852\" crossorigin=\"anonymous\"><\/script><ins class=\"adsbygoogle\" style=\"display: block;\" data-ad-client=\"ca-pub-4313414132612852\" data-ad-slot=\"9348662009\" data-ad-format=\"auto\" data-full-width-responsive=\"true\"><\/ins><script>\n     (adsbygoogle = window.adsbygoogle || []).push({});\n<\/script><br \/>\n<img loading=\"lazy\" decoding=\"async\" class=\"size-medium wp-image-1124 aligncenter\" src=\"https:\/\/djfuturo.com\/pt\/wp-content\/uploads\/ardour-300x203.jpg\" alt=\"Download Ardour\" width=\"300\" height=\"203\" srcset=\"https:\/\/djfuturo.com\/pt\/wp-content\/uploads\/ardour-300x203.jpg 300w, https:\/\/djfuturo.com\/pt\/wp-content\/uploads\/ardour.jpg 492w\" sizes=\"auto, (max-width: 300px) 100vw, 300px\" \/><\/p>\n<h2 style=\"text-align: center;\">Baixar Ardour para Windows<\/h2>\n<p style=\"text-align: center;\"><a href=\"https:\/\/community.ardour.org\/download?platform=win&#038;architecture=x86_64&#038;type=compiled\" class=\"su-button su-button-style-default\" style=\"color:#242121;background-color:#c0f677;border-color:#9ac560;border-radius:34px\" target=\"_blank\" rel=\"noopener noreferrer\"><span style=\"color:#242121;padding:6px 18px;font-size:14px;line-height:21px;border-color:#d3f9a0;border-radius:34px;text-shadow:none\"><i class=\"sui sui-external-link\" style=\"font-size:14px;color:#1a2430\"><\/i> Baixar para Windows<\/span><\/a>\n<h2 style=\"text-align: center;\">Baixar Ardour para Mac<\/h2>\n<p style=\"text-align: center;\"><a href=\"https:\/\/community.ardour.org\/download?platform=mac&#038;architecture=x86_64&#038;type=compiled\" class=\"su-button su-button-style-default\" style=\"color:#242121;background-color:#c0f677;border-color:#9ac560;border-radius:34px\" target=\"_blank\" rel=\"noopener noreferrer\"><span style=\"color:#242121;padding:6px 18px;font-size:14px;line-height:21px;border-color:#d3f9a0;border-radius:34px;text-shadow:none\"><i class=\"sui sui-external-link\" style=\"font-size:14px;color:#1a2430\"><\/i> Baixar para Mac<\/span><\/a><div class=\"su-spacer\" style=\"height:30px\"><\/div>\n<ul>\n<li>Ou baixe o <a href=\"https:\/\/community.ardour.org\/download?platform=win&amp;architecture=x86_64&amp;type=source\" target=\"_blank\" rel=\"noopener\">c\u00f3digo-fonte<\/a>, 100% gratuito.<\/li>\n<\/ul>\n<div class=\"su-note post\"  style=\"border-color:#e5e5e5;\"><div class=\"su-note-inner su-u-clearfix su-u-trim\" style=\"background-color:#ffffff;border-color:#ffffff;color:#333333;\">\u2705 Esta \u00e9 a <strong>vers\u00e3o mais atual<\/strong> dispon\u00edvel.<br \/>\n\u2705 <strong>Download r\u00e1pido e seguro<\/strong> direto da fonte oficial.<br \/>\n\u2139 O programa \u00e9 gratuito em sua vers\u00e3o de c\u00f3digo-fonte. J\u00e1 as vers\u00f5es pr\u00e9-compiladas (prontas para instalar) exigem uma doa\u00e7\u00e3o (a partir de 1 d\u00f3lar). Sem a doa\u00e7\u00e3o, h\u00e1 uma limita\u00e7\u00e3o, veja mais abaixo.<br \/>\n\u2139 Requisitos recomendados: Windows XP (64 bits), macOS High Sierra (Intel) ou macOS Big Sur (Apple Silicon).<\/div><\/div>\n<blockquote><p>Desfrute do Ardour!<\/p><\/blockquote>\n","protected":false},"excerpt":{"rendered":"<p>Baixe o Ardour Baixar Ardour para Windows Baixar Ardour para Mac Ou baixe o c\u00f3digo-fonte, 100% gratuito. Desfrute do Ardour!<\/p>\n","protected":false},"author":1,"featured_media":0,"parent":0,"menu_order":0,"comment_status":"closed","ping_status":"closed","template":"","meta":{"footnotes":""},"class_list":["post-1619","page","type-page","status-publish","hentry","wpbf-post"],"yoast_head":"<!-- This site is optimized with the Yoast SEO plugin v24.5 - https:\/\/yoast.com\/wordpress\/plugins\/seo\/ -->\n<title>Ficha do Ardour | DJFuturo PT-BR<\/title>\n<meta name=\"robots\" content=\"noindex, follow\" \/>\n<meta property=\"og:locale\" content=\"pt_BR\" \/>\n<meta property=\"og:type\" content=\"article\" \/>\n<meta property=\"og:title\" content=\"Ficha do Ardour | DJFuturo PT-BR\" \/>\n<meta property=\"og:description\" content=\"Baixe o Ardour Baixar Ardour para Windows Baixar Ardour para Mac Ou baixe o c\u00f3digo-fonte, 100% gratuito. Desfrute do Ardour!\" \/>\n<meta property=\"og:url\" content=\"https:\/\/djfuturo.com\/pt\/ficha-do-ardour\/\" \/>\n<meta property=\"og:site_name\" content=\"DJFuturo PT-BR\" \/>\n<meta property=\"og:image\" content=\"https:\/\/djfuturo.com\/pt\/wp-content\/uploads\/ardour.jpg\" \/>\n\t<meta property=\"og:image:width\" content=\"492\" \/>\n\t<meta property=\"og:image:height\" content=\"333\" \/>\n\t<meta property=\"og:image:type\" content=\"image\/jpeg\" \/>\n<meta name=\"twitter:card\" content=\"summary_large_image\" \/>\n<meta name=\"twitter:label1\" content=\"Est. tempo de leitura\" \/>\n\t<meta name=\"twitter:data1\" content=\"1 minuto\" \/>\n<script type=\"application\/ld+json\" class=\"yoast-schema-graph\">{\"@context\":\"https:\/\/schema.org\",\"@graph\":[{\"@type\":\"WebPage\",\"@id\":\"https:\/\/djfuturo.com\/pt\/ficha-do-ardour\/\",\"url\":\"https:\/\/djfuturo.com\/pt\/ficha-do-ardour\/\",\"name\":\"Ficha do Ardour | DJFuturo PT-BR\",\"isPartOf\":{\"@id\":\"https:\/\/djfuturo.com\/pt\/#website\"},\"primaryImageOfPage\":{\"@id\":\"https:\/\/djfuturo.com\/pt\/ficha-do-ardour\/#primaryimage\"},\"image\":{\"@id\":\"https:\/\/djfuturo.com\/pt\/ficha-do-ardour\/#primaryimage\"},\"thumbnailUrl\":\"https:\/\/djfuturo.com\/pt\/wp-content\/uploads\/ardour-300x203.jpg\",\"datePublished\":\"2025-10-27T19:17:16+00:00\",\"breadcrumb\":{\"@id\":\"https:\/\/djfuturo.com\/pt\/ficha-do-ardour\/#breadcrumb\"},\"inLanguage\":\"pt-BR\",\"potentialAction\":[{\"@type\":\"ReadAction\",\"target\":[\"https:\/\/djfuturo.com\/pt\/ficha-do-ardour\/\"]}]},{\"@type\":\"ImageObject\",\"inLanguage\":\"pt-BR\",\"@id\":\"https:\/\/djfuturo.com\/pt\/ficha-do-ardour\/#primaryimage\",\"url\":\"https:\/\/djfuturo.com\/pt\/wp-content\/uploads\/ardour.jpg\",\"contentUrl\":\"https:\/\/djfuturo.com\/pt\/wp-content\/uploads\/ardour.jpg\",\"width\":492,\"height\":333,\"caption\":\"Download Ardour\"},{\"@type\":\"BreadcrumbList\",\"@id\":\"https:\/\/djfuturo.com\/pt\/ficha-do-ardour\/#breadcrumb\",\"itemListElement\":[{\"@type\":\"ListItem\",\"position\":1,\"name\":\"Home\",\"item\":\"https:\/\/djfuturo.com\/pt\/\"},{\"@type\":\"ListItem\",\"position\":2,\"name\":\"Ficha do Ardour\"}]},{\"@type\":\"WebSite\",\"@id\":\"https:\/\/djfuturo.com\/pt\/#website\",\"url\":\"https:\/\/djfuturo.com\/pt\/\",\"name\":\"DJFuturo PT-BR\",\"description\":\"Software, IA, plugins e ferramentas para m\u00fasica e \u00e1udio.\",\"publisher\":{\"@id\":\"https:\/\/djfuturo.com\/pt\/#organization\"},\"potentialAction\":[{\"@type\":\"SearchAction\",\"target\":{\"@type\":\"EntryPoint\",\"urlTemplate\":\"https:\/\/djfuturo.com\/pt\/?s={search_term_string}\"},\"query-input\":{\"@type\":\"PropertyValueSpecification\",\"valueRequired\":true,\"valueName\":\"search_term_string\"}}],\"inLanguage\":\"pt-BR\"},{\"@type\":\"Organization\",\"@id\":\"https:\/\/djfuturo.com\/pt\/#organization\",\"name\":\"DJFuturo PT-BR\",\"url\":\"https:\/\/djfuturo.com\/pt\/\",\"logo\":{\"@type\":\"ImageObject\",\"inLanguage\":\"pt-BR\",\"@id\":\"https:\/\/djfuturo.com\/pt\/#\/schema\/logo\/image\/\",\"url\":\"https:\/\/djfuturo.com\/pt\/wp-content\/uploads\/logo-DJFuturo-2.0.png\",\"contentUrl\":\"https:\/\/djfuturo.com\/pt\/wp-content\/uploads\/logo-DJFuturo-2.0.png\",\"width\":696,\"height\":232,\"caption\":\"DJFuturo PT-BR\"},\"image\":{\"@id\":\"https:\/\/djfuturo.com\/pt\/#\/schema\/logo\/image\/\"}}]}<\/script>\n<!-- \/ Yoast SEO plugin. -->","yoast_head_json":{"title":"Ficha do Ardour | DJFuturo PT-BR","robots":{"index":"noindex","follow":"follow"},"og_locale":"pt_BR","og_type":"article","og_title":"Ficha do Ardour | DJFuturo PT-BR","og_description":"Baixe o Ardour Baixar Ardour para Windows Baixar Ardour para Mac Ou baixe o c\u00f3digo-fonte, 100% gratuito. Desfrute do Ardour!","og_url":"https:\/\/djfuturo.com\/pt\/ficha-do-ardour\/","og_site_name":"DJFuturo PT-BR","og_image":[{"width":492,"height":333,"url":"https:\/\/djfuturo.com\/pt\/wp-content\/uploads\/ardour.jpg","type":"image\/jpeg"}],"twitter_card":"summary_large_image","twitter_misc":{"Est. tempo de leitura":"1 minuto"},"schema":{"@context":"https:\/\/schema.org","@graph":[{"@type":"WebPage","@id":"https:\/\/djfuturo.com\/pt\/ficha-do-ardour\/","url":"https:\/\/djfuturo.com\/pt\/ficha-do-ardour\/","name":"Ficha do Ardour | DJFuturo PT-BR","isPartOf":{"@id":"https:\/\/djfuturo.com\/pt\/#website"},"primaryImageOfPage":{"@id":"https:\/\/djfuturo.com\/pt\/ficha-do-ardour\/#primaryimage"},"image":{"@id":"https:\/\/djfuturo.com\/pt\/ficha-do-ardour\/#primaryimage"},"thumbnailUrl":"https:\/\/djfuturo.com\/pt\/wp-content\/uploads\/ardour-300x203.jpg","datePublished":"2025-10-27T19:17:16+00:00","breadcrumb":{"@id":"https:\/\/djfuturo.com\/pt\/ficha-do-ardour\/#breadcrumb"},"inLanguage":"pt-BR","potentialAction":[{"@type":"ReadAction","target":["https:\/\/djfuturo.com\/pt\/ficha-do-ardour\/"]}]},{"@type":"ImageObject","inLanguage":"pt-BR","@id":"https:\/\/djfuturo.com\/pt\/ficha-do-ardour\/#primaryimage","url":"https:\/\/djfuturo.com\/pt\/wp-content\/uploads\/ardour.jpg","contentUrl":"https:\/\/djfuturo.com\/pt\/wp-content\/uploads\/ardour.jpg","width":492,"height":333,"caption":"Download Ardour"},{"@type":"BreadcrumbList","@id":"https:\/\/djfuturo.com\/pt\/ficha-do-ardour\/#breadcrumb","itemListElement":[{"@type":"ListItem","position":1,"name":"Home","item":"https:\/\/djfuturo.com\/pt\/"},{"@type":"ListItem","position":2,"name":"Ficha do Ardour"}]},{"@type":"WebSite","@id":"https:\/\/djfuturo.com\/pt\/#website","url":"https:\/\/djfuturo.com\/pt\/","name":"DJFuturo PT-BR","description":"Software, IA, plugins e ferramentas para m\u00fasica e \u00e1udio.","publisher":{"@id":"https:\/\/djfuturo.com\/pt\/#organization"},"potentialAction":[{"@type":"SearchAction","target":{"@type":"EntryPoint","urlTemplate":"https:\/\/djfuturo.com\/pt\/?s={search_term_string}"},"query-input":{"@type":"PropertyValueSpecification","valueRequired":true,"valueName":"search_term_string"}}],"inLanguage":"pt-BR"},{"@type":"Organization","@id":"https:\/\/djfuturo.com\/pt\/#organization","name":"DJFuturo PT-BR","url":"https:\/\/djfuturo.com\/pt\/","logo":{"@type":"ImageObject","inLanguage":"pt-BR","@id":"https:\/\/djfuturo.com\/pt\/#\/schema\/logo\/image\/","url":"https:\/\/djfuturo.com\/pt\/wp-content\/uploads\/logo-DJFuturo-2.0.png","contentUrl":"https:\/\/djfuturo.com\/pt\/wp-content\/uploads\/logo-DJFuturo-2.0.png","width":696,"height":232,"caption":"DJFuturo PT-BR"},"image":{"@id":"https:\/\/djfuturo.com\/pt\/#\/schema\/logo\/image\/"}}]}},"_links":{"self":[{"href":"https:\/\/djfuturo.com\/pt\/wp-json\/wp\/v2\/pages\/1619","targetHints":{"allow":["GET"]}}],"collection":[{"href":"https:\/\/djfuturo.com\/pt\/wp-json\/wp\/v2\/pages"}],"about":[{"href":"https:\/\/djfuturo.com\/pt\/wp-json\/wp\/v2\/types\/page"}],"author":[{"embeddable":true,"href":"https:\/\/djfuturo.com\/pt\/wp-json\/wp\/v2\/users\/1"}],"replies":[{"embeddable":true,"href":"https:\/\/djfuturo.com\/pt\/wp-json\/wp\/v2\/comments?post=1619"}],"version-history":[{"count":1,"href":"https:\/\/djfuturo.com\/pt\/wp-json\/wp\/v2\/pages\/1619\/revisions"}],"predecessor-version":[{"id":1620,"href":"https:\/\/djfuturo.com\/pt\/wp-json\/wp\/v2\/pages\/1619\/revisions\/1620"}],"wp:attachment":[{"href":"https:\/\/djfuturo.com\/pt\/wp-json\/wp\/v2\/media?parent=1619"}],"curies":[{"name":"wp","href":"https:\/\/api.w.org\/{rel}","templated":true}]}}