{"id":1848,"date":"2025-11-28T13:25:04","date_gmt":"2025-11-28T12:25:04","guid":{"rendered":"https:\/\/djfuturo.com\/pt\/?page_id=1848"},"modified":"2025-11-28T13:25:04","modified_gmt":"2025-11-28T12:25:04","slug":"ficha-do-wedj","status":"publish","type":"page","link":"https:\/\/djfuturo.com\/pt\/ficha-do-wedj\/","title":{"rendered":"Ficha do WeDJ"},"content":{"rendered":"<h1 style=\"text-align: center;\">Baixar WeDJ<\/h1>\n<blockquote><p>WeDJ &#8211; Um app completo, com todas as fun\u00e7\u00f5es essenciais para mixar m\u00fasicas e compat\u00edvel com alguns controladores Pioneer.<\/p><\/blockquote>\n<p><script async src=\"https:\/\/pagead2.googlesyndication.com\/pagead\/js\/adsbygoogle.js?client=ca-pub-4313414132612852\" crossorigin=\"anonymous\"><\/script><ins class=\"adsbygoogle\" style=\"display: block;\" data-ad-client=\"ca-pub-4313414132612852\" data-ad-slot=\"4311942800\" data-ad-format=\"auto\" data-full-width-responsive=\"true\"><\/ins><script>\n     (adsbygoogle = window.adsbygoogle || []).push({});\n<\/script><br \/>\n<img loading=\"lazy\" decoding=\"async\" class=\"size-medium wp-image-1360 aligncenter\" src=\"https:\/\/djfuturo.com\/pt\/wp-content\/uploads\/wedj-app-300x170.jpg\" alt=\"Baixar WeDJ\" width=\"300\" height=\"170\" srcset=\"https:\/\/djfuturo.com\/pt\/wp-content\/uploads\/wedj-app-300x170.jpg 300w, https:\/\/djfuturo.com\/pt\/wp-content\/uploads\/wedj-app.jpg 492w\" sizes=\"auto, (max-width: 300px) 100vw, 300px\" \/><\/p>\n<h2 style=\"text-align: center;\">Baixar WeDJ para Android<\/h2>\n<p style=\"text-align: center;\"><a href=\"https:\/\/play.google.com\/store\/apps\/details?id=com.pioneerdj.WeDJ&#038;hl=pt_BR\" class=\"su-button su-button-style-default\" style=\"color:#242121;background-color:#c0f677;border-color:#9ac560;border-radius:34px\" target=\"_blank\" rel=\"noopener noreferrer\"><span style=\"color:#242121;padding:6px 18px;font-size:14px;line-height:21px;border-color:#d3f9a0;border-radius:34px;text-shadow:none\"><i class=\"sui sui-external-link\" style=\"font-size:14px;color:#1a2430\"><\/i> Baixar para Android<\/span><\/a><div class=\"su-spacer\" style=\"height:20px\"><\/div>\n<h2 style=\"text-align: center;\">Baixar WeDJ para iOS<\/h2>\n<p style=\"text-align: center;\"><a href=\"https:\/\/apps.apple.com\/br\/app\/wedj-for-iphone\/id1152297079\" class=\"su-button su-button-style-default\" style=\"color:#242121;background-color:#c0f677;border-color:#9ac560;border-radius:34px\" target=\"_blank\" rel=\"noopener noreferrer\"><span style=\"color:#242121;padding:6px 18px;font-size:14px;line-height:21px;border-color:#d3f9a0;border-radius:34px;text-shadow:none\"><i class=\"sui sui-external-link\" style=\"font-size:14px;color:#1a2430\"><\/i> Baixar para iOS<\/span><\/a><div class=\"su-spacer\" style=\"height:30px\"><\/div>\n<div class=\"su-note post\"  style=\"border-color:#e5e5e5;\"><div class=\"su-note-inner su-u-clearfix su-u-trim\" style=\"background-color:#ffffff;border-color:#ffffff;color:#333333;\">\u2705 Esta \u00e9 a<strong> vers\u00e3o mais recente<\/strong> dispon\u00edvel.<br \/>\n\u2705 <strong>Download r\u00e1pido e 100% seguro<\/strong>, os links v\u00eam diretamente das lojas oficiais.<br \/>\n\u2139 A AlphaTheta recomenda pelo menos Android 10.0 ou iOS 15.0. <\/div><\/div>\n<blockquote><p>Desfrute do WeDJ!<\/p><\/blockquote>\n","protected":false},"excerpt":{"rendered":"<p>Baixar WeDJ WeDJ &#8211; Um app completo, com todas as fun\u00e7\u00f5es essenciais para mixar m\u00fasicas e compat\u00edvel com alguns controladores Pioneer. Baixar WeDJ para Android Baixar WeDJ para iOS Desfrute [&hellip;]<\/p>\n","protected":false},"author":1,"featured_media":0,"parent":0,"menu_order":0,"comment_status":"closed","ping_status":"closed","template":"","meta":{"footnotes":""},"class_list":["post-1848","page","type-page","status-publish","hentry","wpbf-post"],"yoast_head":"<!-- This site is optimized with the Yoast SEO plugin v24.5 - https:\/\/yoast.com\/wordpress\/plugins\/seo\/ -->\n<title>Ficha do WeDJ | DJFuturo PT-BR<\/title>\n<meta name=\"robots\" content=\"noindex, follow\" \/>\n<meta property=\"og:locale\" content=\"pt_BR\" \/>\n<meta property=\"og:type\" content=\"article\" \/>\n<meta property=\"og:title\" content=\"Ficha do WeDJ | DJFuturo PT-BR\" \/>\n<meta property=\"og:description\" content=\"Baixar WeDJ WeDJ &#8211; Um app completo, com todas as fun\u00e7\u00f5es essenciais para mixar m\u00fasicas e compat\u00edvel com alguns controladores Pioneer. Baixar WeDJ para Android Baixar WeDJ para iOS Desfrute [&hellip;]\" \/>\n<meta property=\"og:url\" content=\"https:\/\/djfuturo.com\/pt\/ficha-do-wedj\/\" \/>\n<meta property=\"og:site_name\" content=\"DJFuturo PT-BR\" \/>\n<meta property=\"og:image\" content=\"https:\/\/djfuturo.com\/pt\/wp-content\/uploads\/wedj-app.jpg\" \/>\n\t<meta property=\"og:image:width\" content=\"492\" \/>\n\t<meta property=\"og:image:height\" content=\"279\" \/>\n\t<meta property=\"og:image:type\" content=\"image\/jpeg\" \/>\n<meta name=\"twitter:card\" content=\"summary_large_image\" \/>\n<meta name=\"twitter:label1\" content=\"Est. tempo de leitura\" \/>\n\t<meta name=\"twitter:data1\" content=\"1 minuto\" \/>\n<script type=\"application\/ld+json\" class=\"yoast-schema-graph\">{\"@context\":\"https:\/\/schema.org\",\"@graph\":[{\"@type\":\"WebPage\",\"@id\":\"https:\/\/djfuturo.com\/pt\/ficha-do-wedj\/\",\"url\":\"https:\/\/djfuturo.com\/pt\/ficha-do-wedj\/\",\"name\":\"Ficha do WeDJ | DJFuturo PT-BR\",\"isPartOf\":{\"@id\":\"https:\/\/djfuturo.com\/pt\/#website\"},\"primaryImageOfPage\":{\"@id\":\"https:\/\/djfuturo.com\/pt\/ficha-do-wedj\/#primaryimage\"},\"image\":{\"@id\":\"https:\/\/djfuturo.com\/pt\/ficha-do-wedj\/#primaryimage\"},\"thumbnailUrl\":\"https:\/\/djfuturo.com\/pt\/wp-content\/uploads\/wedj-app-300x170.jpg\",\"datePublished\":\"2025-11-28T12:25:04+00:00\",\"breadcrumb\":{\"@id\":\"https:\/\/djfuturo.com\/pt\/ficha-do-wedj\/#breadcrumb\"},\"inLanguage\":\"pt-BR\",\"potentialAction\":[{\"@type\":\"ReadAction\",\"target\":[\"https:\/\/djfuturo.com\/pt\/ficha-do-wedj\/\"]}]},{\"@type\":\"ImageObject\",\"inLanguage\":\"pt-BR\",\"@id\":\"https:\/\/djfuturo.com\/pt\/ficha-do-wedj\/#primaryimage\",\"url\":\"https:\/\/djfuturo.com\/pt\/wp-content\/uploads\/wedj-app.jpg\",\"contentUrl\":\"https:\/\/djfuturo.com\/pt\/wp-content\/uploads\/wedj-app.jpg\",\"width\":492,\"height\":279,\"caption\":\"Baixar WeDJ\"},{\"@type\":\"BreadcrumbList\",\"@id\":\"https:\/\/djfuturo.com\/pt\/ficha-do-wedj\/#breadcrumb\",\"itemListElement\":[{\"@type\":\"ListItem\",\"position\":1,\"name\":\"Home\",\"item\":\"https:\/\/djfuturo.com\/pt\/\"},{\"@type\":\"ListItem\",\"position\":2,\"name\":\"Ficha do WeDJ\"}]},{\"@type\":\"WebSite\",\"@id\":\"https:\/\/djfuturo.com\/pt\/#website\",\"url\":\"https:\/\/djfuturo.com\/pt\/\",\"name\":\"DJFuturo PT-BR\",\"description\":\"Software, IA, plugins e ferramentas para m\u00fasica e \u00e1udio.\",\"publisher\":{\"@id\":\"https:\/\/djfuturo.com\/pt\/#organization\"},\"potentialAction\":[{\"@type\":\"SearchAction\",\"target\":{\"@type\":\"EntryPoint\",\"urlTemplate\":\"https:\/\/djfuturo.com\/pt\/?s={search_term_string}\"},\"query-input\":{\"@type\":\"PropertyValueSpecification\",\"valueRequired\":true,\"valueName\":\"search_term_string\"}}],\"inLanguage\":\"pt-BR\"},{\"@type\":\"Organization\",\"@id\":\"https:\/\/djfuturo.com\/pt\/#organization\",\"name\":\"DJFuturo PT-BR\",\"url\":\"https:\/\/djfuturo.com\/pt\/\",\"logo\":{\"@type\":\"ImageObject\",\"inLanguage\":\"pt-BR\",\"@id\":\"https:\/\/djfuturo.com\/pt\/#\/schema\/logo\/image\/\",\"url\":\"https:\/\/djfuturo.com\/pt\/wp-content\/uploads\/logo-DJFuturo-2.0.png\",\"contentUrl\":\"https:\/\/djfuturo.com\/pt\/wp-content\/uploads\/logo-DJFuturo-2.0.png\",\"width\":696,\"height\":232,\"caption\":\"DJFuturo PT-BR\"},\"image\":{\"@id\":\"https:\/\/djfuturo.com\/pt\/#\/schema\/logo\/image\/\"}}]}<\/script>\n<!-- \/ Yoast SEO plugin. -->","yoast_head_json":{"title":"Ficha do WeDJ | DJFuturo PT-BR","robots":{"index":"noindex","follow":"follow"},"og_locale":"pt_BR","og_type":"article","og_title":"Ficha do WeDJ | DJFuturo PT-BR","og_description":"Baixar WeDJ WeDJ &#8211; Um app completo, com todas as fun\u00e7\u00f5es essenciais para mixar m\u00fasicas e compat\u00edvel com alguns controladores Pioneer. Baixar WeDJ para Android Baixar WeDJ para iOS Desfrute [&hellip;]","og_url":"https:\/\/djfuturo.com\/pt\/ficha-do-wedj\/","og_site_name":"DJFuturo PT-BR","og_image":[{"width":492,"height":279,"url":"https:\/\/djfuturo.com\/pt\/wp-content\/uploads\/wedj-app.jpg","type":"image\/jpeg"}],"twitter_card":"summary_large_image","twitter_misc":{"Est. tempo de leitura":"1 minuto"},"schema":{"@context":"https:\/\/schema.org","@graph":[{"@type":"WebPage","@id":"https:\/\/djfuturo.com\/pt\/ficha-do-wedj\/","url":"https:\/\/djfuturo.com\/pt\/ficha-do-wedj\/","name":"Ficha do WeDJ | DJFuturo PT-BR","isPartOf":{"@id":"https:\/\/djfuturo.com\/pt\/#website"},"primaryImageOfPage":{"@id":"https:\/\/djfuturo.com\/pt\/ficha-do-wedj\/#primaryimage"},"image":{"@id":"https:\/\/djfuturo.com\/pt\/ficha-do-wedj\/#primaryimage"},"thumbnailUrl":"https:\/\/djfuturo.com\/pt\/wp-content\/uploads\/wedj-app-300x170.jpg","datePublished":"2025-11-28T12:25:04+00:00","breadcrumb":{"@id":"https:\/\/djfuturo.com\/pt\/ficha-do-wedj\/#breadcrumb"},"inLanguage":"pt-BR","potentialAction":[{"@type":"ReadAction","target":["https:\/\/djfuturo.com\/pt\/ficha-do-wedj\/"]}]},{"@type":"ImageObject","inLanguage":"pt-BR","@id":"https:\/\/djfuturo.com\/pt\/ficha-do-wedj\/#primaryimage","url":"https:\/\/djfuturo.com\/pt\/wp-content\/uploads\/wedj-app.jpg","contentUrl":"https:\/\/djfuturo.com\/pt\/wp-content\/uploads\/wedj-app.jpg","width":492,"height":279,"caption":"Baixar WeDJ"},{"@type":"BreadcrumbList","@id":"https:\/\/djfuturo.com\/pt\/ficha-do-wedj\/#breadcrumb","itemListElement":[{"@type":"ListItem","position":1,"name":"Home","item":"https:\/\/djfuturo.com\/pt\/"},{"@type":"ListItem","position":2,"name":"Ficha do WeDJ"}]},{"@type":"WebSite","@id":"https:\/\/djfuturo.com\/pt\/#website","url":"https:\/\/djfuturo.com\/pt\/","name":"DJFuturo PT-BR","description":"Software, IA, plugins e ferramentas para m\u00fasica e \u00e1udio.","publisher":{"@id":"https:\/\/djfuturo.com\/pt\/#organization"},"potentialAction":[{"@type":"SearchAction","target":{"@type":"EntryPoint","urlTemplate":"https:\/\/djfuturo.com\/pt\/?s={search_term_string}"},"query-input":{"@type":"PropertyValueSpecification","valueRequired":true,"valueName":"search_term_string"}}],"inLanguage":"pt-BR"},{"@type":"Organization","@id":"https:\/\/djfuturo.com\/pt\/#organization","name":"DJFuturo PT-BR","url":"https:\/\/djfuturo.com\/pt\/","logo":{"@type":"ImageObject","inLanguage":"pt-BR","@id":"https:\/\/djfuturo.com\/pt\/#\/schema\/logo\/image\/","url":"https:\/\/djfuturo.com\/pt\/wp-content\/uploads\/logo-DJFuturo-2.0.png","contentUrl":"https:\/\/djfuturo.com\/pt\/wp-content\/uploads\/logo-DJFuturo-2.0.png","width":696,"height":232,"caption":"DJFuturo PT-BR"},"image":{"@id":"https:\/\/djfuturo.com\/pt\/#\/schema\/logo\/image\/"}}]}},"_links":{"self":[{"href":"https:\/\/djfuturo.com\/pt\/wp-json\/wp\/v2\/pages\/1848","targetHints":{"allow":["GET"]}}],"collection":[{"href":"https:\/\/djfuturo.com\/pt\/wp-json\/wp\/v2\/pages"}],"about":[{"href":"https:\/\/djfuturo.com\/pt\/wp-json\/wp\/v2\/types\/page"}],"author":[{"embeddable":true,"href":"https:\/\/djfuturo.com\/pt\/wp-json\/wp\/v2\/users\/1"}],"replies":[{"embeddable":true,"href":"https:\/\/djfuturo.com\/pt\/wp-json\/wp\/v2\/comments?post=1848"}],"version-history":[{"count":1,"href":"https:\/\/djfuturo.com\/pt\/wp-json\/wp\/v2\/pages\/1848\/revisions"}],"predecessor-version":[{"id":1849,"href":"https:\/\/djfuturo.com\/pt\/wp-json\/wp\/v2\/pages\/1848\/revisions\/1849"}],"wp:attachment":[{"href":"https:\/\/djfuturo.com\/pt\/wp-json\/wp\/v2\/media?parent=1848"}],"curies":[{"name":"wp","href":"https:\/\/api.w.org\/{rel}","templated":true}]}}