{"id":2080,"date":"2026-01-23T20:22:47","date_gmt":"2026-01-23T19:22:47","guid":{"rendered":"https:\/\/djfuturo.com\/pt\/?page_id=2080"},"modified":"2026-01-23T20:22:47","modified_gmt":"2026-01-23T19:22:47","slug":"ficha-luna","status":"publish","type":"page","link":"https:\/\/djfuturo.com\/pt\/ficha-luna\/","title":{"rendered":"Ficha do Luna"},"content":{"rendered":"<h1 style=\"text-align: center;\">Download LUNA<\/h1>\n<p>O UAD LUNA \u00e9 uma DAW (Digital Audio Workstation) ou software de produ\u00e7\u00e3o musical criado pela Universal Audio. Ele foi projetado para se integrar com o hardware e os plugins da UAD, mas pode ser usado de forma independente. Oferece tudo o que \u00e9 necess\u00e1rio para gravar, editar e mixar m\u00fasicas com uma abordagem inspirada nos est\u00fadios anal\u00f3gicos.<br \/>\n<script async src=\"https:\/\/pagead2.googlesyndication.com\/pagead\/js\/adsbygoogle.js?client=ca-pub-4313414132612852\" crossorigin=\"anonymous\"><\/script><ins class=\"adsbygoogle\" style=\"display: block;\" data-ad-client=\"ca-pub-4313414132612852\" data-ad-slot=\"2488934407\" data-ad-format=\"auto\" data-full-width-responsive=\"true\"><\/ins><script>\n     (adsbygoogle = window.adsbygoogle || []).push({});\n<\/script><\/p>\n<p><img loading=\"lazy\" decoding=\"async\" class=\"size-medium wp-image-1653 aligncenter\" src=\"https:\/\/djfuturo.com\/pt\/wp-content\/uploads\/luna-uad-300x203.jpg\" alt=\"Download LUNA DAW - UAD - Universal Audio\" width=\"300\" height=\"203\" srcset=\"https:\/\/djfuturo.com\/pt\/wp-content\/uploads\/luna-uad-300x203.jpg 300w, https:\/\/djfuturo.com\/pt\/wp-content\/uploads\/luna-uad.jpg 492w\" sizes=\"auto, (max-width: 300px) 100vw, 300px\" \/><\/p>\n<h2 style=\"text-align: center;\">Baixar LUNA para Windows<\/h2>\n<p style=\"text-align: center;\"><a href=\"https:\/\/www.uaudio.com\/pages\/download-luna\" class=\"su-button su-button-style-default\" style=\"color:#242121;background-color:#c0f677;border-color:#9ac560;border-radius:34px\" target=\"_blank\" rel=\"noopener noreferrer\"><span style=\"color:#242121;padding:6px 18px;font-size:14px;line-height:21px;border-color:#d3f9a0;border-radius:34px;text-shadow:none\"><i class=\"sui sui-external-link\" style=\"font-size:14px;color:#1a2430\"><\/i> Baixar para Windows<\/span><\/a><div class=\"su-spacer\" style=\"height:20px\"><\/div><ins class=\"adsbygoogle\" data-ad-client=\"ca-pub-4313414132612852\" data-ad-slot=\"5693455935\" data-ad-format=\"auto\" data-full-width-responsive=\"true\"><\/ins><\/p>\n<h2 style=\"text-align: center;\">Baixar LUNA para Mac<\/h2>\n<p style=\"text-align: center;\"><a href=\"https:\/\/www.uaudio.com\/pages\/download-luna\" class=\"su-button su-button-style-default\" style=\"color:#242121;background-color:#c0f677;border-color:#9ac560;border-radius:34px\" target=\"_blank\" rel=\"noopener noreferrer\"><span style=\"color:#242121;padding:6px 18px;font-size:14px;line-height:21px;border-color:#d3f9a0;border-radius:34px;text-shadow:none\"><i class=\"sui sui-external-link\" style=\"font-size:14px;color:#1a2430\"><\/i> Baixar para Mac<\/span><\/a><div class=\"su-spacer\" style=\"height:30px\"><\/div>\n<div class=\"su-note post\"  style=\"border-color:#e5e5e5;\"><div class=\"su-note-inner su-u-clearfix su-u-trim\" style=\"background-color:#ffffff;border-color:#ffffff;color:#333333;\">\u2705 Esta \u00e9 a <strong>\u00faltima vers\u00e3o dispon\u00edvel<\/strong>.<br \/>\n\u2705 <strong>Download r\u00e1pido e seguro<\/strong>, o link vem diretamente da fonte oficial, Universal Audio.<br \/>\n\u2139 Esta DAW \u00e9 <strong>totalmente gratuita<\/strong>.<br \/>\n\u2139 A Universal Audio recomenda pelo menos Windows 10 ou macOS 11. <\/div><\/div>\n<blockquote><p>Desfrute de Luna!<\/p><\/blockquote>\n","protected":false},"excerpt":{"rendered":"<p>Download LUNA O UAD LUNA \u00e9 uma DAW (Digital Audio Workstation) ou software de produ\u00e7\u00e3o musical criado pela Universal Audio. Ele foi projetado para se integrar com o hardware e [&hellip;]<\/p>\n","protected":false},"author":1,"featured_media":0,"parent":0,"menu_order":0,"comment_status":"closed","ping_status":"closed","template":"","meta":{"footnotes":""},"class_list":["post-2080","page","type-page","status-publish","hentry","wpbf-post"],"yoast_head":"<!-- This site is optimized with the Yoast SEO plugin v24.5 - https:\/\/yoast.com\/wordpress\/plugins\/seo\/ -->\n<title>Ficha do Luna | DJFuturo PT-BR<\/title>\n<meta name=\"robots\" content=\"noindex, follow\" \/>\n<meta property=\"og:locale\" content=\"pt_BR\" \/>\n<meta property=\"og:type\" content=\"article\" \/>\n<meta property=\"og:title\" content=\"Ficha do Luna | DJFuturo PT-BR\" \/>\n<meta property=\"og:description\" content=\"Download LUNA O UAD LUNA \u00e9 uma DAW (Digital Audio Workstation) ou software de produ\u00e7\u00e3o musical criado pela Universal Audio. Ele foi projetado para se integrar com o hardware e [&hellip;]\" \/>\n<meta property=\"og:url\" content=\"https:\/\/djfuturo.com\/pt\/ficha-luna\/\" \/>\n<meta property=\"og:site_name\" content=\"DJFuturo PT-BR\" \/>\n<meta property=\"og:image\" content=\"https:\/\/djfuturo.com\/pt\/wp-content\/uploads\/luna-uad.jpg\" \/>\n\t<meta property=\"og:image:width\" content=\"492\" \/>\n\t<meta property=\"og:image:height\" content=\"333\" \/>\n\t<meta property=\"og:image:type\" content=\"image\/jpeg\" \/>\n<meta name=\"twitter:card\" content=\"summary_large_image\" \/>\n<meta name=\"twitter:label1\" content=\"Est. tempo de leitura\" \/>\n\t<meta name=\"twitter:data1\" content=\"1 minuto\" \/>\n<script type=\"application\/ld+json\" class=\"yoast-schema-graph\">{\"@context\":\"https:\/\/schema.org\",\"@graph\":[{\"@type\":\"WebPage\",\"@id\":\"https:\/\/djfuturo.com\/pt\/ficha-luna\/\",\"url\":\"https:\/\/djfuturo.com\/pt\/ficha-luna\/\",\"name\":\"Ficha do Luna | DJFuturo PT-BR\",\"isPartOf\":{\"@id\":\"https:\/\/djfuturo.com\/pt\/#website\"},\"primaryImageOfPage\":{\"@id\":\"https:\/\/djfuturo.com\/pt\/ficha-luna\/#primaryimage\"},\"image\":{\"@id\":\"https:\/\/djfuturo.com\/pt\/ficha-luna\/#primaryimage\"},\"thumbnailUrl\":\"https:\/\/djfuturo.com\/pt\/wp-content\/uploads\/luna-uad-300x203.jpg\",\"datePublished\":\"2026-01-23T19:22:47+00:00\",\"breadcrumb\":{\"@id\":\"https:\/\/djfuturo.com\/pt\/ficha-luna\/#breadcrumb\"},\"inLanguage\":\"pt-BR\",\"potentialAction\":[{\"@type\":\"ReadAction\",\"target\":[\"https:\/\/djfuturo.com\/pt\/ficha-luna\/\"]}]},{\"@type\":\"ImageObject\",\"inLanguage\":\"pt-BR\",\"@id\":\"https:\/\/djfuturo.com\/pt\/ficha-luna\/#primaryimage\",\"url\":\"https:\/\/djfuturo.com\/pt\/wp-content\/uploads\/luna-uad.jpg\",\"contentUrl\":\"https:\/\/djfuturo.com\/pt\/wp-content\/uploads\/luna-uad.jpg\",\"width\":492,\"height\":333,\"caption\":\"Download LUNA DAW - UAD - Universal Audio\"},{\"@type\":\"BreadcrumbList\",\"@id\":\"https:\/\/djfuturo.com\/pt\/ficha-luna\/#breadcrumb\",\"itemListElement\":[{\"@type\":\"ListItem\",\"position\":1,\"name\":\"Home\",\"item\":\"https:\/\/djfuturo.com\/pt\/\"},{\"@type\":\"ListItem\",\"position\":2,\"name\":\"Ficha do Luna\"}]},{\"@type\":\"WebSite\",\"@id\":\"https:\/\/djfuturo.com\/pt\/#website\",\"url\":\"https:\/\/djfuturo.com\/pt\/\",\"name\":\"DJFuturo PT-BR\",\"description\":\"Software, IA, plugins e ferramentas para m\u00fasica e \u00e1udio.\",\"publisher\":{\"@id\":\"https:\/\/djfuturo.com\/pt\/#organization\"},\"potentialAction\":[{\"@type\":\"SearchAction\",\"target\":{\"@type\":\"EntryPoint\",\"urlTemplate\":\"https:\/\/djfuturo.com\/pt\/?s={search_term_string}\"},\"query-input\":{\"@type\":\"PropertyValueSpecification\",\"valueRequired\":true,\"valueName\":\"search_term_string\"}}],\"inLanguage\":\"pt-BR\"},{\"@type\":\"Organization\",\"@id\":\"https:\/\/djfuturo.com\/pt\/#organization\",\"name\":\"DJFuturo PT-BR\",\"url\":\"https:\/\/djfuturo.com\/pt\/\",\"logo\":{\"@type\":\"ImageObject\",\"inLanguage\":\"pt-BR\",\"@id\":\"https:\/\/djfuturo.com\/pt\/#\/schema\/logo\/image\/\",\"url\":\"https:\/\/djfuturo.com\/pt\/wp-content\/uploads\/logo-DJFuturo-2.0.png\",\"contentUrl\":\"https:\/\/djfuturo.com\/pt\/wp-content\/uploads\/logo-DJFuturo-2.0.png\",\"width\":696,\"height\":232,\"caption\":\"DJFuturo PT-BR\"},\"image\":{\"@id\":\"https:\/\/djfuturo.com\/pt\/#\/schema\/logo\/image\/\"}}]}<\/script>\n<!-- \/ Yoast SEO plugin. -->","yoast_head_json":{"title":"Ficha do Luna | DJFuturo PT-BR","robots":{"index":"noindex","follow":"follow"},"og_locale":"pt_BR","og_type":"article","og_title":"Ficha do Luna | DJFuturo PT-BR","og_description":"Download LUNA O UAD LUNA \u00e9 uma DAW (Digital Audio Workstation) ou software de produ\u00e7\u00e3o musical criado pela Universal Audio. Ele foi projetado para se integrar com o hardware e [&hellip;]","og_url":"https:\/\/djfuturo.com\/pt\/ficha-luna\/","og_site_name":"DJFuturo PT-BR","og_image":[{"width":492,"height":333,"url":"https:\/\/djfuturo.com\/pt\/wp-content\/uploads\/luna-uad.jpg","type":"image\/jpeg"}],"twitter_card":"summary_large_image","twitter_misc":{"Est. tempo de leitura":"1 minuto"},"schema":{"@context":"https:\/\/schema.org","@graph":[{"@type":"WebPage","@id":"https:\/\/djfuturo.com\/pt\/ficha-luna\/","url":"https:\/\/djfuturo.com\/pt\/ficha-luna\/","name":"Ficha do Luna | DJFuturo PT-BR","isPartOf":{"@id":"https:\/\/djfuturo.com\/pt\/#website"},"primaryImageOfPage":{"@id":"https:\/\/djfuturo.com\/pt\/ficha-luna\/#primaryimage"},"image":{"@id":"https:\/\/djfuturo.com\/pt\/ficha-luna\/#primaryimage"},"thumbnailUrl":"https:\/\/djfuturo.com\/pt\/wp-content\/uploads\/luna-uad-300x203.jpg","datePublished":"2026-01-23T19:22:47+00:00","breadcrumb":{"@id":"https:\/\/djfuturo.com\/pt\/ficha-luna\/#breadcrumb"},"inLanguage":"pt-BR","potentialAction":[{"@type":"ReadAction","target":["https:\/\/djfuturo.com\/pt\/ficha-luna\/"]}]},{"@type":"ImageObject","inLanguage":"pt-BR","@id":"https:\/\/djfuturo.com\/pt\/ficha-luna\/#primaryimage","url":"https:\/\/djfuturo.com\/pt\/wp-content\/uploads\/luna-uad.jpg","contentUrl":"https:\/\/djfuturo.com\/pt\/wp-content\/uploads\/luna-uad.jpg","width":492,"height":333,"caption":"Download LUNA DAW - UAD - Universal Audio"},{"@type":"BreadcrumbList","@id":"https:\/\/djfuturo.com\/pt\/ficha-luna\/#breadcrumb","itemListElement":[{"@type":"ListItem","position":1,"name":"Home","item":"https:\/\/djfuturo.com\/pt\/"},{"@type":"ListItem","position":2,"name":"Ficha do Luna"}]},{"@type":"WebSite","@id":"https:\/\/djfuturo.com\/pt\/#website","url":"https:\/\/djfuturo.com\/pt\/","name":"DJFuturo PT-BR","description":"Software, IA, plugins e ferramentas para m\u00fasica e \u00e1udio.","publisher":{"@id":"https:\/\/djfuturo.com\/pt\/#organization"},"potentialAction":[{"@type":"SearchAction","target":{"@type":"EntryPoint","urlTemplate":"https:\/\/djfuturo.com\/pt\/?s={search_term_string}"},"query-input":{"@type":"PropertyValueSpecification","valueRequired":true,"valueName":"search_term_string"}}],"inLanguage":"pt-BR"},{"@type":"Organization","@id":"https:\/\/djfuturo.com\/pt\/#organization","name":"DJFuturo PT-BR","url":"https:\/\/djfuturo.com\/pt\/","logo":{"@type":"ImageObject","inLanguage":"pt-BR","@id":"https:\/\/djfuturo.com\/pt\/#\/schema\/logo\/image\/","url":"https:\/\/djfuturo.com\/pt\/wp-content\/uploads\/logo-DJFuturo-2.0.png","contentUrl":"https:\/\/djfuturo.com\/pt\/wp-content\/uploads\/logo-DJFuturo-2.0.png","width":696,"height":232,"caption":"DJFuturo PT-BR"},"image":{"@id":"https:\/\/djfuturo.com\/pt\/#\/schema\/logo\/image\/"}}]}},"_links":{"self":[{"href":"https:\/\/djfuturo.com\/pt\/wp-json\/wp\/v2\/pages\/2080","targetHints":{"allow":["GET"]}}],"collection":[{"href":"https:\/\/djfuturo.com\/pt\/wp-json\/wp\/v2\/pages"}],"about":[{"href":"https:\/\/djfuturo.com\/pt\/wp-json\/wp\/v2\/types\/page"}],"author":[{"embeddable":true,"href":"https:\/\/djfuturo.com\/pt\/wp-json\/wp\/v2\/users\/1"}],"replies":[{"embeddable":true,"href":"https:\/\/djfuturo.com\/pt\/wp-json\/wp\/v2\/comments?post=2080"}],"version-history":[{"count":1,"href":"https:\/\/djfuturo.com\/pt\/wp-json\/wp\/v2\/pages\/2080\/revisions"}],"predecessor-version":[{"id":2081,"href":"https:\/\/djfuturo.com\/pt\/wp-json\/wp\/v2\/pages\/2080\/revisions\/2081"}],"wp:attachment":[{"href":"https:\/\/djfuturo.com\/pt\/wp-json\/wp\/v2\/media?parent=2080"}],"curies":[{"name":"wp","href":"https:\/\/api.w.org\/{rel}","templated":true}]}}