{"id":3,"date":"2025-02-21T12:44:28","date_gmt":"2025-02-21T12:44:28","guid":{"rendered":"https:\/\/djfuturo.com\/pt\/?page_id=3"},"modified":"2025-02-26T18:59:41","modified_gmt":"2025-02-26T17:59:41","slug":"politica-privacidade","status":"publish","type":"page","link":"https:\/\/djfuturo.com\/pt\/politica-privacidade\/","title":{"rendered":"Pol\u00edtica de Privacidade"},"content":{"rendered":"<h2>\u00c2mbito de Aplica\u00e7\u00e3o<\/h2>\n<p>O DJFuturo.com se compromete a respeitar a privacidade dos visitantes e usu\u00e1rios do seu site hospedado sob a URL https:\/\/DJFuturo.com (o \u201cSite\u201d).<\/p>\n<p>Esta Pol\u00edtica de Privacidade tem como objetivo informar o usu\u00e1rio sobre o tratamento de dados pessoais coletados atrav\u00e9s do Site e dos servi\u00e7os associados, em conformidade com a Lei Org\u00e2nica 15\/1999, de 13 de dezembro, de Prote\u00e7\u00e3o de Dados de Car\u00e1ter Pessoal, as normas que a desenvolvem e a Lei 34\/2002, de 11 de julho, de Servi\u00e7os da Sociedade da Informa\u00e7\u00e3o e Com\u00e9rcio Eletr\u00f4nico.<\/p>\n<p>O uso do Site ou de qualquer um de seus servi\u00e7os implica a aceita\u00e7\u00e3o, por parte do usu\u00e1rio, das disposi\u00e7\u00f5es contidas nesta Pol\u00edtica de Privacidade e do tratamento de seus dados pessoais conforme estipulado nela.<\/p>\n<h2>Finalidades<\/h2>\n<p>Os dados fornecidos pelo usu\u00e1rio ao se registrar no Site ser\u00e3o utilizados ocasionalmente para enviar informa\u00e7\u00f5es sobre promo\u00e7\u00f5es comerciais e novidades do Site.<\/p>\n<p>O Site enviar\u00e1 ao usu\u00e1rio informa\u00e7\u00f5es sobre promo\u00e7\u00f5es comerciais e novidades por e-mail, caso este tenha concedido seu consentimento para tal.<\/p>\n<p>Se o usu\u00e1rio entrar em contato com o DJFuturo.com atrav\u00e9s do Site, seus dados pessoais ser\u00e3o utilizados para responder \u00e0s solicita\u00e7\u00f5es de informa\u00e7\u00f5es e outras consultas realizadas.<\/p>\n<h2>Confidencialidade e Seguran\u00e7a<\/h2>\n<p>Os dados pessoais dos usu\u00e1rios ser\u00e3o tratados com total confidencialidade. O Site n\u00e3o compartilhar\u00e1, em hip\u00f3tese alguma, os dados pessoais dos usu\u00e1rios com terceiros alheios ao Site, salvo se exigido por lei.<\/p>\n<p>O Site informa que adotar\u00e1 medidas t\u00e9cnicas e organizacionais necess\u00e1rias para evitar altera\u00e7\u00e3o, perda, tratamento ou acesso n\u00e3o autorizado aos dados, considerando o estado da tecnologia, a natureza dos dados armazenados e os riscos a que est\u00e3o expostos, seja por a\u00e7\u00e3o humana ou por fatores f\u00edsicos ou naturais. No entanto, nenhum sistema \u00e9 completamente seguro, e o Site n\u00e3o pode garantir que os dados estar\u00e3o totalmente protegidos em todos os momentos e sob qualquer circunst\u00e2ncia alheia ao DJFuturo.com.<\/p>\n<h2>Direitos de Acesso, Retifica\u00e7\u00e3o, Cancelamento e Oposi\u00e7\u00e3o<\/h2>\n<p>A qualquer momento, o usu\u00e1rio poder\u00e1 acessar, retificar, cancelar ou se opor ao tratamento de seus dados pessoais acessando a aba \u201cContato\u201d do Site ou clicando na op\u00e7\u00e3o \u201ccancelar a inscri\u00e7\u00e3o\u201d presente em qualquer e-mail enviado pelo Site.<\/p>\n<h2>Cookies<\/h2>\n<p>Um cookie \u00e9 um pequeno arquivo de texto armazenado no navegador quando o usu\u00e1rio visita um site. Ele permite que a web lembre sua visita e adapte seu conte\u00fado ao perfil e necessidades do usu\u00e1rio. Sem cookies, os servi\u00e7os oferecidos por qualquer p\u00e1gina podem ser prejudicados. Se desejar mais informa\u00e7\u00f5es sobre cookies, o que armazenam, como elimin\u00e1-los ou desativ\u00e1-los, consulte <a href=\"https:\/\/djfuturo.com\/pt\/politica-de-cookies\/\">este link<\/a>.<\/p>\n<h2>Cookies utilizadas neste site<\/h2>\n<h3>Cookies pr\u00f3prias:<\/h3>\n<p><strong>Cookies de sess\u00e3o<\/strong>: garantem que os usu\u00e1rios que comentam no blog sejam humanos e n\u00e3o rob\u00f4s, ajudando a combater spam.<\/p>\n<h3>Cookies de terceiros:<\/h3>\n<p><strong>Google Analytics<\/strong>: Armazena cookies para elaborar estat\u00edsticas sobre o tr\u00e1fego e volume de visitas ao site. Ao utilizar este site, voc\u00ea consente com o tratamento das informa\u00e7\u00f5es por parte do Google.<\/p>\n<p><strong>Redes sociais<\/strong>: Cada rede social utiliza suas pr\u00f3prias cookies para permitir a\u00e7\u00f5es como curtir ou compartilhar publica\u00e7\u00f5es.<\/p>\n<h2>Desativa\u00e7\u00e3o ou Exclus\u00e3o de Cookies<\/h2>\n<p>O usu\u00e1rio pode desativar ou excluir cookies deste site a qualquer momento. A forma de realizar essa a\u00e7\u00e3o depende do navegador utilizado.<\/p>\n<h2>Notas Adicionais<\/h2>\n<p>Nem este site nem seus representantes legais se responsabilizam pelo conte\u00fado ou veracidade das pol\u00edticas de privacidade de terceiros mencionados nesta Pol\u00edtica de Cookies.<\/p>\n<p>Os navegadores s\u00e3o respons\u00e1veis pelo armazenamento das cookies, e \u00e9 neles que o usu\u00e1rio deve exercer o direito de elimina\u00e7\u00e3o ou desativa\u00e7\u00e3o. N\u00e3o podemos garantir a correta manipula\u00e7\u00e3o das cookies por parte dos navegadores.<\/p>\n<p>Em alguns casos, \u00e9 necess\u00e1rio instalar cookies para que o navegador n\u00e3o esque\u00e7a a decis\u00e3o de n\u00e3o aceit\u00e1-las.<\/p>\n<p>No caso do Google Analytics, os cookies s\u00e3o armazenados em servidores nos Estados Unidos, e a empresa se compromete a n\u00e3o compartilh\u00e1-los com terceiros, exceto quando necess\u00e1rio para o funcionamento do sistema ou quando exigido por lei. Segundo o Google, o endere\u00e7o IP do usu\u00e1rio n\u00e3o \u00e9 armazenado. O Google Inc. faz parte do Acordo de Porto Seguro, garantindo que todos os dados transferidos sejam tratados com um n\u00edvel de prote\u00e7\u00e3o adequado \u00e0s normas europeias.<\/p>\n<p>Para mais informa\u00e7\u00f5es, consulte<a href=\"https:\/\/govwizely.github.io\/safe-harbor-eu-search\/#?q=google\"> este link<\/a>.<\/p>\n<p>Se tiver d\u00favidas sobre esta Pol\u00edtica de Cookies, entre em contato conosco atrav\u00e9s da se\u00e7\u00e3o de contato.<\/p>\n<h2>Spam<\/h2>\n<p>O Site n\u00e3o aprova a pr\u00e1tica de &#8220;spamming&#8221;, que consiste no envio massivo e repetitivo de e-mails n\u00e3o solicitados, geralmente de car\u00e1ter comercial, a pessoas que n\u00e3o tenham tido contato pr\u00e9vio com o remetente ou que tenham manifestado o desejo de n\u00e3o receber tais mensagens.<\/p>\n<p>Caso o Site considere que determinada informa\u00e7\u00e3o pode ser de interesse do usu\u00e1rio, reserva-se o direito de envi\u00e1-la por e-mail, sempre com consentimento pr\u00e9vio e oferecendo a possibilidade de cancelar a assinatura a qualquer momento.<\/p>\n","protected":false},"excerpt":{"rendered":"<p>\u00c2mbito de Aplica\u00e7\u00e3o O DJFuturo.com se compromete a respeitar a privacidade dos visitantes e usu\u00e1rios do seu site hospedado sob a URL https:\/\/DJFuturo.com (o \u201cSite\u201d). Esta Pol\u00edtica de Privacidade tem [&hellip;]<\/p>\n","protected":false},"author":1,"featured_media":0,"parent":0,"menu_order":0,"comment_status":"closed","ping_status":"open","template":"","meta":{"footnotes":""},"class_list":["post-3","page","type-page","status-publish","hentry","wpbf-post"],"yoast_head":"<!-- This site is optimized with the Yoast SEO plugin v24.5 - https:\/\/yoast.com\/wordpress\/plugins\/seo\/ -->\n<title>Pol\u00edtica de Privacidade | DJFuturo PT-BR<\/title>\n<meta name=\"robots\" content=\"noindex, follow\" \/>\n<meta property=\"og:locale\" content=\"pt_BR\" \/>\n<meta property=\"og:type\" content=\"article\" \/>\n<meta property=\"og:title\" content=\"Pol\u00edtica de Privacidade | DJFuturo PT-BR\" \/>\n<meta property=\"og:description\" content=\"\u00c2mbito de Aplica\u00e7\u00e3o O DJFuturo.com se compromete a respeitar a privacidade dos visitantes e usu\u00e1rios do seu site hospedado sob a URL https:\/\/DJFuturo.com (o \u201cSite\u201d). Esta Pol\u00edtica de Privacidade tem [&hellip;]\" \/>\n<meta property=\"og:url\" content=\"https:\/\/djfuturo.com\/pt\/politica-privacidade\/\" \/>\n<meta property=\"og:site_name\" content=\"DJFuturo PT-BR\" \/>\n<meta property=\"article:modified_time\" content=\"2025-02-26T17:59:41+00:00\" \/>\n<meta name=\"twitter:card\" content=\"summary_large_image\" \/>\n<meta name=\"twitter:label1\" content=\"Est. tempo de leitura\" \/>\n\t<meta name=\"twitter:data1\" content=\"5 minutos\" \/>\n<script type=\"application\/ld+json\" class=\"yoast-schema-graph\">{\"@context\":\"https:\/\/schema.org\",\"@graph\":[{\"@type\":\"WebPage\",\"@id\":\"https:\/\/djfuturo.com\/pt\/politica-privacidade\/\",\"url\":\"https:\/\/djfuturo.com\/pt\/politica-privacidade\/\",\"name\":\"Pol\u00edtica de Privacidade | DJFuturo PT-BR\",\"isPartOf\":{\"@id\":\"https:\/\/djfuturo.com\/pt\/#website\"},\"datePublished\":\"2025-02-21T12:44:28+00:00\",\"dateModified\":\"2025-02-26T17:59:41+00:00\",\"breadcrumb\":{\"@id\":\"https:\/\/djfuturo.com\/pt\/politica-privacidade\/#breadcrumb\"},\"inLanguage\":\"pt-BR\",\"potentialAction\":[{\"@type\":\"ReadAction\",\"target\":[\"https:\/\/djfuturo.com\/pt\/politica-privacidade\/\"]}]},{\"@type\":\"BreadcrumbList\",\"@id\":\"https:\/\/djfuturo.com\/pt\/politica-privacidade\/#breadcrumb\",\"itemListElement\":[{\"@type\":\"ListItem\",\"position\":1,\"name\":\"Home\",\"item\":\"https:\/\/djfuturo.com\/pt\/\"},{\"@type\":\"ListItem\",\"position\":2,\"name\":\"Pol\u00edtica de Privacidade\"}]},{\"@type\":\"WebSite\",\"@id\":\"https:\/\/djfuturo.com\/pt\/#website\",\"url\":\"https:\/\/djfuturo.com\/pt\/\",\"name\":\"DJFuturo PT-BR\",\"description\":\"Software, IA, plugins e ferramentas para m\u00fasica e \u00e1udio.\",\"publisher\":{\"@id\":\"https:\/\/djfuturo.com\/pt\/#organization\"},\"potentialAction\":[{\"@type\":\"SearchAction\",\"target\":{\"@type\":\"EntryPoint\",\"urlTemplate\":\"https:\/\/djfuturo.com\/pt\/?s={search_term_string}\"},\"query-input\":{\"@type\":\"PropertyValueSpecification\",\"valueRequired\":true,\"valueName\":\"search_term_string\"}}],\"inLanguage\":\"pt-BR\"},{\"@type\":\"Organization\",\"@id\":\"https:\/\/djfuturo.com\/pt\/#organization\",\"name\":\"DJFuturo PT-BR\",\"url\":\"https:\/\/djfuturo.com\/pt\/\",\"logo\":{\"@type\":\"ImageObject\",\"inLanguage\":\"pt-BR\",\"@id\":\"https:\/\/djfuturo.com\/pt\/#\/schema\/logo\/image\/\",\"url\":\"https:\/\/djfuturo.com\/pt\/wp-content\/uploads\/logo-DJFuturo-2.0.png\",\"contentUrl\":\"https:\/\/djfuturo.com\/pt\/wp-content\/uploads\/logo-DJFuturo-2.0.png\",\"width\":696,\"height\":232,\"caption\":\"DJFuturo PT-BR\"},\"image\":{\"@id\":\"https:\/\/djfuturo.com\/pt\/#\/schema\/logo\/image\/\"}}]}<\/script>\n<!-- \/ Yoast SEO plugin. -->","yoast_head_json":{"title":"Pol\u00edtica de Privacidade | DJFuturo PT-BR","robots":{"index":"noindex","follow":"follow"},"og_locale":"pt_BR","og_type":"article","og_title":"Pol\u00edtica de Privacidade | DJFuturo PT-BR","og_description":"\u00c2mbito de Aplica\u00e7\u00e3o O DJFuturo.com se compromete a respeitar a privacidade dos visitantes e usu\u00e1rios do seu site hospedado sob a URL https:\/\/DJFuturo.com (o \u201cSite\u201d). Esta Pol\u00edtica de Privacidade tem [&hellip;]","og_url":"https:\/\/djfuturo.com\/pt\/politica-privacidade\/","og_site_name":"DJFuturo PT-BR","article_modified_time":"2025-02-26T17:59:41+00:00","twitter_card":"summary_large_image","twitter_misc":{"Est. tempo de leitura":"5 minutos"},"schema":{"@context":"https:\/\/schema.org","@graph":[{"@type":"WebPage","@id":"https:\/\/djfuturo.com\/pt\/politica-privacidade\/","url":"https:\/\/djfuturo.com\/pt\/politica-privacidade\/","name":"Pol\u00edtica de Privacidade | DJFuturo PT-BR","isPartOf":{"@id":"https:\/\/djfuturo.com\/pt\/#website"},"datePublished":"2025-02-21T12:44:28+00:00","dateModified":"2025-02-26T17:59:41+00:00","breadcrumb":{"@id":"https:\/\/djfuturo.com\/pt\/politica-privacidade\/#breadcrumb"},"inLanguage":"pt-BR","potentialAction":[{"@type":"ReadAction","target":["https:\/\/djfuturo.com\/pt\/politica-privacidade\/"]}]},{"@type":"BreadcrumbList","@id":"https:\/\/djfuturo.com\/pt\/politica-privacidade\/#breadcrumb","itemListElement":[{"@type":"ListItem","position":1,"name":"Home","item":"https:\/\/djfuturo.com\/pt\/"},{"@type":"ListItem","position":2,"name":"Pol\u00edtica de Privacidade"}]},{"@type":"WebSite","@id":"https:\/\/djfuturo.com\/pt\/#website","url":"https:\/\/djfuturo.com\/pt\/","name":"DJFuturo PT-BR","description":"Software, IA, plugins e ferramentas para m\u00fasica e \u00e1udio.","publisher":{"@id":"https:\/\/djfuturo.com\/pt\/#organization"},"potentialAction":[{"@type":"SearchAction","target":{"@type":"EntryPoint","urlTemplate":"https:\/\/djfuturo.com\/pt\/?s={search_term_string}"},"query-input":{"@type":"PropertyValueSpecification","valueRequired":true,"valueName":"search_term_string"}}],"inLanguage":"pt-BR"},{"@type":"Organization","@id":"https:\/\/djfuturo.com\/pt\/#organization","name":"DJFuturo PT-BR","url":"https:\/\/djfuturo.com\/pt\/","logo":{"@type":"ImageObject","inLanguage":"pt-BR","@id":"https:\/\/djfuturo.com\/pt\/#\/schema\/logo\/image\/","url":"https:\/\/djfuturo.com\/pt\/wp-content\/uploads\/logo-DJFuturo-2.0.png","contentUrl":"https:\/\/djfuturo.com\/pt\/wp-content\/uploads\/logo-DJFuturo-2.0.png","width":696,"height":232,"caption":"DJFuturo PT-BR"},"image":{"@id":"https:\/\/djfuturo.com\/pt\/#\/schema\/logo\/image\/"}}]}},"_links":{"self":[{"href":"https:\/\/djfuturo.com\/pt\/wp-json\/wp\/v2\/pages\/3","targetHints":{"allow":["GET"]}}],"collection":[{"href":"https:\/\/djfuturo.com\/pt\/wp-json\/wp\/v2\/pages"}],"about":[{"href":"https:\/\/djfuturo.com\/pt\/wp-json\/wp\/v2\/types\/page"}],"author":[{"embeddable":true,"href":"https:\/\/djfuturo.com\/pt\/wp-json\/wp\/v2\/users\/1"}],"replies":[{"embeddable":true,"href":"https:\/\/djfuturo.com\/pt\/wp-json\/wp\/v2\/comments?post=3"}],"version-history":[{"count":4,"href":"https:\/\/djfuturo.com\/pt\/wp-json\/wp\/v2\/pages\/3\/revisions"}],"predecessor-version":[{"id":53,"href":"https:\/\/djfuturo.com\/pt\/wp-json\/wp\/v2\/pages\/3\/revisions\/53"}],"wp:attachment":[{"href":"https:\/\/djfuturo.com\/pt\/wp-json\/wp\/v2\/media?parent=3"}],"curies":[{"name":"wp","href":"https:\/\/api.w.org\/{rel}","templated":true}]}}