{"id":42,"date":"2025-02-26T18:45:55","date_gmt":"2025-02-26T17:45:55","guid":{"rendered":"https:\/\/djfuturo.com\/pt\/?page_id=42"},"modified":"2025-02-26T19:14:41","modified_gmt":"2025-02-26T18:14:41","slug":"aviso-legal","status":"publish","type":"page","link":"https:\/\/djfuturo.com\/pt\/aviso-legal\/","title":{"rendered":"Aviso Legal"},"content":{"rendered":"<p>Nesta p\u00e1gina, informamos sobre os dados, a finalidade e a atividade deste site, quais informa\u00e7\u00f5es s\u00e3o utilizadas e como os dados dos usu\u00e1rios s\u00e3o tratados.<\/p>\n<h2>Titular e respons\u00e1vel legal do site<\/h2>\n<p>De acordo com o estabelecido na Lei 34\/2002 de Servi\u00e7os da Sociedade da Informa\u00e7\u00e3o e Com\u00e9rcio Eletr\u00f4nico (LSSICE), oferecemos ao usu\u00e1rio as seguintes informa\u00e7\u00f5es:<\/p>\n<p><strong>Denomina\u00e7\u00e3o social<\/strong>: djfuturo.com<br \/>\n<strong>E-mai<\/strong>l: contacto@djfuturo.com \/ contact@djfuturo.com<br \/>\n<strong>Atividade<\/strong>: Divulga\u00e7\u00e3o de conte\u00fados educativos sobre o setor de DJs, Productores e m\u00fasica eletr\u00f4nica.<\/p>\n<h2>Objeto<\/h2>\n<p>Este Aviso Legal regula as condi\u00e7\u00f5es gerais de uso (incluindo o acesso) das p\u00e1ginas que comp\u00f5em o site djfuturo.com, incluindo os conte\u00fados e servi\u00e7os disponibilizados nele.<\/p>\n<p>Qualquer pessoa que acesse o portal djfuturo.com (\u201cUsu\u00e1rio\u201d) aceita submeter-se \u00e0s condi\u00e7\u00f5es gerais vigentes no momento de seu acesso ao site.<\/p>\n<p>djfuturo.com reserva-se o direito de modificar, a qualquer momento e sem aviso pr\u00e9vio, a apresenta\u00e7\u00e3o e configura\u00e7\u00e3o do portal, bem como as presentes Condi\u00e7\u00f5es Gerais.<\/p>\n<h2>Dados pessoais coletados<\/h2>\n<p>Quando o Usu\u00e1rio navega no site djfuturo.com, envia um e-mail para o Titular, utiliza o formul\u00e1rio de contato ou publica um coment\u00e1rio, ele fornece informa\u00e7\u00f5es pessoais pelas quais o Titular \u00e9 respons\u00e1vel. Essas informa\u00e7\u00f5es podem incluir endere\u00e7o IP, nome e sobrenome, endere\u00e7o f\u00edsico, e-mail, n\u00famero de telefone e outros dados.<\/p>\n<p>Ao fornecer essas informa\u00e7\u00f5es, o Usu\u00e1rio consente que seus dados sejam coletados, utilizados, gerenciados e armazenados por djfuturo.com conforme descrito na Pol\u00edtica de Privacidade.<\/p>\n<h2>Compromissos e obriga\u00e7\u00f5es dos Usu\u00e1rios<\/h2>\n<p>O Usu\u00e1rio est\u00e1 ciente e aceita que o acesso a este site n\u00e3o implica o in\u00edcio de uma rela\u00e7\u00e3o comercial com djfuturo.com. Dessa forma, compromete-se a utilizar o site, seus servi\u00e7os e conte\u00fados sem violar a legisla\u00e7\u00e3o vigente, a boa-f\u00e9 e a ordem p\u00fablica.<\/p>\n<p>\u00c9 proibido o uso do site para fins il\u00edcitos, lesivos ou que possam impedir seu funcionamento normal.<\/p>\n<p>O Usu\u00e1rio tamb\u00e9m se compromete a n\u00e3o realizar nenhuma a\u00e7\u00e3o que possa prejudicar a imagem, os interesses e os direitos de djfuturo.com ou de terceiros. Al\u00e9m disso, deve evitar danificar, sobrecarregar ou impedir o uso normal do site.<\/p>\n<p>O Usu\u00e1rio deve estar ciente de que as medidas de seguran\u00e7a dos sistemas inform\u00e1ticos na Internet n\u00e3o s\u00e3o completamente confi\u00e1veis. Assim, djfuturo.com n\u00e3o pode garantir a inexist\u00eancia de malware ou outros elementos que possam causar altera\u00e7\u00f5es em dispositivos do Usu\u00e1rio.<\/p>\n<h2>Conte\u00fados<\/h2>\n<p>\u00c9 proibido:<\/p>\n<ul>\n<li>Reprodu\u00e7\u00e3o, distribui\u00e7\u00e3o ou modifica\u00e7\u00e3o total ou parcial do conte\u00fado, salvo com autoriza\u00e7\u00e3o de djfuturo.com;<\/li>\n<li>Violar os direitos do site ou de terceiros;<\/li>\n<li>Utilizar os conte\u00fados para fins comerciais ou publicit\u00e1rios.<\/li>\n<\/ul>\n<h2>Medidas de seguran\u00e7a<\/h2>\n<p>Os dados pessoais fornecidos pelo Usu\u00e1rio podem ser armazenados em bancos de dados exclusivos de djfuturo.com, adotando todas as medidas t\u00e9cnicas e organizacionais para garantir sua confidencialidade, integridade e seguran\u00e7a, conforme a legisla\u00e7\u00e3o vigente sobre prote\u00e7\u00e3o de dados.<\/p>\n<p>A comunica\u00e7\u00e3o entre os Usu\u00e1rios e djfuturo.com ocorre por meio de um canal seguro (HTTPS), garantindo as melhores condi\u00e7\u00f5es de seguran\u00e7a e prote\u00e7\u00e3o dos dados transmitidos.<\/p>\n<h2>Plataforma de resolu\u00e7\u00e3o de conflitos<\/h2>\n<p>Os Usu\u00e1rios podem acessar a plataforma de resolu\u00e7\u00e3o de lit\u00edgios da Comiss\u00e3o Europeia atrav\u00e9s do seguinte link: https:\/\/ec.europa.eu\/consumers\/odr\/.<\/p>\n<h2>Links externos<\/h2>\n<p>O site djfuturo.com pode conter links para sites de terceiros. O objetivo desses links \u00e9 fornecer ao Usu\u00e1rio a possibilidade de acessar conte\u00fados adicionais.<\/p>\n<p>djfuturo.com n\u00e3o se responsabiliza pelos resultados que possam ocorrer ao Usu\u00e1rio ao acessar esses links externos.<\/p>\n<p>Al\u00e9m disso, dentro do site, podem existir p\u00e1ginas e promo\u00e7\u00f5es que rastreiam h\u00e1bitos de navega\u00e7\u00e3o dos Usu\u00e1rios para criar perfis de consumo. Essa informa\u00e7\u00e3o \u00e9 an\u00f4nima e n\u00e3o identifica o Usu\u00e1rio.<\/p>\n<p>Os dados coletados em sites de terceiros est\u00e3o sujeitos \u00e0s pol\u00edticas de privacidade desses sites, n\u00e3o \u00e0 Pol\u00edtica de Privacidade de djfuturo.com.<\/p>\n<h2>Navega\u00e7\u00e3o e IP<\/h2>\n<p>Durante a navega\u00e7\u00e3o no site e ao interagir com o conte\u00fado (por exemplo, ao deixar coment\u00e1rios), o endere\u00e7o IP do Usu\u00e1rio pode ser registrado. Esse dado ser\u00e1 utilizado apenas para fins estat\u00edsticos.<\/p>\n<h2>Exclus\u00e3o de garantias e responsabilidade<\/h2>\n<p>djfuturo.com n\u00e3o garante e n\u00e3o se responsabiliza por:<\/p>\n<ul>\n<li>Falta de disponibilidade ou manuten\u00e7\u00e3o do site e seus servi\u00e7os;<\/li>\n<li>Exist\u00eancia de malware, v\u00edrus ou outros elementos nocivos;<\/li>\n<li>Uso il\u00edcito ou fraudulento do site;<\/li>\n<li>Servi\u00e7os prestados por terceiros que estejam dispon\u00edveis no site.<\/li>\n<li>O site n\u00e3o se responsabiliza por danos causados pelo uso indevido ou ilegal desta p\u00e1gina.<\/li>\n<\/ul>\n<h2>Lei aplic\u00e1vel e jurisdi\u00e7\u00e3o<\/h2>\n<p>As rela\u00e7\u00f5es entre djfuturo.com e os Usu\u00e1rios deste site est\u00e3o sujeitas \u00e0 legisla\u00e7\u00e3o espanhola.<\/p>\n","protected":false},"excerpt":{"rendered":"<p>Nesta p\u00e1gina, informamos sobre os dados, a finalidade e a atividade deste site, quais informa\u00e7\u00f5es s\u00e3o utilizadas e como os dados dos usu\u00e1rios s\u00e3o tratados. Titular e respons\u00e1vel legal do [&hellip;]<\/p>\n","protected":false},"author":1,"featured_media":0,"parent":0,"menu_order":0,"comment_status":"closed","ping_status":"closed","template":"","meta":{"footnotes":""},"class_list":["post-42","page","type-page","status-publish","hentry","wpbf-post"],"yoast_head":"<!-- This site is optimized with the Yoast SEO plugin v24.5 - https:\/\/yoast.com\/wordpress\/plugins\/seo\/ -->\n<title>Aviso Legal | DJFuturo PT-BR<\/title>\n<meta name=\"robots\" content=\"noindex, follow\" \/>\n<meta property=\"og:locale\" content=\"pt_BR\" \/>\n<meta property=\"og:type\" content=\"article\" \/>\n<meta property=\"og:title\" content=\"Aviso Legal | DJFuturo PT-BR\" \/>\n<meta property=\"og:description\" content=\"Nesta p\u00e1gina, informamos sobre os dados, a finalidade e a atividade deste site, quais informa\u00e7\u00f5es s\u00e3o utilizadas e como os dados dos usu\u00e1rios s\u00e3o tratados. Titular e respons\u00e1vel legal do [&hellip;]\" \/>\n<meta property=\"og:url\" content=\"https:\/\/djfuturo.com\/pt\/aviso-legal\/\" \/>\n<meta property=\"og:site_name\" content=\"DJFuturo PT-BR\" \/>\n<meta property=\"article:modified_time\" content=\"2025-02-26T18:14:41+00:00\" \/>\n<meta name=\"twitter:card\" content=\"summary_large_image\" \/>\n<meta name=\"twitter:label1\" content=\"Est. tempo de leitura\" \/>\n\t<meta name=\"twitter:data1\" content=\"4 minutos\" \/>\n<script type=\"application\/ld+json\" class=\"yoast-schema-graph\">{\"@context\":\"https:\/\/schema.org\",\"@graph\":[{\"@type\":\"WebPage\",\"@id\":\"https:\/\/djfuturo.com\/pt\/aviso-legal\/\",\"url\":\"https:\/\/djfuturo.com\/pt\/aviso-legal\/\",\"name\":\"Aviso Legal | DJFuturo PT-BR\",\"isPartOf\":{\"@id\":\"https:\/\/djfuturo.com\/pt\/#website\"},\"datePublished\":\"2025-02-26T17:45:55+00:00\",\"dateModified\":\"2025-02-26T18:14:41+00:00\",\"breadcrumb\":{\"@id\":\"https:\/\/djfuturo.com\/pt\/aviso-legal\/#breadcrumb\"},\"inLanguage\":\"pt-BR\",\"potentialAction\":[{\"@type\":\"ReadAction\",\"target\":[\"https:\/\/djfuturo.com\/pt\/aviso-legal\/\"]}]},{\"@type\":\"BreadcrumbList\",\"@id\":\"https:\/\/djfuturo.com\/pt\/aviso-legal\/#breadcrumb\",\"itemListElement\":[{\"@type\":\"ListItem\",\"position\":1,\"name\":\"Home\",\"item\":\"https:\/\/djfuturo.com\/pt\/\"},{\"@type\":\"ListItem\",\"position\":2,\"name\":\"Aviso Legal\"}]},{\"@type\":\"WebSite\",\"@id\":\"https:\/\/djfuturo.com\/pt\/#website\",\"url\":\"https:\/\/djfuturo.com\/pt\/\",\"name\":\"DJFuturo PT-BR\",\"description\":\"Software, IA, plugins e ferramentas para m\u00fasica e \u00e1udio.\",\"publisher\":{\"@id\":\"https:\/\/djfuturo.com\/pt\/#organization\"},\"potentialAction\":[{\"@type\":\"SearchAction\",\"target\":{\"@type\":\"EntryPoint\",\"urlTemplate\":\"https:\/\/djfuturo.com\/pt\/?s={search_term_string}\"},\"query-input\":{\"@type\":\"PropertyValueSpecification\",\"valueRequired\":true,\"valueName\":\"search_term_string\"}}],\"inLanguage\":\"pt-BR\"},{\"@type\":\"Organization\",\"@id\":\"https:\/\/djfuturo.com\/pt\/#organization\",\"name\":\"DJFuturo PT-BR\",\"url\":\"https:\/\/djfuturo.com\/pt\/\",\"logo\":{\"@type\":\"ImageObject\",\"inLanguage\":\"pt-BR\",\"@id\":\"https:\/\/djfuturo.com\/pt\/#\/schema\/logo\/image\/\",\"url\":\"https:\/\/djfuturo.com\/pt\/wp-content\/uploads\/logo-DJFuturo-2.0.png\",\"contentUrl\":\"https:\/\/djfuturo.com\/pt\/wp-content\/uploads\/logo-DJFuturo-2.0.png\",\"width\":696,\"height\":232,\"caption\":\"DJFuturo PT-BR\"},\"image\":{\"@id\":\"https:\/\/djfuturo.com\/pt\/#\/schema\/logo\/image\/\"}}]}<\/script>\n<!-- \/ Yoast SEO plugin. -->","yoast_head_json":{"title":"Aviso Legal | DJFuturo PT-BR","robots":{"index":"noindex","follow":"follow"},"og_locale":"pt_BR","og_type":"article","og_title":"Aviso Legal | DJFuturo PT-BR","og_description":"Nesta p\u00e1gina, informamos sobre os dados, a finalidade e a atividade deste site, quais informa\u00e7\u00f5es s\u00e3o utilizadas e como os dados dos usu\u00e1rios s\u00e3o tratados. Titular e respons\u00e1vel legal do [&hellip;]","og_url":"https:\/\/djfuturo.com\/pt\/aviso-legal\/","og_site_name":"DJFuturo PT-BR","article_modified_time":"2025-02-26T18:14:41+00:00","twitter_card":"summary_large_image","twitter_misc":{"Est. tempo de leitura":"4 minutos"},"schema":{"@context":"https:\/\/schema.org","@graph":[{"@type":"WebPage","@id":"https:\/\/djfuturo.com\/pt\/aviso-legal\/","url":"https:\/\/djfuturo.com\/pt\/aviso-legal\/","name":"Aviso Legal | DJFuturo PT-BR","isPartOf":{"@id":"https:\/\/djfuturo.com\/pt\/#website"},"datePublished":"2025-02-26T17:45:55+00:00","dateModified":"2025-02-26T18:14:41+00:00","breadcrumb":{"@id":"https:\/\/djfuturo.com\/pt\/aviso-legal\/#breadcrumb"},"inLanguage":"pt-BR","potentialAction":[{"@type":"ReadAction","target":["https:\/\/djfuturo.com\/pt\/aviso-legal\/"]}]},{"@type":"BreadcrumbList","@id":"https:\/\/djfuturo.com\/pt\/aviso-legal\/#breadcrumb","itemListElement":[{"@type":"ListItem","position":1,"name":"Home","item":"https:\/\/djfuturo.com\/pt\/"},{"@type":"ListItem","position":2,"name":"Aviso Legal"}]},{"@type":"WebSite","@id":"https:\/\/djfuturo.com\/pt\/#website","url":"https:\/\/djfuturo.com\/pt\/","name":"DJFuturo PT-BR","description":"Software, IA, plugins e ferramentas para m\u00fasica e \u00e1udio.","publisher":{"@id":"https:\/\/djfuturo.com\/pt\/#organization"},"potentialAction":[{"@type":"SearchAction","target":{"@type":"EntryPoint","urlTemplate":"https:\/\/djfuturo.com\/pt\/?s={search_term_string}"},"query-input":{"@type":"PropertyValueSpecification","valueRequired":true,"valueName":"search_term_string"}}],"inLanguage":"pt-BR"},{"@type":"Organization","@id":"https:\/\/djfuturo.com\/pt\/#organization","name":"DJFuturo PT-BR","url":"https:\/\/djfuturo.com\/pt\/","logo":{"@type":"ImageObject","inLanguage":"pt-BR","@id":"https:\/\/djfuturo.com\/pt\/#\/schema\/logo\/image\/","url":"https:\/\/djfuturo.com\/pt\/wp-content\/uploads\/logo-DJFuturo-2.0.png","contentUrl":"https:\/\/djfuturo.com\/pt\/wp-content\/uploads\/logo-DJFuturo-2.0.png","width":696,"height":232,"caption":"DJFuturo PT-BR"},"image":{"@id":"https:\/\/djfuturo.com\/pt\/#\/schema\/logo\/image\/"}}]}},"_links":{"self":[{"href":"https:\/\/djfuturo.com\/pt\/wp-json\/wp\/v2\/pages\/42","targetHints":{"allow":["GET"]}}],"collection":[{"href":"https:\/\/djfuturo.com\/pt\/wp-json\/wp\/v2\/pages"}],"about":[{"href":"https:\/\/djfuturo.com\/pt\/wp-json\/wp\/v2\/types\/page"}],"author":[{"embeddable":true,"href":"https:\/\/djfuturo.com\/pt\/wp-json\/wp\/v2\/users\/1"}],"replies":[{"embeddable":true,"href":"https:\/\/djfuturo.com\/pt\/wp-json\/wp\/v2\/comments?post=42"}],"version-history":[{"count":3,"href":"https:\/\/djfuturo.com\/pt\/wp-json\/wp\/v2\/pages\/42\/revisions"}],"predecessor-version":[{"id":55,"href":"https:\/\/djfuturo.com\/pt\/wp-json\/wp\/v2\/pages\/42\/revisions\/55"}],"wp:attachment":[{"href":"https:\/\/djfuturo.com\/pt\/wp-json\/wp\/v2\/media?parent=42"}],"curies":[{"name":"wp","href":"https:\/\/api.w.org\/{rel}","templated":true}]}}