{"id":44,"date":"2025-02-26T18:46:11","date_gmt":"2025-02-26T17:46:11","guid":{"rendered":"https:\/\/djfuturo.com\/pt\/?page_id=44"},"modified":"2025-02-26T19:22:57","modified_gmt":"2025-02-26T18:22:57","slug":"politica-de-cookies","status":"publish","type":"page","link":"https:\/\/djfuturo.com\/pt\/politica-de-cookies\/","title":{"rendered":"Pol\u00edtica de Cookies"},"content":{"rendered":"<h2>O que \u00e9 um cookie?<\/h2>\n<p>Um cookie \u00e9 um arquivo de texto inofensivo que \u00e9 armazenado no seu navegador quando voc\u00ea visita quase qualquer p\u00e1gina da web. A utilidade do cookie \u00e9 permitir que o site se lembre da sua visita quando voc\u00ea retornar a navegar por essa p\u00e1gina. Embora muitas pessoas n\u00e3o saibam, os cookies s\u00e3o usados h\u00e1 mais de 20 anos, desde que surgiram os primeiros navegadores para a World Wide Web.<\/p>\n<h2>O que N\u00c3O \u00c9 um cookie?<\/h2>\n<p>N\u00e3o \u00e9 um v\u00edrus, nem um trojan, nem um worm, nem spam, nem spyware, nem abre janelas pop-up.<\/p>\n<h2>Que informa\u00e7\u00f5es um cookie armazena?<\/h2>\n<p>Os cookies geralmente n\u00e3o armazenam informa\u00e7\u00f5es sens\u00edveis sobre voc\u00ea, como cart\u00f5es de cr\u00e9dito ou dados banc\u00e1rios, fotografias, seu RG ou CPF, ou outras informa\u00e7\u00f5es pessoais. Os dados armazenados s\u00e3o de car\u00e1ter t\u00e9cnico, prefer\u00eancias pessoais, personaliza\u00e7\u00e3o de conte\u00fados, etc.<\/p>\n<p>O servidor web n\u00e3o associa voc\u00ea como pessoa, mas sim ao seu navegador. Na verdade, se voc\u00ea costuma navegar com o Internet Explorer e depois usa o mesmo site no Firefox ou Chrome, ver\u00e1 que a p\u00e1gina n\u00e3o reconhece que voc\u00ea \u00e9 a mesma pessoa, pois est\u00e1 associando ao navegador, n\u00e3o ao usu\u00e1rio.<\/p>\n<h2>Quais tipos de cookies existem?<\/h2>\n<ul>\n<li>Cookies t\u00e9cnicos: S\u00e3o os mais b\u00e1sicos e permitem, entre outras coisas, saber quando um usu\u00e1rio est\u00e1 navegando (seja humano ou um rob\u00f4), se ele \u00e9 an\u00f4nimo ou registrado, al\u00e9m de realizar tarefas essenciais para o funcionamento de qualquer site din\u00e2mico.<\/li>\n<li>Cookies de an\u00e1lise: Coletam informa\u00e7\u00f5es sobre o tipo de navega\u00e7\u00e3o realizada, as se\u00e7\u00f5es mais acessadas, produtos consultados, hor\u00e1rio de uso, idioma, etc.<\/li>\n<li>Cookies publicit\u00e1rios: Exibem publicidade com base na sua navega\u00e7\u00e3o, pa\u00eds de origem, idioma, etc.<\/li>\n<\/ul>\n<h2>O que s\u00e3o cookies pr\u00f3prios e de terceiros?<\/h2>\n<p><strong>Cookies pr\u00f3prios<\/strong>: S\u00e3o gerados pelo site que voc\u00ea est\u00e1 visitando.<br \/>\n<strong>Cookies de terceiros<\/strong>: S\u00e3o gerados por servi\u00e7os ou fornecedores externos, como Facebook, Twitter, Google, etc.<\/p>\n<h2>O que acontece se eu desativar os cookies?<\/h2>\n<p>Para entender o impacto de desativar os cookies, veja alguns exemplos:<\/p>\n<ul>\n<li>Voc\u00ea n\u00e3o poder\u00e1 compartilhar conte\u00fados do site no Facebook, Twitter ou outras redes sociais.<\/li>\n<li>O site n\u00e3o poder\u00e1 adaptar o conte\u00fado \u00e0s suas prefer\u00eancias, como acontece em lojas virtuais.<\/li>\n<li>Voc\u00ea n\u00e3o poder\u00e1 acessar \u00e1reas pessoais do site, como &#8220;Minha conta&#8221; ou &#8220;Meus pedidos&#8221;.<\/li>\n<li>Compras online n\u00e3o poder\u00e3o ser realizadas, sendo necess\u00e1rio faz\u00ea-las por telefone ou em lojas f\u00edsicas.<\/li>\n<li>O site n\u00e3o poder\u00e1 personalizar suas prefer\u00eancias geogr\u00e1ficas, como fuso hor\u00e1rio, moeda ou idioma.<\/li>\n<li>O site n\u00e3o poder\u00e1 realizar an\u00e1lises de tr\u00e1fego e visitas, prejudicando sua competitividade.<\/li>\n<li>Voc\u00ea n\u00e3o poder\u00e1 comentar no blog, enviar fotos, publicar avalia\u00e7\u00f5es ou interagir com conte\u00fados.<\/li>\n<li>A publicidade exibida n\u00e3o ser\u00e1 personalizada, reduzindo os ganhos do site.<\/li>\n<li>Todas as redes sociais utilizam cookies. Se voc\u00ea os desativar, n\u00e3o poder\u00e1 utiliz\u00e1-las.<\/li>\n<\/ul>\n<h2>\u00c9 poss\u00edvel eliminar os cookies?<\/h2>\n<p>Sim. Voc\u00ea pode n\u00e3o apenas excluir, mas tamb\u00e9m bloquear os cookies, seja de forma geral ou para um dom\u00ednio espec\u00edfico.<\/p>\n<p>Para excluir os cookies de um site espec\u00edfico, basta acessar as configura\u00e7\u00f5es do seu navegador e buscar os cookies associados ao dom\u00ednio em quest\u00e3o para exclu\u00ed-los.<\/p>\n<h2>Configura\u00e7\u00e3o de cookies nos navegadores mais populares<\/h2>\n<h3>Google Chrome<\/h3>\n<p>Acesse Configura\u00e7\u00f5es ou Prefer\u00eancias atrav\u00e9s do menu.<br \/>\nClique em Privacidade e Seguran\u00e7a \u2192 Configura\u00e7\u00f5es do site.<br \/>\nV\u00e1 at\u00e9 Cookies e dados de sites.<br \/>\nAqui, voc\u00ea pode visualizar e excluir cookies espec\u00edficos.<\/p>\n<h3>Internet Explorer<\/h3>\n<p>V\u00e1 para Ferramentas \u2192 Op\u00e7\u00f5es da Internet.<br \/>\nClique em Privacidade.<br \/>\nAjuste o n\u00edvel de privacidade desejado.<\/p>\n<h3>Mozilla Firefox<\/h3>\n<p>Acesse Op\u00e7\u00f5es \u2192 Privacidade e Seguran\u00e7a.<br \/>\nNo hist\u00f3rico, selecione Usar configura\u00e7\u00f5es personalizadas para o hist\u00f3rico.<br \/>\nAtive ou desative a op\u00e7\u00e3o Aceitar cookies conforme sua prefer\u00eancia.<\/p>\n<h3>Safari (macOS)<\/h3>\n<p>V\u00e1 para Prefer\u00eancias \u2192 Privacidade.<br \/>\nEscolha a op\u00e7\u00e3o Bloquear cookies para definir o tipo de bloqueio desejado.<br \/>\nSafari (iOS &#8211; iPhone\/iPad)<br \/>\nAcesse Ajustes \u2192 Safari.<br \/>\nV\u00e1 para Privacidade e Seguran\u00e7a e ajuste as configura\u00e7\u00f5es de cookies.<\/p>\n<h3>Android (Navegador padr\u00e3o\/Chrome)<\/h3>\n<p>Abra o navegador e v\u00e1 at\u00e9 Configura\u00e7\u00f5es.<br \/>\nV\u00e1 para Seguran\u00e7a e Privacidade e ative\/desative os cookies conforme necess\u00e1rio.<\/p>\n<h3>Windows Phone (Internet Explorer)<\/h3>\n<p>Abra o navegador e v\u00e1 para Mais \u2192 Configura\u00e7\u00f5es.<br \/>\nAtive ou desative a op\u00e7\u00e3o Permitir cookies.<\/p>\n","protected":false},"excerpt":{"rendered":"<p>O que \u00e9 um cookie? Um cookie \u00e9 um arquivo de texto inofensivo que \u00e9 armazenado no seu navegador quando voc\u00ea visita quase qualquer p\u00e1gina da web. A utilidade do [&hellip;]<\/p>\n","protected":false},"author":1,"featured_media":0,"parent":0,"menu_order":0,"comment_status":"closed","ping_status":"closed","template":"","meta":{"footnotes":""},"class_list":["post-44","page","type-page","status-publish","hentry","wpbf-post"],"yoast_head":"<!-- This site is optimized with the Yoast SEO plugin v24.5 - https:\/\/yoast.com\/wordpress\/plugins\/seo\/ -->\n<title>Pol\u00edtica de Cookies | DJFuturo PT-BR<\/title>\n<meta name=\"robots\" content=\"noindex, follow\" \/>\n<meta property=\"og:locale\" content=\"pt_BR\" \/>\n<meta property=\"og:type\" content=\"article\" \/>\n<meta property=\"og:title\" content=\"Pol\u00edtica de Cookies | DJFuturo PT-BR\" \/>\n<meta property=\"og:description\" content=\"O que \u00e9 um cookie? Um cookie \u00e9 um arquivo de texto inofensivo que \u00e9 armazenado no seu navegador quando voc\u00ea visita quase qualquer p\u00e1gina da web. A utilidade do [&hellip;]\" \/>\n<meta property=\"og:url\" content=\"https:\/\/djfuturo.com\/pt\/politica-de-cookies\/\" \/>\n<meta property=\"og:site_name\" content=\"DJFuturo PT-BR\" \/>\n<meta property=\"article:modified_time\" content=\"2025-02-26T18:22:57+00:00\" \/>\n<meta name=\"twitter:card\" content=\"summary_large_image\" \/>\n<meta name=\"twitter:label1\" content=\"Est. tempo de leitura\" \/>\n\t<meta name=\"twitter:data1\" content=\"4 minutos\" \/>\n<script type=\"application\/ld+json\" class=\"yoast-schema-graph\">{\"@context\":\"https:\/\/schema.org\",\"@graph\":[{\"@type\":\"WebPage\",\"@id\":\"https:\/\/djfuturo.com\/pt\/politica-de-cookies\/\",\"url\":\"https:\/\/djfuturo.com\/pt\/politica-de-cookies\/\",\"name\":\"Pol\u00edtica de Cookies | DJFuturo PT-BR\",\"isPartOf\":{\"@id\":\"https:\/\/djfuturo.com\/pt\/#website\"},\"datePublished\":\"2025-02-26T17:46:11+00:00\",\"dateModified\":\"2025-02-26T18:22:57+00:00\",\"breadcrumb\":{\"@id\":\"https:\/\/djfuturo.com\/pt\/politica-de-cookies\/#breadcrumb\"},\"inLanguage\":\"pt-BR\",\"potentialAction\":[{\"@type\":\"ReadAction\",\"target\":[\"https:\/\/djfuturo.com\/pt\/politica-de-cookies\/\"]}]},{\"@type\":\"BreadcrumbList\",\"@id\":\"https:\/\/djfuturo.com\/pt\/politica-de-cookies\/#breadcrumb\",\"itemListElement\":[{\"@type\":\"ListItem\",\"position\":1,\"name\":\"Home\",\"item\":\"https:\/\/djfuturo.com\/pt\/\"},{\"@type\":\"ListItem\",\"position\":2,\"name\":\"Pol\u00edtica de Cookies\"}]},{\"@type\":\"WebSite\",\"@id\":\"https:\/\/djfuturo.com\/pt\/#website\",\"url\":\"https:\/\/djfuturo.com\/pt\/\",\"name\":\"DJFuturo PT-BR\",\"description\":\"Software, IA, plugins e ferramentas para m\u00fasica e \u00e1udio.\",\"publisher\":{\"@id\":\"https:\/\/djfuturo.com\/pt\/#organization\"},\"potentialAction\":[{\"@type\":\"SearchAction\",\"target\":{\"@type\":\"EntryPoint\",\"urlTemplate\":\"https:\/\/djfuturo.com\/pt\/?s={search_term_string}\"},\"query-input\":{\"@type\":\"PropertyValueSpecification\",\"valueRequired\":true,\"valueName\":\"search_term_string\"}}],\"inLanguage\":\"pt-BR\"},{\"@type\":\"Organization\",\"@id\":\"https:\/\/djfuturo.com\/pt\/#organization\",\"name\":\"DJFuturo PT-BR\",\"url\":\"https:\/\/djfuturo.com\/pt\/\",\"logo\":{\"@type\":\"ImageObject\",\"inLanguage\":\"pt-BR\",\"@id\":\"https:\/\/djfuturo.com\/pt\/#\/schema\/logo\/image\/\",\"url\":\"https:\/\/djfuturo.com\/pt\/wp-content\/uploads\/logo-DJFuturo-2.0.png\",\"contentUrl\":\"https:\/\/djfuturo.com\/pt\/wp-content\/uploads\/logo-DJFuturo-2.0.png\",\"width\":696,\"height\":232,\"caption\":\"DJFuturo PT-BR\"},\"image\":{\"@id\":\"https:\/\/djfuturo.com\/pt\/#\/schema\/logo\/image\/\"}}]}<\/script>\n<!-- \/ Yoast SEO plugin. -->","yoast_head_json":{"title":"Pol\u00edtica de Cookies | DJFuturo PT-BR","robots":{"index":"noindex","follow":"follow"},"og_locale":"pt_BR","og_type":"article","og_title":"Pol\u00edtica de Cookies | DJFuturo PT-BR","og_description":"O que \u00e9 um cookie? Um cookie \u00e9 um arquivo de texto inofensivo que \u00e9 armazenado no seu navegador quando voc\u00ea visita quase qualquer p\u00e1gina da web. A utilidade do [&hellip;]","og_url":"https:\/\/djfuturo.com\/pt\/politica-de-cookies\/","og_site_name":"DJFuturo PT-BR","article_modified_time":"2025-02-26T18:22:57+00:00","twitter_card":"summary_large_image","twitter_misc":{"Est. tempo de leitura":"4 minutos"},"schema":{"@context":"https:\/\/schema.org","@graph":[{"@type":"WebPage","@id":"https:\/\/djfuturo.com\/pt\/politica-de-cookies\/","url":"https:\/\/djfuturo.com\/pt\/politica-de-cookies\/","name":"Pol\u00edtica de Cookies | DJFuturo PT-BR","isPartOf":{"@id":"https:\/\/djfuturo.com\/pt\/#website"},"datePublished":"2025-02-26T17:46:11+00:00","dateModified":"2025-02-26T18:22:57+00:00","breadcrumb":{"@id":"https:\/\/djfuturo.com\/pt\/politica-de-cookies\/#breadcrumb"},"inLanguage":"pt-BR","potentialAction":[{"@type":"ReadAction","target":["https:\/\/djfuturo.com\/pt\/politica-de-cookies\/"]}]},{"@type":"BreadcrumbList","@id":"https:\/\/djfuturo.com\/pt\/politica-de-cookies\/#breadcrumb","itemListElement":[{"@type":"ListItem","position":1,"name":"Home","item":"https:\/\/djfuturo.com\/pt\/"},{"@type":"ListItem","position":2,"name":"Pol\u00edtica de Cookies"}]},{"@type":"WebSite","@id":"https:\/\/djfuturo.com\/pt\/#website","url":"https:\/\/djfuturo.com\/pt\/","name":"DJFuturo PT-BR","description":"Software, IA, plugins e ferramentas para m\u00fasica e \u00e1udio.","publisher":{"@id":"https:\/\/djfuturo.com\/pt\/#organization"},"potentialAction":[{"@type":"SearchAction","target":{"@type":"EntryPoint","urlTemplate":"https:\/\/djfuturo.com\/pt\/?s={search_term_string}"},"query-input":{"@type":"PropertyValueSpecification","valueRequired":true,"valueName":"search_term_string"}}],"inLanguage":"pt-BR"},{"@type":"Organization","@id":"https:\/\/djfuturo.com\/pt\/#organization","name":"DJFuturo PT-BR","url":"https:\/\/djfuturo.com\/pt\/","logo":{"@type":"ImageObject","inLanguage":"pt-BR","@id":"https:\/\/djfuturo.com\/pt\/#\/schema\/logo\/image\/","url":"https:\/\/djfuturo.com\/pt\/wp-content\/uploads\/logo-DJFuturo-2.0.png","contentUrl":"https:\/\/djfuturo.com\/pt\/wp-content\/uploads\/logo-DJFuturo-2.0.png","width":696,"height":232,"caption":"DJFuturo PT-BR"},"image":{"@id":"https:\/\/djfuturo.com\/pt\/#\/schema\/logo\/image\/"}}]}},"_links":{"self":[{"href":"https:\/\/djfuturo.com\/pt\/wp-json\/wp\/v2\/pages\/44","targetHints":{"allow":["GET"]}}],"collection":[{"href":"https:\/\/djfuturo.com\/pt\/wp-json\/wp\/v2\/pages"}],"about":[{"href":"https:\/\/djfuturo.com\/pt\/wp-json\/wp\/v2\/types\/page"}],"author":[{"embeddable":true,"href":"https:\/\/djfuturo.com\/pt\/wp-json\/wp\/v2\/users\/1"}],"replies":[{"embeddable":true,"href":"https:\/\/djfuturo.com\/pt\/wp-json\/wp\/v2\/comments?post=44"}],"version-history":[{"count":3,"href":"https:\/\/djfuturo.com\/pt\/wp-json\/wp\/v2\/pages\/44\/revisions"}],"predecessor-version":[{"id":57,"href":"https:\/\/djfuturo.com\/pt\/wp-json\/wp\/v2\/pages\/44\/revisions\/57"}],"wp:attachment":[{"href":"https:\/\/djfuturo.com\/pt\/wp-json\/wp\/v2\/media?parent=44"}],"curies":[{"name":"wp","href":"https:\/\/api.w.org\/{rel}","templated":true}]}}