{"id":46,"date":"2025-02-26T18:46:39","date_gmt":"2025-02-26T17:46:39","guid":{"rendered":"https:\/\/djfuturo.com\/pt\/?page_id=46"},"modified":"2026-01-26T13:48:22","modified_gmt":"2026-01-26T12:48:22","slug":"sobre","status":"publish","type":"page","link":"https:\/\/djfuturo.com\/pt\/sobre\/","title":{"rendered":"Sobre DJFuturo"},"content":{"rendered":"<section class=\"about-editorial is-first\" style=\"background-image: url('https:\/\/djfuturo.com\/pt\/wp-content\/uploads\/djfuturo-.jpg');\">\n<div class=\"about-editorial-overlay\">\n<p><img loading=\"lazy\" decoding=\"async\" class=\"aligncenter wp-image-2095 size-full\" src=\"https:\/\/djfuturo.com\/pt\/wp-content\/uploads\/djfuturo-about-logo-.png\" alt=\"Logo DJFuturo: software, plugins, IA e ferramentas para m\u00fasica e \u00e1udio.\" width=\"470\" height=\"149\" srcset=\"https:\/\/djfuturo.com\/pt\/wp-content\/uploads\/djfuturo-about-logo-.png 470w, https:\/\/djfuturo.com\/pt\/wp-content\/uploads\/djfuturo-about-logo--300x95.png 300w\" sizes=\"auto, (max-width: 470px) 100vw, 470px\" \/><\/p>\n<p class=\"frase-about\" style=\"text-align: center;\"><em><span style=\"font-size: 18pt;\"><strong>Software, plugins, IA e ferramentas para m\u00fasica e \u00e1udio.<\/strong><\/span><\/em><\/p>\n<div class=\"su-spacer\" style=\"height:40px\"><\/div>\n<div class=\"about-editorial-grid\">\n<div class=\"about-editorial-title\">\n<h2><span style=\"font-size: 16pt;\">O que \u00e9<\/span> DJFuturo<\/h2>\n<\/div>\n<div class=\"about-editorial-body\">\n<div class=\"about-editorial-content\">\n<ul>\n<li>DJFuturo \u00e9 uma plataforma especializada em software para m\u00fasica e \u00e1udio.<\/li>\n<li>Analisamos e selecionamos ferramentas utilizadas por creators, produtores, DJs e profissionais de \u00e1udio em diferentes \u00e1reas.<\/li>\n<li>O projeto combina conte\u00fado editorial, rankings e recursos com p\u00e1ginas de acesso e download de software oficial e ferramentas online, facilitando a descoberta de solu\u00e7\u00f5es realmente \u00fateis.<\/li>\n<li>Nosso objetivo n\u00e3o \u00e9 apenas listar softwares, mas oferecer contexto, comparativos, explica\u00e7\u00f5es claras e recomenda\u00e7\u00f5es baseadas em experi\u00eancia pr\u00e1tica, pesquisa e uso real das ferramentas.<\/li>\n<\/ul>\n<\/div>\n<div class=\"about-editorial-quote\">\n<blockquote><p>\u201cDJFuturo funciona como um laborat\u00f3rio de ferramentas de \u00e1udio para explorar e encontrar solu\u00e7\u00f5es pr\u00e1ticas.\u201d<\/p><\/blockquote>\n<\/div>\n<\/div>\n<\/div>\n<\/div>\n<\/section>\n<section class=\"about-editorial is-light is-reverse\">\n<div class=\"about-editorial-overlay\">\n<div class=\"about-editorial-grid\">\n<div class=\"about-editorial-title\">\n<h2>Origens e evolu\u00e7\u00e3o<\/h2>\n<\/div>\n<div class=\"about-editorial-body\">\n<div class=\"about-editorial-content\">\n<p>O DJFuturo surgiu em 2020 como um projeto focado em software para DJs, acompanhado por um guia gratuito voltado para iniciantes absolutos. Estruturado em 12 artigos ou cap\u00edtulos, esse guia ajudava usu\u00e1rios sem experi\u00eancia pr\u00e9via a criar seus primeiros mixes, com ou sem equipamentos, utilizando software DJ gratuito.<\/p>\n<p>Com o tempo, o foco foi ampliado para abranger uma ampla variedade de softwares relacionados ao universo do \u00e1udio, incluindo produ\u00e7\u00e3o musical (DAWs), edi\u00e7\u00e3o de \u00e1udio, plugins, conversores e diversas ferramentas utilit\u00e1rias.<\/p>\n<p>Em seguida, veio a intelig\u00eancia artificial. A IA veio para ficar e \u00e9 tratada como mais uma ferramenta criativa, n\u00e3o como substituta do criador humano. Por isso, solu\u00e7\u00f5es de m\u00fasica e \u00e1udio baseadas em IA ocupam hoje um espa\u00e7o importante dentro do DJFuturo.<\/p>\n<\/div>\n<\/div>\n<\/div>\n<\/div>\n<\/section>\n<section class=\"about-editorial\" style=\"background-image: url('https:\/\/djfuturo.com\/pt\/wp-content\/uploads\/djfuturo-.jpg');\">\n<div class=\"about-editorial-overlay\">\n<div class=\"about-editorial-grid\">\n<div class=\"about-editorial-title\">\n<h2>Como analisamos os softwares<\/h2>\n<\/div>\n<div class=\"about-editorial-body\">\n<div class=\"about-editorial-content\">\n<ul>\n<li>N\u00e3o geramos conte\u00fado automaticamente: todas as an\u00e1lises contam com uma avalia\u00e7\u00e3o humana.<\/li>\n<li>Cada ferramenta \u00e9 analisada a partir de uma abordagem pr\u00e1tica, considerando casos de uso reais, funcionalidades efetivas e compara\u00e7\u00f5es com alternativas similares.<\/li>\n<li>Nossos crit\u00e9rios se baseiam em experi\u00eancia direta, testes e compara\u00e7\u00e3o entre solu\u00e7\u00f5es, e n\u00e3o apenas na compila\u00e7\u00e3o de informa\u00e7\u00f5es de terceiros. Evitamos abordagens enganosas ou puramente comerciais.<\/li>\n<\/ul>\n<\/div>\n<\/div>\n<\/div>\n<\/div>\n<\/section>\n<section class=\"about-editorial is-light is-reverse\">\n<div class=\"about-editorial-overlay\">\n<div class=\"about-editorial-grid\">\n<div class=\"about-editorial-title\">\n<h3>Rankings<\/h3>\n<\/div>\n<div class=\"about-editorial-body\">\n<div class=\"about-editorial-content\">\n<p>Os rankings e comparativos s\u00e3o parte central do projeto. N\u00e3o se tratam de listas fixas, mas de guias din\u00e2micos atualizados regularmente, que ajudam a entender quais ferramentas se destacam em cada categoria e por qu\u00ea.<\/p>\n<p>Nosso m\u00e9todo prioriza primeiro a descoberta dos softwares por meio de an\u00e1lises curtas e, em seguida, oferece acesso direto \u00e0s ferramentas. Apresentamos contexto antes de direcionar para download ou uso das solu\u00e7\u00f5es recomendadas.<\/p>\n<\/div>\n<\/div>\n<\/div>\n<\/div>\n<\/section>\n<section class=\"about-editorial\" style=\"background-image: url('https:\/\/djfuturo.com\/pt\/wp-content\/uploads\/djfuturo-.jpg');\">\n<div class=\"about-editorial-overlay\">\n<div class=\"about-editorial-grid\">\n<div class=\"about-editorial-title\">\n<h2>Downloads oficiais<\/h2>\n<\/div>\n<div class=\"about-editorial-body\">\n<div class=\"about-editorial-content\">\n<p>O DJFuturo disponibiliza p\u00e1ginas de acesso e download que direcionam exclusivamente para fontes oficiais, incluindo vers\u00f5es gratuitas, vers\u00f5es de teste e recursos fornecidos diretamente pelos desenvolvedores.<\/p>\n<p>Essas p\u00e1ginas s\u00e3o uma parte essencial do projeto. Nosso modelo se baseia em oferecer conhecimento inicial e acesso seguro \u00e0s ferramentas, sem pr\u00e1ticas obscuras ou sistemas de distribui\u00e7\u00e3o n\u00e3o autorizados.<\/p>\n<\/div>\n<\/div>\n<\/div>\n<\/div>\n<\/section>\n<section class=\"about-editorial is-light is-reverse\">\n<div class=\"about-editorial-overlay\">\n<div class=\"about-editorial-grid\">\n<div class=\"about-editorial-title\">\n<h2>O que o DJFuturo \u00e9, e o que n\u00e3o \u00e9<\/h2>\n<\/div>\n<div class=\"about-editorial-body\">\n<div class=\"about-editorial-content\">\n<ul>\n<li>DJFuturo \u00e9 uma plataforma especializada em software de \u00e1udio, com crit\u00e9rio editorial pr\u00f3prio.<\/li>\n<li>N\u00e3o \u00e9 um site de downloads piratas, nem um diret\u00f3rio automatizado, nem uma revista gen\u00e9rica.<\/li>\n<li>Todo o conte\u00fado segue uma abordagem profissional, focada em clareza, utilidade e valor real.<\/li>\n<\/ul>\n<\/div>\n<\/div>\n<\/div>\n<\/div>\n<\/section>\n<section class=\"about-editorial\" style=\"background-image: url('https:\/\/djfuturo.com\/pt\/wp-content\/uploads\/djfuturo-.jpg');\">\n<div class=\"about-editorial-overlay\">\n<div class=\"about-editorial-grid\">\n<div class=\"about-editorial-title\">\n<h3>Trajet\u00f3ria<\/h3>\n<\/div>\n<div class=\"about-editorial-body\">\n<div class=\"about-editorial-content\">\n<ul>\n<li>O projeto conta com mais de 5 anos de evolu\u00e7\u00e3o cont\u00ednua.<\/li>\n<li>Centenas de ferramentas j\u00e1 foram analisadas.<\/li>\n<li>Centenas de milhares de acessos e downloads de softwares recomendados foram gerados.<\/li>\n<li>Ao longo do tempo, o DJFuturo ajustou seu foco para acompanhar as mudan\u00e7as do setor de \u00e1udio, incorporando novas \u00e1reas como IA sem perder a ess\u00eancia voltada ao software e \u00e0s ferramentas pr\u00e1ticas.<\/li>\n<\/ul>\n<\/div>\n<\/div>\n<\/div>\n<\/div>\n<\/section>\n<section class=\"about-editorial is-light is-reverse\">\n<div class=\"about-editorial-overlay\">\n<div class=\"about-editorial-grid\">\n<div class=\"about-editorial-title\">\n<h3>Olhando para o futuro<\/h3>\n<\/div>\n<div class=\"about-editorial-body\">\n<div class=\"about-editorial-content\">Somos um projeto em constante evolu\u00e7\u00e3o, com uma vis\u00e3o de longo prazo focada em apresentar as ferramentas mais recentes, por meio de conte\u00fado claro, acess\u00edvel e f\u00e1cil de entender.<\/div>\n<div class=\"about-editorial-quote\">\n<blockquote><p>\u201cNosso objetivo \u00e9 ser realmente \u00fateis para quem busca ferramentas de m\u00fasica e \u00e1udio.\u201d<\/p><\/blockquote>\n<\/div>\n<\/div>\n<\/div>\n<\/div>\n<\/section>\n<div class=\"su-spacer\" style=\"height:50px\"><\/div>\n","protected":false},"excerpt":{"rendered":"<p>Software, plugins, IA e ferramentas para m\u00fasica e \u00e1udio. O que \u00e9 DJFuturo DJFuturo \u00e9 uma plataforma especializada em software para m\u00fasica e \u00e1udio. Analisamos e selecionamos ferramentas utilizadas por [&hellip;]<\/p>\n","protected":false},"author":1,"featured_media":0,"parent":0,"menu_order":0,"comment_status":"closed","ping_status":"closed","template":"","meta":{"footnotes":""},"class_list":["post-46","page","type-page","status-publish","hentry","wpbf-post"],"yoast_head":"<!-- This site is optimized with the Yoast SEO plugin v24.5 - https:\/\/yoast.com\/wordpress\/plugins\/seo\/ -->\n<title>Sobre DJFuturo | DJFuturo PT-BR<\/title>\n<meta name=\"description\" content=\"DJFuturo \u00e9 uma plataforma especializada em software, plugins e IA para m\u00fasica e \u00e1udio, com an\u00e1lises, rankings e downloads oficiais seguros.\" \/>\n<meta name=\"robots\" content=\"index, follow, max-snippet:-1, max-image-preview:large, max-video-preview:-1\" \/>\n<link rel=\"canonical\" href=\"https:\/\/djfuturo.com\/pt\/sobre\/\" \/>\n<meta property=\"og:locale\" content=\"pt_BR\" \/>\n<meta property=\"og:type\" content=\"article\" \/>\n<meta property=\"og:title\" content=\"Sobre DJFuturo | DJFuturo PT-BR\" \/>\n<meta property=\"og:description\" content=\"DJFuturo \u00e9 uma plataforma especializada em software, plugins e IA para m\u00fasica e \u00e1udio, com an\u00e1lises, rankings e downloads oficiais seguros.\" \/>\n<meta property=\"og:url\" content=\"https:\/\/djfuturo.com\/pt\/sobre\/\" \/>\n<meta property=\"og:site_name\" content=\"DJFuturo PT-BR\" \/>\n<meta property=\"article:modified_time\" content=\"2026-01-26T12:48:22+00:00\" \/>\n<meta property=\"og:image\" content=\"https:\/\/djfuturo.com\/pt\/wp-content\/uploads\/djfuturo-about-logo-.png\" \/>\n\t<meta property=\"og:image:width\" content=\"470\" \/>\n\t<meta property=\"og:image:height\" content=\"149\" \/>\n\t<meta property=\"og:image:type\" content=\"image\/png\" \/>\n<meta name=\"twitter:card\" content=\"summary_large_image\" \/>\n<meta name=\"twitter:label1\" content=\"Est. tempo de leitura\" \/>\n\t<meta name=\"twitter:data1\" content=\"4 minutos\" \/>\n<script type=\"application\/ld+json\" class=\"yoast-schema-graph\">{\"@context\":\"https:\/\/schema.org\",\"@graph\":[{\"@type\":\"WebPage\",\"@id\":\"https:\/\/djfuturo.com\/pt\/sobre\/\",\"url\":\"https:\/\/djfuturo.com\/pt\/sobre\/\",\"name\":\"Sobre DJFuturo | DJFuturo PT-BR\",\"isPartOf\":{\"@id\":\"https:\/\/djfuturo.com\/pt\/#website\"},\"primaryImageOfPage\":{\"@id\":\"https:\/\/djfuturo.com\/pt\/sobre\/#primaryimage\"},\"image\":{\"@id\":\"https:\/\/djfuturo.com\/pt\/sobre\/#primaryimage\"},\"thumbnailUrl\":\"https:\/\/djfuturo.com\/pt\/wp-content\/uploads\/djfuturo-about-logo-.png\",\"datePublished\":\"2025-02-26T17:46:39+00:00\",\"dateModified\":\"2026-01-26T12:48:22+00:00\",\"description\":\"DJFuturo \u00e9 uma plataforma especializada em software, plugins e IA para m\u00fasica e \u00e1udio, com an\u00e1lises, rankings e downloads oficiais seguros.\",\"breadcrumb\":{\"@id\":\"https:\/\/djfuturo.com\/pt\/sobre\/#breadcrumb\"},\"inLanguage\":\"pt-BR\",\"potentialAction\":[{\"@type\":\"ReadAction\",\"target\":[\"https:\/\/djfuturo.com\/pt\/sobre\/\"]}]},{\"@type\":\"ImageObject\",\"inLanguage\":\"pt-BR\",\"@id\":\"https:\/\/djfuturo.com\/pt\/sobre\/#primaryimage\",\"url\":\"https:\/\/djfuturo.com\/pt\/wp-content\/uploads\/djfuturo-about-logo-.png\",\"contentUrl\":\"https:\/\/djfuturo.com\/pt\/wp-content\/uploads\/djfuturo-about-logo-.png\",\"width\":470,\"height\":149,\"caption\":\"Logo DJFuturo: software, plugins, IA e ferramentas para m\u00fasica e \u00e1udio.\"},{\"@type\":\"BreadcrumbList\",\"@id\":\"https:\/\/djfuturo.com\/pt\/sobre\/#breadcrumb\",\"itemListElement\":[{\"@type\":\"ListItem\",\"position\":1,\"name\":\"Home\",\"item\":\"https:\/\/djfuturo.com\/pt\/\"},{\"@type\":\"ListItem\",\"position\":2,\"name\":\"Sobre DJFuturo\"}]},{\"@type\":\"WebSite\",\"@id\":\"https:\/\/djfuturo.com\/pt\/#website\",\"url\":\"https:\/\/djfuturo.com\/pt\/\",\"name\":\"DJFuturo PT-BR\",\"description\":\"Software, IA, plugins e ferramentas para m\u00fasica e \u00e1udio.\",\"publisher\":{\"@id\":\"https:\/\/djfuturo.com\/pt\/#organization\"},\"potentialAction\":[{\"@type\":\"SearchAction\",\"target\":{\"@type\":\"EntryPoint\",\"urlTemplate\":\"https:\/\/djfuturo.com\/pt\/?s={search_term_string}\"},\"query-input\":{\"@type\":\"PropertyValueSpecification\",\"valueRequired\":true,\"valueName\":\"search_term_string\"}}],\"inLanguage\":\"pt-BR\"},{\"@type\":\"Organization\",\"@id\":\"https:\/\/djfuturo.com\/pt\/#organization\",\"name\":\"DJFuturo PT-BR\",\"url\":\"https:\/\/djfuturo.com\/pt\/\",\"logo\":{\"@type\":\"ImageObject\",\"inLanguage\":\"pt-BR\",\"@id\":\"https:\/\/djfuturo.com\/pt\/#\/schema\/logo\/image\/\",\"url\":\"https:\/\/djfuturo.com\/pt\/wp-content\/uploads\/logo-DJFuturo-2.0.png\",\"contentUrl\":\"https:\/\/djfuturo.com\/pt\/wp-content\/uploads\/logo-DJFuturo-2.0.png\",\"width\":696,\"height\":232,\"caption\":\"DJFuturo PT-BR\"},\"image\":{\"@id\":\"https:\/\/djfuturo.com\/pt\/#\/schema\/logo\/image\/\"}}]}<\/script>\n<!-- \/ Yoast SEO plugin. -->","yoast_head_json":{"title":"Sobre DJFuturo | DJFuturo PT-BR","description":"DJFuturo \u00e9 uma plataforma especializada em software, plugins e IA para m\u00fasica e \u00e1udio, com an\u00e1lises, rankings e downloads oficiais seguros.","robots":{"index":"index","follow":"follow","max-snippet":"max-snippet:-1","max-image-preview":"max-image-preview:large","max-video-preview":"max-video-preview:-1"},"canonical":"https:\/\/djfuturo.com\/pt\/sobre\/","og_locale":"pt_BR","og_type":"article","og_title":"Sobre DJFuturo | DJFuturo PT-BR","og_description":"DJFuturo \u00e9 uma plataforma especializada em software, plugins e IA para m\u00fasica e \u00e1udio, com an\u00e1lises, rankings e downloads oficiais seguros.","og_url":"https:\/\/djfuturo.com\/pt\/sobre\/","og_site_name":"DJFuturo PT-BR","article_modified_time":"2026-01-26T12:48:22+00:00","og_image":[{"width":470,"height":149,"url":"https:\/\/djfuturo.com\/pt\/wp-content\/uploads\/djfuturo-about-logo-.png","type":"image\/png"}],"twitter_card":"summary_large_image","twitter_misc":{"Est. tempo de leitura":"4 minutos"},"schema":{"@context":"https:\/\/schema.org","@graph":[{"@type":"WebPage","@id":"https:\/\/djfuturo.com\/pt\/sobre\/","url":"https:\/\/djfuturo.com\/pt\/sobre\/","name":"Sobre DJFuturo | DJFuturo PT-BR","isPartOf":{"@id":"https:\/\/djfuturo.com\/pt\/#website"},"primaryImageOfPage":{"@id":"https:\/\/djfuturo.com\/pt\/sobre\/#primaryimage"},"image":{"@id":"https:\/\/djfuturo.com\/pt\/sobre\/#primaryimage"},"thumbnailUrl":"https:\/\/djfuturo.com\/pt\/wp-content\/uploads\/djfuturo-about-logo-.png","datePublished":"2025-02-26T17:46:39+00:00","dateModified":"2026-01-26T12:48:22+00:00","description":"DJFuturo \u00e9 uma plataforma especializada em software, plugins e IA para m\u00fasica e \u00e1udio, com an\u00e1lises, rankings e downloads oficiais seguros.","breadcrumb":{"@id":"https:\/\/djfuturo.com\/pt\/sobre\/#breadcrumb"},"inLanguage":"pt-BR","potentialAction":[{"@type":"ReadAction","target":["https:\/\/djfuturo.com\/pt\/sobre\/"]}]},{"@type":"ImageObject","inLanguage":"pt-BR","@id":"https:\/\/djfuturo.com\/pt\/sobre\/#primaryimage","url":"https:\/\/djfuturo.com\/pt\/wp-content\/uploads\/djfuturo-about-logo-.png","contentUrl":"https:\/\/djfuturo.com\/pt\/wp-content\/uploads\/djfuturo-about-logo-.png","width":470,"height":149,"caption":"Logo DJFuturo: software, plugins, IA e ferramentas para m\u00fasica e \u00e1udio."},{"@type":"BreadcrumbList","@id":"https:\/\/djfuturo.com\/pt\/sobre\/#breadcrumb","itemListElement":[{"@type":"ListItem","position":1,"name":"Home","item":"https:\/\/djfuturo.com\/pt\/"},{"@type":"ListItem","position":2,"name":"Sobre DJFuturo"}]},{"@type":"WebSite","@id":"https:\/\/djfuturo.com\/pt\/#website","url":"https:\/\/djfuturo.com\/pt\/","name":"DJFuturo PT-BR","description":"Software, IA, plugins e ferramentas para m\u00fasica e \u00e1udio.","publisher":{"@id":"https:\/\/djfuturo.com\/pt\/#organization"},"potentialAction":[{"@type":"SearchAction","target":{"@type":"EntryPoint","urlTemplate":"https:\/\/djfuturo.com\/pt\/?s={search_term_string}"},"query-input":{"@type":"PropertyValueSpecification","valueRequired":true,"valueName":"search_term_string"}}],"inLanguage":"pt-BR"},{"@type":"Organization","@id":"https:\/\/djfuturo.com\/pt\/#organization","name":"DJFuturo PT-BR","url":"https:\/\/djfuturo.com\/pt\/","logo":{"@type":"ImageObject","inLanguage":"pt-BR","@id":"https:\/\/djfuturo.com\/pt\/#\/schema\/logo\/image\/","url":"https:\/\/djfuturo.com\/pt\/wp-content\/uploads\/logo-DJFuturo-2.0.png","contentUrl":"https:\/\/djfuturo.com\/pt\/wp-content\/uploads\/logo-DJFuturo-2.0.png","width":696,"height":232,"caption":"DJFuturo PT-BR"},"image":{"@id":"https:\/\/djfuturo.com\/pt\/#\/schema\/logo\/image\/"}}]}},"_links":{"self":[{"href":"https:\/\/djfuturo.com\/pt\/wp-json\/wp\/v2\/pages\/46","targetHints":{"allow":["GET"]}}],"collection":[{"href":"https:\/\/djfuturo.com\/pt\/wp-json\/wp\/v2\/pages"}],"about":[{"href":"https:\/\/djfuturo.com\/pt\/wp-json\/wp\/v2\/types\/page"}],"author":[{"embeddable":true,"href":"https:\/\/djfuturo.com\/pt\/wp-json\/wp\/v2\/users\/1"}],"replies":[{"embeddable":true,"href":"https:\/\/djfuturo.com\/pt\/wp-json\/wp\/v2\/comments?post=46"}],"version-history":[{"count":6,"href":"https:\/\/djfuturo.com\/pt\/wp-json\/wp\/v2\/pages\/46\/revisions"}],"predecessor-version":[{"id":2097,"href":"https:\/\/djfuturo.com\/pt\/wp-json\/wp\/v2\/pages\/46\/revisions\/2097"}],"wp:attachment":[{"href":"https:\/\/djfuturo.com\/pt\/wp-json\/wp\/v2\/media?parent=46"}],"curies":[{"name":"wp","href":"https:\/\/api.w.org\/{rel}","templated":true}]}}