{"id":858,"date":"2025-05-29T19:16:04","date_gmt":"2025-05-29T18:16:04","guid":{"rendered":"https:\/\/djfuturo.com\/pt\/?page_id=858"},"modified":"2025-06-26T07:16:38","modified_gmt":"2025-06-26T06:16:38","slug":"ficha-do-djuced","status":"publish","type":"page","link":"https:\/\/djfuturo.com\/pt\/ficha-do-djuced\/","title":{"rendered":"Ficha do DJUCED"},"content":{"rendered":"<h1 style=\"text-align: center;\">Baixa o DJUCED<\/h1>\n<p><script async src=\"https:\/\/pagead2.googlesyndication.com\/pagead\/js\/adsbygoogle.js?client=ca-pub-4313414132612852\" crossorigin=\"anonymous\"><\/script><ins class=\"adsbygoogle\" style=\"display: block;\" data-ad-client=\"ca-pub-4313414132612852\" data-ad-slot=\"3480493660\" data-ad-format=\"auto\" data-full-width-responsive=\"true\"><\/ins><script>\n     (adsbygoogle = window.adsbygoogle || []).push({});\n<\/script><br \/>\n<img loading=\"lazy\" decoding=\"async\" class=\"size-medium wp-image-88 aligncenter\" src=\"https:\/\/djfuturo.com\/pt\/wp-content\/uploads\/djuced-baixar-300x203.jpg\" alt=\"DJUCED - Baixar\" width=\"300\" height=\"203\" srcset=\"https:\/\/djfuturo.com\/pt\/wp-content\/uploads\/djuced-baixar-300x203.jpg 300w, https:\/\/djfuturo.com\/pt\/wp-content\/uploads\/djuced-baixar.jpg 492w\" sizes=\"auto, (max-width: 300px) 100vw, 300px\" \/><\/p>\n<h3 style=\"text-align: center;\">Baixar DJUCED para Windows<\/h3>\n<p style=\"text-align: center;\"><a href=\"https:\/\/www.djuced.com\/downloaddjuced\/\" class=\"su-button su-button-style-default\" style=\"color:#242121;background-color:#d9eee1;border-color:#aebfb4;border-radius:34px\" target=\"_blank\" rel=\"noopener noreferrer\"><span style=\"color:#242121;padding:6px 18px;font-size:14px;line-height:21px;border-color:#e5f4ea;border-radius:34px;text-shadow:none\"><i class=\"sui sui-download\" style=\"font-size:14px;color:#1a2430\"><\/i> Baixar para Windows<\/span><\/a>\n<div class=\"su-spacer\" style=\"height:20px\"><\/div>\n<h3 style=\"text-align: center;\">Baixar DJUCED para Mac<\/h3>\n<p style=\"text-align: center;\"><a href=\"https:\/\/www.djuced.com\/downloaddjuced\/\" class=\"su-button su-button-style-default\" style=\"color:#242121;background-color:#d9eee1;border-color:#aebfb4;border-radius:34px\" target=\"_blank\" rel=\"noopener noreferrer\"><span style=\"color:#242121;padding:6px 18px;font-size:14px;line-height:21px;border-color:#e5f4ea;border-radius:34px;text-shadow:none\"><i class=\"sui sui-download\" style=\"font-size:14px;color:#1a2430\"><\/i> Baixar para Mac<\/span><\/a><div class=\"su-spacer\" style=\"height:20px\"><\/div>\n<div class=\"su-note post\"  style=\"border-color:#e5e5e5;\"><div class=\"su-note-inner su-u-clearfix su-u-trim\" style=\"background-color:#ffffff;border-color:#ffffff;color:#333333;\">\u2705 \u00c9 a <strong>\u00faltima vers\u00e3o<\/strong> dispon\u00edvel.<br \/>\n\u2705 <strong>Download r\u00e1pido e seguro<\/strong>, o link vem da fonte oficial.<br \/>\n\u2139 O download do DJUCED \u00e9 totalmente gratuito, voc\u00ea pode us\u00e1-lo sem equipamento ou com controladores Hercules.<br \/>\n\u2139 Requisitos: recomenda-se pelo menos Windows 10 (64 bits) ou macOS 10.13 e 8 GB de RAM.<br \/>\n<\/div><\/div>\n<blockquote><p>Desfrute do DJUCED!<\/p><\/blockquote>\n","protected":false},"excerpt":{"rendered":"<p>Baixa o DJUCED Baixar DJUCED para Windows Baixar DJUCED para Mac Desfrute do DJUCED!<\/p>\n","protected":false},"author":1,"featured_media":0,"parent":0,"menu_order":0,"comment_status":"closed","ping_status":"closed","template":"","meta":{"footnotes":""},"class_list":["post-858","page","type-page","status-publish","hentry","wpbf-post"],"yoast_head":"<!-- This site is optimized with the Yoast SEO plugin v24.5 - https:\/\/yoast.com\/wordpress\/plugins\/seo\/ -->\n<title>Ficha do DJUCED | DJFuturo PT-BR<\/title>\n<meta name=\"robots\" content=\"noindex, follow\" \/>\n<meta property=\"og:locale\" content=\"pt_BR\" \/>\n<meta property=\"og:type\" content=\"article\" \/>\n<meta property=\"og:title\" content=\"Ficha do DJUCED | DJFuturo PT-BR\" \/>\n<meta property=\"og:description\" content=\"Baixa o DJUCED Baixar DJUCED para Windows Baixar DJUCED para Mac Desfrute do DJUCED!\" \/>\n<meta property=\"og:url\" content=\"https:\/\/djfuturo.com\/pt\/ficha-do-djuced\/\" \/>\n<meta property=\"og:site_name\" content=\"DJFuturo PT-BR\" \/>\n<meta property=\"article:modified_time\" content=\"2025-06-26T06:16:38+00:00\" \/>\n<meta property=\"og:image\" content=\"https:\/\/djfuturo.com\/pt\/wp-content\/uploads\/djuced-baixar.jpg\" \/>\n\t<meta property=\"og:image:width\" content=\"492\" \/>\n\t<meta property=\"og:image:height\" content=\"333\" \/>\n\t<meta property=\"og:image:type\" content=\"image\/jpeg\" \/>\n<meta name=\"twitter:card\" content=\"summary_large_image\" \/>\n<meta name=\"twitter:label1\" content=\"Est. tempo de leitura\" \/>\n\t<meta name=\"twitter:data1\" content=\"1 minuto\" \/>\n<script type=\"application\/ld+json\" class=\"yoast-schema-graph\">{\"@context\":\"https:\/\/schema.org\",\"@graph\":[{\"@type\":\"WebPage\",\"@id\":\"https:\/\/djfuturo.com\/pt\/ficha-do-djuced\/\",\"url\":\"https:\/\/djfuturo.com\/pt\/ficha-do-djuced\/\",\"name\":\"Ficha do DJUCED | DJFuturo PT-BR\",\"isPartOf\":{\"@id\":\"https:\/\/djfuturo.com\/pt\/#website\"},\"primaryImageOfPage\":{\"@id\":\"https:\/\/djfuturo.com\/pt\/ficha-do-djuced\/#primaryimage\"},\"image\":{\"@id\":\"https:\/\/djfuturo.com\/pt\/ficha-do-djuced\/#primaryimage\"},\"thumbnailUrl\":\"https:\/\/djfuturo.com\/pt\/wp-content\/uploads\/djuced-baixar-300x203.jpg\",\"datePublished\":\"2025-05-29T18:16:04+00:00\",\"dateModified\":\"2025-06-26T06:16:38+00:00\",\"breadcrumb\":{\"@id\":\"https:\/\/djfuturo.com\/pt\/ficha-do-djuced\/#breadcrumb\"},\"inLanguage\":\"pt-BR\",\"potentialAction\":[{\"@type\":\"ReadAction\",\"target\":[\"https:\/\/djfuturo.com\/pt\/ficha-do-djuced\/\"]}]},{\"@type\":\"ImageObject\",\"inLanguage\":\"pt-BR\",\"@id\":\"https:\/\/djfuturo.com\/pt\/ficha-do-djuced\/#primaryimage\",\"url\":\"https:\/\/djfuturo.com\/pt\/wp-content\/uploads\/djuced-baixar.jpg\",\"contentUrl\":\"https:\/\/djfuturo.com\/pt\/wp-content\/uploads\/djuced-baixar.jpg\",\"width\":492,\"height\":333,\"caption\":\"DJUCED - Baixar\"},{\"@type\":\"BreadcrumbList\",\"@id\":\"https:\/\/djfuturo.com\/pt\/ficha-do-djuced\/#breadcrumb\",\"itemListElement\":[{\"@type\":\"ListItem\",\"position\":1,\"name\":\"Home\",\"item\":\"https:\/\/djfuturo.com\/pt\/\"},{\"@type\":\"ListItem\",\"position\":2,\"name\":\"Ficha do DJUCED\"}]},{\"@type\":\"WebSite\",\"@id\":\"https:\/\/djfuturo.com\/pt\/#website\",\"url\":\"https:\/\/djfuturo.com\/pt\/\",\"name\":\"DJFuturo PT-BR\",\"description\":\"Software, IA, plugins e ferramentas para m\u00fasica e \u00e1udio.\",\"publisher\":{\"@id\":\"https:\/\/djfuturo.com\/pt\/#organization\"},\"potentialAction\":[{\"@type\":\"SearchAction\",\"target\":{\"@type\":\"EntryPoint\",\"urlTemplate\":\"https:\/\/djfuturo.com\/pt\/?s={search_term_string}\"},\"query-input\":{\"@type\":\"PropertyValueSpecification\",\"valueRequired\":true,\"valueName\":\"search_term_string\"}}],\"inLanguage\":\"pt-BR\"},{\"@type\":\"Organization\",\"@id\":\"https:\/\/djfuturo.com\/pt\/#organization\",\"name\":\"DJFuturo PT-BR\",\"url\":\"https:\/\/djfuturo.com\/pt\/\",\"logo\":{\"@type\":\"ImageObject\",\"inLanguage\":\"pt-BR\",\"@id\":\"https:\/\/djfuturo.com\/pt\/#\/schema\/logo\/image\/\",\"url\":\"https:\/\/djfuturo.com\/pt\/wp-content\/uploads\/logo-DJFuturo-2.0.png\",\"contentUrl\":\"https:\/\/djfuturo.com\/pt\/wp-content\/uploads\/logo-DJFuturo-2.0.png\",\"width\":696,\"height\":232,\"caption\":\"DJFuturo PT-BR\"},\"image\":{\"@id\":\"https:\/\/djfuturo.com\/pt\/#\/schema\/logo\/image\/\"}}]}<\/script>\n<!-- \/ Yoast SEO plugin. -->","yoast_head_json":{"title":"Ficha do DJUCED | DJFuturo PT-BR","robots":{"index":"noindex","follow":"follow"},"og_locale":"pt_BR","og_type":"article","og_title":"Ficha do DJUCED | DJFuturo PT-BR","og_description":"Baixa o DJUCED Baixar DJUCED para Windows Baixar DJUCED para Mac Desfrute do DJUCED!","og_url":"https:\/\/djfuturo.com\/pt\/ficha-do-djuced\/","og_site_name":"DJFuturo PT-BR","article_modified_time":"2025-06-26T06:16:38+00:00","og_image":[{"width":492,"height":333,"url":"https:\/\/djfuturo.com\/pt\/wp-content\/uploads\/djuced-baixar.jpg","type":"image\/jpeg"}],"twitter_card":"summary_large_image","twitter_misc":{"Est. tempo de leitura":"1 minuto"},"schema":{"@context":"https:\/\/schema.org","@graph":[{"@type":"WebPage","@id":"https:\/\/djfuturo.com\/pt\/ficha-do-djuced\/","url":"https:\/\/djfuturo.com\/pt\/ficha-do-djuced\/","name":"Ficha do DJUCED | DJFuturo PT-BR","isPartOf":{"@id":"https:\/\/djfuturo.com\/pt\/#website"},"primaryImageOfPage":{"@id":"https:\/\/djfuturo.com\/pt\/ficha-do-djuced\/#primaryimage"},"image":{"@id":"https:\/\/djfuturo.com\/pt\/ficha-do-djuced\/#primaryimage"},"thumbnailUrl":"https:\/\/djfuturo.com\/pt\/wp-content\/uploads\/djuced-baixar-300x203.jpg","datePublished":"2025-05-29T18:16:04+00:00","dateModified":"2025-06-26T06:16:38+00:00","breadcrumb":{"@id":"https:\/\/djfuturo.com\/pt\/ficha-do-djuced\/#breadcrumb"},"inLanguage":"pt-BR","potentialAction":[{"@type":"ReadAction","target":["https:\/\/djfuturo.com\/pt\/ficha-do-djuced\/"]}]},{"@type":"ImageObject","inLanguage":"pt-BR","@id":"https:\/\/djfuturo.com\/pt\/ficha-do-djuced\/#primaryimage","url":"https:\/\/djfuturo.com\/pt\/wp-content\/uploads\/djuced-baixar.jpg","contentUrl":"https:\/\/djfuturo.com\/pt\/wp-content\/uploads\/djuced-baixar.jpg","width":492,"height":333,"caption":"DJUCED - Baixar"},{"@type":"BreadcrumbList","@id":"https:\/\/djfuturo.com\/pt\/ficha-do-djuced\/#breadcrumb","itemListElement":[{"@type":"ListItem","position":1,"name":"Home","item":"https:\/\/djfuturo.com\/pt\/"},{"@type":"ListItem","position":2,"name":"Ficha do DJUCED"}]},{"@type":"WebSite","@id":"https:\/\/djfuturo.com\/pt\/#website","url":"https:\/\/djfuturo.com\/pt\/","name":"DJFuturo PT-BR","description":"Software, IA, plugins e ferramentas para m\u00fasica e \u00e1udio.","publisher":{"@id":"https:\/\/djfuturo.com\/pt\/#organization"},"potentialAction":[{"@type":"SearchAction","target":{"@type":"EntryPoint","urlTemplate":"https:\/\/djfuturo.com\/pt\/?s={search_term_string}"},"query-input":{"@type":"PropertyValueSpecification","valueRequired":true,"valueName":"search_term_string"}}],"inLanguage":"pt-BR"},{"@type":"Organization","@id":"https:\/\/djfuturo.com\/pt\/#organization","name":"DJFuturo PT-BR","url":"https:\/\/djfuturo.com\/pt\/","logo":{"@type":"ImageObject","inLanguage":"pt-BR","@id":"https:\/\/djfuturo.com\/pt\/#\/schema\/logo\/image\/","url":"https:\/\/djfuturo.com\/pt\/wp-content\/uploads\/logo-DJFuturo-2.0.png","contentUrl":"https:\/\/djfuturo.com\/pt\/wp-content\/uploads\/logo-DJFuturo-2.0.png","width":696,"height":232,"caption":"DJFuturo PT-BR"},"image":{"@id":"https:\/\/djfuturo.com\/pt\/#\/schema\/logo\/image\/"}}]}},"_links":{"self":[{"href":"https:\/\/djfuturo.com\/pt\/wp-json\/wp\/v2\/pages\/858","targetHints":{"allow":["GET"]}}],"collection":[{"href":"https:\/\/djfuturo.com\/pt\/wp-json\/wp\/v2\/pages"}],"about":[{"href":"https:\/\/djfuturo.com\/pt\/wp-json\/wp\/v2\/types\/page"}],"author":[{"embeddable":true,"href":"https:\/\/djfuturo.com\/pt\/wp-json\/wp\/v2\/users\/1"}],"replies":[{"embeddable":true,"href":"https:\/\/djfuturo.com\/pt\/wp-json\/wp\/v2\/comments?post=858"}],"version-history":[{"count":3,"href":"https:\/\/djfuturo.com\/pt\/wp-json\/wp\/v2\/pages\/858\/revisions"}],"predecessor-version":[{"id":913,"href":"https:\/\/djfuturo.com\/pt\/wp-json\/wp\/v2\/pages\/858\/revisions\/913"}],"wp:attachment":[{"href":"https:\/\/djfuturo.com\/pt\/wp-json\/wp\/v2\/media?parent=858"}],"curies":[{"name":"wp","href":"https:\/\/api.w.org\/{rel}","templated":true}]}}