{"id":862,"date":"2025-05-30T11:21:23","date_gmt":"2025-05-30T10:21:23","guid":{"rendered":"https:\/\/djfuturo.com\/pt\/?page_id=862"},"modified":"2025-06-26T07:16:13","modified_gmt":"2025-06-26T06:16:13","slug":"ficha-do-pro-tools","status":"publish","type":"page","link":"https:\/\/djfuturo.com\/pt\/ficha-do-pro-tools\/","title":{"rendered":"Ficha do Pro Tools"},"content":{"rendered":"<h1 style=\"text-align: center;\">Baixa o Pro Tools<\/h1>\n<p><script async src=\"https:\/\/pagead2.googlesyndication.com\/pagead\/js\/adsbygoogle.js?client=ca-pub-4313414132612852\" crossorigin=\"anonymous\"><\/script><ins class=\"adsbygoogle\" style=\"display: block;\" data-ad-client=\"ca-pub-4313414132612852\" data-ad-slot=\"1491273505\" data-ad-format=\"auto\" data-full-width-responsive=\"true\"><\/ins><script>\n     (adsbygoogle = window.adsbygoogle || []).push({});\n<\/script><\/p>\n<h3><img loading=\"lazy\" decoding=\"async\" class=\"size-medium wp-image-111 aligncenter\" src=\"https:\/\/djfuturo.com\/pt\/wp-content\/uploads\/pro-tools-baixar-300x203.jpg\" alt=\"Pro Tools - Baixar\" width=\"300\" height=\"203\" srcset=\"https:\/\/djfuturo.com\/pt\/wp-content\/uploads\/pro-tools-baixar-300x203.jpg 300w, https:\/\/djfuturo.com\/pt\/wp-content\/uploads\/pro-tools-baixar.jpg 492w\" sizes=\"auto, (max-width: 300px) 100vw, 300px\" \/><\/h3>\n<h3 style=\"text-align: center;\">Download Pro Tools para Windows<\/h3>\n<p style=\"text-align: center;\"><a href=\"https:\/\/my.avid.com\/get\/pro-tools-intro?usertype=individual\" class=\"su-button su-button-style-default\" style=\"color:#242121;background-color:#c0f677;border-color:#9ac560;border-radius:34px\" target=\"_blank\" rel=\"noopener noreferrer\"><span style=\"color:#242121;padding:6px 18px;font-size:14px;line-height:21px;border-color:#d3f9a0;border-radius:34px;text-shadow:none\"><i class=\"sui sui-download\" style=\"font-size:14px;color:#1a2430\"><\/i> Baixar para Windows<\/span><\/a><div class=\"su-spacer\" style=\"height:20px\"><\/div><ins class=\"adsbygoogle\" data-ad-client=\"ca-pub-4313414132612852\" data-ad-slot=\"2716338223\" data-ad-format=\"auto\" data-full-width-responsive=\"true\"><\/ins><\/p>\n<h3 style=\"text-align: center;\">Download Pro Tools para Mac<\/h3>\n<p style=\"text-align: center;\"><a href=\"https:\/\/my.avid.com\/get\/pro-tools-intro?usertype=individual\" class=\"su-button su-button-style-default\" style=\"color:#242121;background-color:#c0f677;border-color:#9ac560;border-radius:34px\" target=\"_blank\" rel=\"noopener noreferrer\"><span style=\"color:#242121;padding:6px 18px;font-size:14px;line-height:21px;border-color:#d3f9a0;border-radius:34px;text-shadow:none\"><i class=\"sui sui-download\" style=\"font-size:14px;color:#1a2430\"><\/i> Baixar para Mac<\/span><\/a><div class=\"su-spacer\" style=\"height:20px\"><\/div>\n<div class=\"su-note post\"  style=\"border-color:#e5e5e5;\"><div class=\"su-note-inner su-u-clearfix su-u-trim\" style=\"background-color:#ffffff;border-color:#ffffff;color:#333333;\">\u2705 Esta \u00e9 a <strong>vers\u00e3o mais recente<\/strong> dispon\u00edvel.<br \/>\n\u2705 <strong>Download r\u00e1pido e 100% seguro<\/strong>, o link vem da fonte oficial, Avid.<br \/>\n\u2139 Esta vers\u00e3o do programa \u00e9 gratuita e introdut\u00f3ria, mas 100% atualizada, abaixo descrevemos suas principais caracter\u00edsticas.<br \/>\n\u2139 A Avid recomenda pelo menos Windows 10 (22H2) ou macOS Monterey 12.7 e 8GB de RAM. <\/div><\/div>\n<blockquote><p>Desfrute do Pro Tools!<\/p><\/blockquote>\n","protected":false},"excerpt":{"rendered":"<p>Baixa o Pro Tools Download Pro Tools para Windows Download Pro Tools para Mac Desfrute do Pro Tools!<\/p>\n","protected":false},"author":1,"featured_media":0,"parent":0,"menu_order":0,"comment_status":"closed","ping_status":"closed","template":"","meta":{"footnotes":""},"class_list":["post-862","page","type-page","status-publish","hentry","wpbf-post"],"yoast_head":"<!-- This site is optimized with the Yoast SEO plugin v24.5 - https:\/\/yoast.com\/wordpress\/plugins\/seo\/ -->\n<title>Ficha do Pro Tools | DJFuturo PT-BR<\/title>\n<meta name=\"robots\" content=\"noindex, follow\" \/>\n<meta property=\"og:locale\" content=\"pt_BR\" \/>\n<meta property=\"og:type\" content=\"article\" \/>\n<meta property=\"og:title\" content=\"Ficha do Pro Tools | DJFuturo PT-BR\" \/>\n<meta property=\"og:description\" content=\"Baixa o Pro Tools Download Pro Tools para Windows Download Pro Tools para Mac Desfrute do Pro Tools!\" \/>\n<meta property=\"og:url\" content=\"https:\/\/djfuturo.com\/pt\/ficha-do-pro-tools\/\" \/>\n<meta property=\"og:site_name\" content=\"DJFuturo PT-BR\" \/>\n<meta property=\"article:modified_time\" content=\"2025-06-26T06:16:13+00:00\" \/>\n<meta property=\"og:image\" content=\"https:\/\/djfuturo.com\/pt\/wp-content\/uploads\/pro-tools-baixar.jpg\" \/>\n\t<meta property=\"og:image:width\" content=\"492\" \/>\n\t<meta property=\"og:image:height\" content=\"333\" \/>\n\t<meta property=\"og:image:type\" content=\"image\/jpeg\" \/>\n<meta name=\"twitter:card\" content=\"summary_large_image\" \/>\n<meta name=\"twitter:label1\" content=\"Est. tempo de leitura\" \/>\n\t<meta name=\"twitter:data1\" content=\"1 minuto\" \/>\n<script type=\"application\/ld+json\" class=\"yoast-schema-graph\">{\"@context\":\"https:\/\/schema.org\",\"@graph\":[{\"@type\":\"WebPage\",\"@id\":\"https:\/\/djfuturo.com\/pt\/ficha-do-pro-tools\/\",\"url\":\"https:\/\/djfuturo.com\/pt\/ficha-do-pro-tools\/\",\"name\":\"Ficha do Pro Tools | DJFuturo PT-BR\",\"isPartOf\":{\"@id\":\"https:\/\/djfuturo.com\/pt\/#website\"},\"primaryImageOfPage\":{\"@id\":\"https:\/\/djfuturo.com\/pt\/ficha-do-pro-tools\/#primaryimage\"},\"image\":{\"@id\":\"https:\/\/djfuturo.com\/pt\/ficha-do-pro-tools\/#primaryimage\"},\"thumbnailUrl\":\"https:\/\/djfuturo.com\/pt\/wp-content\/uploads\/pro-tools-baixar-300x203.jpg\",\"datePublished\":\"2025-05-30T10:21:23+00:00\",\"dateModified\":\"2025-06-26T06:16:13+00:00\",\"breadcrumb\":{\"@id\":\"https:\/\/djfuturo.com\/pt\/ficha-do-pro-tools\/#breadcrumb\"},\"inLanguage\":\"pt-BR\",\"potentialAction\":[{\"@type\":\"ReadAction\",\"target\":[\"https:\/\/djfuturo.com\/pt\/ficha-do-pro-tools\/\"]}]},{\"@type\":\"ImageObject\",\"inLanguage\":\"pt-BR\",\"@id\":\"https:\/\/djfuturo.com\/pt\/ficha-do-pro-tools\/#primaryimage\",\"url\":\"https:\/\/djfuturo.com\/pt\/wp-content\/uploads\/pro-tools-baixar.jpg\",\"contentUrl\":\"https:\/\/djfuturo.com\/pt\/wp-content\/uploads\/pro-tools-baixar.jpg\",\"width\":492,\"height\":333,\"caption\":\"Pro Tools - Baixar\"},{\"@type\":\"BreadcrumbList\",\"@id\":\"https:\/\/djfuturo.com\/pt\/ficha-do-pro-tools\/#breadcrumb\",\"itemListElement\":[{\"@type\":\"ListItem\",\"position\":1,\"name\":\"Home\",\"item\":\"https:\/\/djfuturo.com\/pt\/\"},{\"@type\":\"ListItem\",\"position\":2,\"name\":\"Ficha do Pro Tools\"}]},{\"@type\":\"WebSite\",\"@id\":\"https:\/\/djfuturo.com\/pt\/#website\",\"url\":\"https:\/\/djfuturo.com\/pt\/\",\"name\":\"DJFuturo PT-BR\",\"description\":\"Software, IA, plugins e ferramentas para m\u00fasica e \u00e1udio.\",\"publisher\":{\"@id\":\"https:\/\/djfuturo.com\/pt\/#organization\"},\"potentialAction\":[{\"@type\":\"SearchAction\",\"target\":{\"@type\":\"EntryPoint\",\"urlTemplate\":\"https:\/\/djfuturo.com\/pt\/?s={search_term_string}\"},\"query-input\":{\"@type\":\"PropertyValueSpecification\",\"valueRequired\":true,\"valueName\":\"search_term_string\"}}],\"inLanguage\":\"pt-BR\"},{\"@type\":\"Organization\",\"@id\":\"https:\/\/djfuturo.com\/pt\/#organization\",\"name\":\"DJFuturo PT-BR\",\"url\":\"https:\/\/djfuturo.com\/pt\/\",\"logo\":{\"@type\":\"ImageObject\",\"inLanguage\":\"pt-BR\",\"@id\":\"https:\/\/djfuturo.com\/pt\/#\/schema\/logo\/image\/\",\"url\":\"https:\/\/djfuturo.com\/pt\/wp-content\/uploads\/logo-DJFuturo-2.0.png\",\"contentUrl\":\"https:\/\/djfuturo.com\/pt\/wp-content\/uploads\/logo-DJFuturo-2.0.png\",\"width\":696,\"height\":232,\"caption\":\"DJFuturo PT-BR\"},\"image\":{\"@id\":\"https:\/\/djfuturo.com\/pt\/#\/schema\/logo\/image\/\"}}]}<\/script>\n<!-- \/ Yoast SEO plugin. -->","yoast_head_json":{"title":"Ficha do Pro Tools | DJFuturo PT-BR","robots":{"index":"noindex","follow":"follow"},"og_locale":"pt_BR","og_type":"article","og_title":"Ficha do Pro Tools | DJFuturo PT-BR","og_description":"Baixa o Pro Tools Download Pro Tools para Windows Download Pro Tools para Mac Desfrute do Pro Tools!","og_url":"https:\/\/djfuturo.com\/pt\/ficha-do-pro-tools\/","og_site_name":"DJFuturo PT-BR","article_modified_time":"2025-06-26T06:16:13+00:00","og_image":[{"width":492,"height":333,"url":"https:\/\/djfuturo.com\/pt\/wp-content\/uploads\/pro-tools-baixar.jpg","type":"image\/jpeg"}],"twitter_card":"summary_large_image","twitter_misc":{"Est. tempo de leitura":"1 minuto"},"schema":{"@context":"https:\/\/schema.org","@graph":[{"@type":"WebPage","@id":"https:\/\/djfuturo.com\/pt\/ficha-do-pro-tools\/","url":"https:\/\/djfuturo.com\/pt\/ficha-do-pro-tools\/","name":"Ficha do Pro Tools | DJFuturo PT-BR","isPartOf":{"@id":"https:\/\/djfuturo.com\/pt\/#website"},"primaryImageOfPage":{"@id":"https:\/\/djfuturo.com\/pt\/ficha-do-pro-tools\/#primaryimage"},"image":{"@id":"https:\/\/djfuturo.com\/pt\/ficha-do-pro-tools\/#primaryimage"},"thumbnailUrl":"https:\/\/djfuturo.com\/pt\/wp-content\/uploads\/pro-tools-baixar-300x203.jpg","datePublished":"2025-05-30T10:21:23+00:00","dateModified":"2025-06-26T06:16:13+00:00","breadcrumb":{"@id":"https:\/\/djfuturo.com\/pt\/ficha-do-pro-tools\/#breadcrumb"},"inLanguage":"pt-BR","potentialAction":[{"@type":"ReadAction","target":["https:\/\/djfuturo.com\/pt\/ficha-do-pro-tools\/"]}]},{"@type":"ImageObject","inLanguage":"pt-BR","@id":"https:\/\/djfuturo.com\/pt\/ficha-do-pro-tools\/#primaryimage","url":"https:\/\/djfuturo.com\/pt\/wp-content\/uploads\/pro-tools-baixar.jpg","contentUrl":"https:\/\/djfuturo.com\/pt\/wp-content\/uploads\/pro-tools-baixar.jpg","width":492,"height":333,"caption":"Pro Tools - Baixar"},{"@type":"BreadcrumbList","@id":"https:\/\/djfuturo.com\/pt\/ficha-do-pro-tools\/#breadcrumb","itemListElement":[{"@type":"ListItem","position":1,"name":"Home","item":"https:\/\/djfuturo.com\/pt\/"},{"@type":"ListItem","position":2,"name":"Ficha do Pro Tools"}]},{"@type":"WebSite","@id":"https:\/\/djfuturo.com\/pt\/#website","url":"https:\/\/djfuturo.com\/pt\/","name":"DJFuturo PT-BR","description":"Software, IA, plugins e ferramentas para m\u00fasica e \u00e1udio.","publisher":{"@id":"https:\/\/djfuturo.com\/pt\/#organization"},"potentialAction":[{"@type":"SearchAction","target":{"@type":"EntryPoint","urlTemplate":"https:\/\/djfuturo.com\/pt\/?s={search_term_string}"},"query-input":{"@type":"PropertyValueSpecification","valueRequired":true,"valueName":"search_term_string"}}],"inLanguage":"pt-BR"},{"@type":"Organization","@id":"https:\/\/djfuturo.com\/pt\/#organization","name":"DJFuturo PT-BR","url":"https:\/\/djfuturo.com\/pt\/","logo":{"@type":"ImageObject","inLanguage":"pt-BR","@id":"https:\/\/djfuturo.com\/pt\/#\/schema\/logo\/image\/","url":"https:\/\/djfuturo.com\/pt\/wp-content\/uploads\/logo-DJFuturo-2.0.png","contentUrl":"https:\/\/djfuturo.com\/pt\/wp-content\/uploads\/logo-DJFuturo-2.0.png","width":696,"height":232,"caption":"DJFuturo PT-BR"},"image":{"@id":"https:\/\/djfuturo.com\/pt\/#\/schema\/logo\/image\/"}}]}},"_links":{"self":[{"href":"https:\/\/djfuturo.com\/pt\/wp-json\/wp\/v2\/pages\/862","targetHints":{"allow":["GET"]}}],"collection":[{"href":"https:\/\/djfuturo.com\/pt\/wp-json\/wp\/v2\/pages"}],"about":[{"href":"https:\/\/djfuturo.com\/pt\/wp-json\/wp\/v2\/types\/page"}],"author":[{"embeddable":true,"href":"https:\/\/djfuturo.com\/pt\/wp-json\/wp\/v2\/users\/1"}],"replies":[{"embeddable":true,"href":"https:\/\/djfuturo.com\/pt\/wp-json\/wp\/v2\/comments?post=862"}],"version-history":[{"count":2,"href":"https:\/\/djfuturo.com\/pt\/wp-json\/wp\/v2\/pages\/862\/revisions"}],"predecessor-version":[{"id":911,"href":"https:\/\/djfuturo.com\/pt\/wp-json\/wp\/v2\/pages\/862\/revisions\/911"}],"wp:attachment":[{"href":"https:\/\/djfuturo.com\/pt\/wp-json\/wp\/v2\/media?parent=862"}],"curies":[{"name":"wp","href":"https:\/\/api.w.org\/{rel}","templated":true}]}}